{"id":3576,"date":"2025-04-23T16:26:46","date_gmt":"2025-04-23T16:26:46","guid":{"rendered":"https:\/\/leccohostel.com\/verordnung\/"},"modified":"2025-05-28T07:05:46","modified_gmt":"2025-05-28T07:05:46","slug":"verordnung","status":"publish","type":"page","link":"https:\/\/leccohostel.com\/de\/verordnung\/","title":{"rendered":"Verordnung"},"content":{"rendered":"[vc_row type=&#8220;in_container&#8220; full_screen_row_position=&#8220;middle&#8220; column_margin=&#8220;default&#8220; column_direction=&#8220;default&#8220; column_direction_tablet=&#8220;default&#8220; column_direction_phone=&#8220;default&#8220; scene_position=&#8220;center&#8220; top_padding=&#8220;4%&#8220; constrain_group_1=&#8220;yes&#8220; bottom_padding=&#8220;4%&#8220; text_color=&#8220;dark&#8220; text_align=&#8220;left&#8220; row_border_radius=&#8220;none&#8220; row_border_radius_applies=&#8220;bg&#8220; overflow=&#8220;visible&#8220; overlay_strength=&#8220;0.3&#8243; gradient_direction=&#8220;left_to_right&#8220; shape_divider_position=&#8220;bottom&#8220; bg_image_animation=&#8220;none&#8220; gradient_type=&#8220;default&#8220; shape_type=&#8220;&#8220;][vc_column column_padding=&#8220;no-extra-padding&#8220; column_padding_tablet=&#8220;inherit&#8220; column_padding_phone=&#8220;inherit&#8220; column_padding_position=&#8220;all&#8220; column_element_direction_desktop=&#8220;default&#8220; column_element_spacing=&#8220;default&#8220; desktop_text_alignment=&#8220;default&#8220; tablet_text_alignment=&#8220;default&#8220; phone_text_alignment=&#8220;default&#8220; background_color_opacity=&#8220;1&#8243; background_hover_color_opacity=&#8220;1&#8243; column_backdrop_filter=&#8220;none&#8220; column_shadow=&#8220;none&#8220; column_border_radius=&#8220;none&#8220; column_link_target=&#8220;_self&#8220; column_position=&#8220;default&#8220; gradient_direction=&#8220;left_to_right&#8220; overlay_strength=&#8220;0.3&#8243; width=&#8220;1\/1&#8243; tablet_width_inherit=&#8220;default&#8220; animation_type=&#8220;default&#8220; bg_image_animation=&#8220;none&#8220; border_type=&#8220;simple&#8220; column_border_width=&#8220;none&#8220; column_border_style=&#8220;solid&#8220;][split_line_heading animation_type=&#8220;line-reveal-by-space&#8220; font_style=&#8220;h1&#8243; text_color=&#8220;#000000&#8243; line_reveal_by_space_text_effect=&#8220;default&#8220; stagger_animation=&#8220;true&#8220; mobile_disable_animation=&#8220;true&#8220; content_alignment=&#8220;default&#8220; mobile_content_alignment=&#8220;inherit&#8220; link_target=&#8220;_self&#8220; text_content=&#8220;Verordnung&#8220; font_line_height=&#8220;1.3&#8243; text_direction=&#8220;default&#8220;][\/split_line_heading][nectar_responsive_text inherited_font_style=&#8220;default&#8220; text_color=&#8220;#000000&#8243; text_direction=&#8220;default&#8220;]Die Herberge ist eine Nicht-Hotel-Unterkunft, die G\u00e4sten zur Verf\u00fcgung steht und die ihren Grundwert in gegenseitigem Respekt und friedlichem Zusammenleben findet.<\/p>\n<p>Die Aufnahme in das Wohnheim setzt die volle Akzeptanz und Einhaltung dieser Regeln voraus, die durch zus\u00e4tzliche Hinweise der Direktion erg\u00e4nzt oder ge\u00e4ndert werden k\u00f6nnen.<\/p>\n<p>&nbsp;<\/p>\n<ol>\n<li><strong>Stornierungsbedingungen und Hausordnung :<\/strong><\/li>\n<\/ol>\n<p>Um Ihre Reservierung kostenlos zu stornieren, m\u00fcssen Sie dies mindestens 48 Stunden vor Ihrer Ankunft tun. Diese Regelung gilt nur f\u00fcr FLEXIBLE RATES. Wenn Sie eine PREPAID RATE gebucht haben, wird Ihnen der volle Buchungsbetrag in Rechnung gestellt, unabh\u00e4ngig davon, wann die Stornierung vorgenommen wird.  <\/p>\n<p>Wenn Sie Ihre Reservierung stornieren oder \u00e4ndern m\u00fcssen, kontaktieren Sie uns bitte unter <a href=\"mailto:\/\/info@leccohostel.com\/de\/\">info@leccohostel.com<\/a> oder unter +39 0341 209656.<\/p>\n<p>&nbsp;<\/p>\n<ol start=\"2\">\n<li><strong>Ank\u00fcnfte und Abfl\u00fcge<\/strong><\/li>\n<\/ol>\n<p>Der Check-in ist ab 14:00 Uhr m\u00f6glich. Wenn Sie vor dieser Zeit ankommen, haben wir einen bequemen Gep\u00e4ckraum: Lassen Sie Ihre Taschen dort und gehen Sie auf Entdeckungstour! <\/p>\n<p>Der Check-out erfolgt bis 10 Uhr morgens. Bitte stellen Sie sicher, dass Sie Ihr Zimmer zu dieser Zeit verlassen. Sie k\u00f6nnen Ihr Gep\u00e4ck auch nach dem Check-out kostenlos an der Rezeption abgeben. Im Falle einer Versp\u00e4tung werden Sie gebeten, einen Aufpreis zu zahlen.   <\/p>\n<p>&nbsp;<\/p>\n<ol start=\"3\">\n<li><strong>Online Check-in und Identifizierung<\/strong><\/li>\n<\/ol>\n<p>Die Jugendherberge Lecco verwendet die Welcome App, um G\u00e4ste vor ihrer Ankunft in der Jugendherberge per Self-Check-in online zu registrieren. \u00dcber diese App muss jeder Gast seine Daten und einen g\u00fcltigen Lichtbildausweis angeben. Die Online-Registrierung ist obligatorisch. Wer sich nicht vor seiner Ankunft in der Herberge registriert, wird an der Rezeption dazu aufgefordert.  <\/p>\n<p>F\u00fcr jede get\u00e4tigte Reservierung erh\u00e4lt der Buchende eine E-Mail mit allen Anweisungen, die er befolgen muss, um die Registrierung aller G\u00e4ste vor ihrer Ankunft in der Herberge online abzuschlie\u00dfen.<\/p>\n<p>Um in der Herberge einzuchecken und Ihre Zimmerschl\u00fcssel zu erhalten, m\u00fcssen Sie denselben Ausweis mitbringen, den Sie bei der Online-Anmeldung angegeben haben.<\/p>\n<p>G\u00e4ste ohne g\u00fcltiges Ausweisdokument k\u00f6nnen nicht einchecken und die Reservierung wird storniert. Die erste Nacht der Reservierung wird Ihnen in Rechnung gestellt und wird in diesem Fall nicht erstattet. <\/p>\n<p>&nbsp;<\/p>\n<ol start=\"4\">\n<li><strong>Preise und Steuern<\/strong><\/li>\n<\/ol>\n<p>Alle Preise sind in Euro angegeben. Die Preise f\u00fcr ZIMMER gelten pro Person und Nacht, die Preise f\u00fcr PRIVATZIMMER gelten pro Zimmer und Nacht, unabh\u00e4ngig von der Anzahl der Personen im Zimmer. <\/p>\n<p>Die Preise enthalten keine Kurtaxe, die f\u00fcr unsere Herberge 1,50 \u20ac pro Person und Nacht betr\u00e4gt. Die Kurtaxe wird auf den Tagespreis f\u00fcr das Bett\/Zimmer aufgeschlagen und beim Check-in berechnet. (G\u00e4ste unter 14 Jahren sind von der Kurtaxe befreit und m\u00fcssen beim Check-in eine Freistellungserkl\u00e4rung ausf\u00fcllen und unterschreiben)  <\/p>\n<p>Die Preise enthalten die Mehrwertsteuer.<\/p>\n<p>Im Falle einer Verl\u00e4ngerung der Reservierung gelten die Tarife, die zum Zeitpunkt der Verl\u00e4ngerung g\u00fcltig sind.<\/p>\n<p>&nbsp;<\/p>\n<ol start=\"5\">\n<li><strong>Zahlungen<\/strong><\/li>\n<\/ol>\n<p>Der f\u00fcr die Reservierung f\u00e4llige Betrag muss beim Check-in bezahlt werden.<\/p>\n<p>Um ein Bett bei uns zu buchen, ist es notwendig, die Daten Ihrer Kreditkarte als Garantie anzugeben. Die Jugendherberge Lecco beh\u00e4lt sich das Recht vor, bei Nichterscheinen, versp\u00e4teter Stornierung durch den Gast oder vorzeitiger Abreise den GESAMTEN BETRAG der Buchung in Rechnung zu stellen. <\/p>\n<p>Bitte beachten Sie, dass wir Zahlungen in bar, per Kreditkarte und Bank\u00fcberweisung akzeptieren.<\/p>\n<ol start=\"6\">\n<li><strong>Altersbeschr\u00e4nkungen<\/strong><\/li>\n<\/ol>\n<p>G\u00e4ste unter 18 Jahren k\u00f6nnen nicht in den Schlafs\u00e4len \u00fcbernachten. Sie m\u00fcssen Privatzimmer buchen, auch wenn sie von ihren Eltern begleitet werden.<\/p>\n<p>Dar\u00fcber hinaus m\u00fcssen G\u00e4ste unter 18 Jahren:<\/p>\n<p>&#8211; von mindestens einem Erwachsenen (18 Jahre) begleitet werden<br \/>\n&#8211; bei der Abfertigung die ausgedruckte und von den Eltern unterzeichnete Vollmacht vorlegen, wenn sie nicht mit ihnen reisen<a href=\"https:\/\/leccohostel.com\/de\/wp-content\/uploads\/2023\/06\/Modulo-minorenni.docx\">(das Formular Juvenile kann hier heruntergeladen werden<\/a>).<br \/>\n&#8211; Kopien der Dokumente ihrer Eltern vorlegen<br \/>\n&#8211; ihren Personalausweis vorlegen<\/p>\n<p>&nbsp;<\/p>\n<ol start=\"7\">\n<li><strong>Zimmerzuweisung<\/strong><\/li>\n<\/ol>\n<p>Sofern Sie kein PRIVATZIMMER w\u00e4hlen, bezieht sich die Reservierung auf ein BETT IN EINEM GEMEINSAMEN SCHLAFZIMMER. Die Reservierung der maximalen Anzahl von Betten in einem Schlafsaal bedeutet nicht, dass ein ganzer Schlafsaal reserviert wird; die f\u00fcr die Reservierung zugewiesenen Betten k\u00f6nnen sich je nach Verf\u00fcgbarkeit in verschiedenen Schlafs\u00e4len befinden. <\/p>\n<p>Wenn Sie mit Freunden oder der Familie reisen, empfehlen wir Ihnen, PRIVATZIMMER zu buchen, damit Sie zusammen bleiben k\u00f6nnen.<\/p>\n<p>Bitte beachten Sie, dass wir FEMALE, MALE oder MIXED (Jungen und M\u00e4dchen) ZIMMERBETTEN haben. Seien Sie also vorsichtig, wenn Sie Ihr Bett buchen und vergewissern Sie sich, dass Sie die richtige Art von Schlafsaal w\u00e4hlen. <\/p>\n<p>&nbsp;<\/p>\n<ol start=\"8\">\n<li><strong>Elektronische Zimmerschl\u00fcssel<\/strong><\/li>\n<\/ol>\n<p>Beim Einchecken erhalten Sie eine elektronische Schl\u00fcsselkarte, mit der Sie Zugang zur Herberge und zu Ihrem Zimmer haben. Sollten Sie Ihre Schl\u00fcsselkarte verlieren, werden Ihnen 10,00 \u20ac f\u00fcr den Ersatz berechnet. <\/p>\n<p>&nbsp;<\/p>\n<ol start=\"9\">\n<li><strong>Verhalten der G\u00e4ste<\/strong><\/li>\n<\/ol>\n<p>Der Komfort, die Sicherheit und der Schutz unserer G\u00e4ste sind f\u00fcr uns sehr wichtig. G\u00e4ste, die nach Ansicht unseres Personals den Komfort, die Sicherheit oder die Sicherheit anderer G\u00e4ste, des Personals oder der Anwohner gef\u00e4hrden, werden aufgefordert, die Herberge ohne Erstattung zu verlassen. Von den G\u00e4sten wird erwartet, dass sie andere G\u00e4ste, das Personal, die Anwohner und das Grundst\u00fcck respektieren.  <\/p>\n<ul>\n<li><u>Nachtruhe<\/u><\/li>\n<\/ul>\n<p>Wir bitten Sie, die gesetzlich vorgeschriebenen Ruhezeiten einzuhalten und zwischen 22 Uhr und 7 Uhr morgens keinen L\u00e4rm zu machen. Auch wenn Sie Ger\u00e4te benutzen, halten Sie die Lautst\u00e4rke bitte in Grenzen, um die anderen G\u00e4ste nicht zu st\u00f6ren. <\/p>\n<p>&nbsp;<\/p>\n<ul>\n<li><u>Lebensmittelkonsum<\/u><\/li>\n<\/ul>\n<p>Aus hygienischen und sicherheitstechnischen Gr\u00fcnden ist die Zubereitung und der Verzehr von Speisen in den Zimmern verboten (Feueralarm installiert)<\/p>\n<p>&nbsp;<\/p>\n<ul>\n<li><u>Nicht rauchen\/keine Drogen<\/u><\/li>\n<\/ul>\n<p>Das Gesetz verbietet das Rauchen innerhalb des Wohnheims sowie den Konsum von Drogen.<\/p>\n<p>G\u00e4ste k\u00f6nnen vor dem Geb\u00e4ude rauchen, direkt vor dem Haus.<\/p>\n<p>&nbsp;<\/p>\n<ul>\n<li><u>Alkoholkonsum<\/u><\/li>\n<\/ul>\n<p>Wir schenken keine alkoholischen Getr\u00e4nke an Personen unter 18 Jahren aus.<\/p>\n<p>G\u00e4ste d\u00fcrfen keinen eigenen Alkohol in das Lecco Hostel mitbringen. Alkoholische Getr\u00e4nke d\u00fcrfen nur an der Hostelbar gekauft werden. Alkohol ist in den Schlafs\u00e4len nicht erlaubt. <\/p>\n<p>&nbsp;<\/p>\n<ol start=\"10\">\n<li><strong>Pers\u00f6nliches Eigentum<\/strong><\/li>\n<\/ol>\n<p>Jedes Bett hat einen pers\u00f6nlichen Spind im Schlafsaal. Es liegt in der Verantwortung des Gastes, daf\u00fcr zu sorgen, dass die pers\u00f6nlichen Gegenst\u00e4nde jederzeit sicher aufbewahrt werden. Das Lecco Hostel \u00fcbernimmt keine Verantwortung f\u00fcr den Verlust, Diebstahl oder die Besch\u00e4digung von pers\u00f6nlichen Gegenst\u00e4nden der G\u00e4ste. Wir empfehlen unseren G\u00e4sten, ein Vorh\u00e4ngeschloss f\u00fcr Ihr Gep\u00e4ck und Ihre Schlie\u00dff\u00e4cher mitzubringen. Vorh\u00e4ngeschl\u00f6sser sind an der Rezeption erh\u00e4ltlich.    <\/p>\n<p>&nbsp;<\/p>\n<ol start=\"11\">\n<li><strong>Besch\u00e4digung des Eigentums der Herberge Lecco<\/strong><\/li>\n<\/ol>\n<p>Die G\u00e4ste sind verpflichtet, dem Lecco Hostel alle Sch\u00e4den zu ersetzen, die durch unangemessenes Verhalten w\u00e4hrend ihres Aufenthalts entstehen. Jeder Betrag wird von der bei der Buchung angegebenen Kreditkarte abgebucht. <\/p>\n<p>&nbsp;<\/p>\n<ol start=\"12\">\n<li><strong>Verantwortung<\/strong><\/li>\n<\/ol>\n<p>Mit Ausnahme von Todesf\u00e4llen oder Personensch\u00e4den, die durch unsere Fahrl\u00e4ssigkeit verursacht wurden, ist die Haftung des Lecco Hostels immer auf den Wert der gebuchten Leistungen beschr\u00e4nkt.<\/p>\n<p>&nbsp;<\/p>\n<ol start=\"13\">\n<li><strong>Irrt\u00fcmer und Auslassungen<\/strong><\/li>\n<\/ol>\n<p>Etwaige Auslassungen oder Fehler in den Verkaufsunterlagen, Webseiten\/Websites, Bestellformularen, Angeboten, Preislisten, Auftragsbest\u00e4tigungen, Versandscheinen, Rechnungen oder anderen von Lecco Hostel ausgestellten Dokumenten k\u00f6nnen von Lecco Hostel ohne jegliche Haftung korrigiert werden. Wir werden Sie zum Zeitpunkt der Buchung oder so schnell wie m\u00f6glich \u00fcber alle \u00c4nderungen informieren. <\/p>\n<p>&nbsp;<\/p>\n<ol start=\"14\">\n<li><strong>Diskretion<\/strong><\/li>\n<\/ol>\n<p>Alle Buchungen sind abh\u00e4ngig von der Verf\u00fcgbarkeit und das Lecco Hostel beh\u00e4lt sich das Recht vor, jede Buchung nach eigenem Ermessen abzulehnen. Der maximale Aufenthalt in unserer Einrichtung darf 15 Tage nicht \u00fcberschreiten, auch wenn er nicht ununterbrochen ist. <\/p>\n<p>Personen, die sich in einem offensichtlich psychophysisch ver\u00e4nderten Zustand befinden, d\u00fcrfen nicht untergebracht werden.<\/p>\n<p>&nbsp;<\/p>\n<ol start=\"15\">\n<li><strong>Besucher<\/strong><\/li>\n<\/ol>\n<p>Der Zugang zur Zimmeretage (erster Stock) ist ausschlie\u00dflich f\u00fcr registrierte G\u00e4ste reserviert.<\/p>\n<p>Personen von au\u00dferhalb der Herberge, die keine regul\u00e4re Reservierung vorgenommen haben, ist der Zutritt nicht gestattet.<\/p>\n<p>Es ist nicht gestattet, andere Zimmer als das zugewiesene Zimmer oder das Zimmer, in dem sich das zugewiesene Bett befindet, zu betreten. Auch ein vor\u00fcbergehender Wechsel der ZIMMER\/BETTEN ist nicht gestattet, es sei denn, die Rezeption hat dies genehmigt. <\/p>\n<p>&nbsp;<\/p>\n<ol start=\"16\">\n<li><strong>Schutz der Umwelt<\/strong><\/li>\n<\/ol>\n<p>Bitte beschr\u00e4nken Sie Ihren Wasser- und Stromverbrauch auf das N\u00f6tigste und trennen Sie Ihren Abfall so weit wie m\u00f6glich, indem Sie die Abfallbeh\u00e4lter auf den Etagen benutzen.<\/p>\n<p>&nbsp;<\/p>\n<ol start=\"17\">\n<li><strong>Reklamationen<\/strong><\/li>\n<\/ol>\n<p>Jegliche Beschwerden oder Unzul\u00e4nglichkeiten m\u00fcssen dem Empfangspersonal SOFORT gemeldet werden.[\/nectar_responsive_text][\/vc_column][\/vc_row]\n","protected":false},"excerpt":{"rendered":"<p>[vc_row type=&#8220;in_container&#8220; full_screen_row_position=&#8220;middle&#8220; column_margin=&#8220;default&#8220; column_direction=&#8220;default&#8220; column_direction_tablet=&#8220;default&#8220; column_direction_phone=&#8220;default&#8220; scene_position=&#8220;center&#8220; top_padding=&#8220;4%&#8220; constrain_group_1=&#8220;yes&#8220; bottom_padding=&#8220;4%&#8220; text_color=&#8220;dark&#8220; text_align=&#8220;left&#8220; row_border_radius=&#8220;none&#8220; row_border_radius_applies=&#8220;bg&#8220; overflow=&#8220;visible&#8220; overlay_strength=&#8220;0.3&#8243; gradient_direction=&#8220;left_to_right&#8220; shape_divider_position=&#8220;bottom&#8220; bg_image_animation=&#8220;none&#8220; gradient_type=&#8220;default&#8220; shape_type=&#8220;&#8220;][vc_column column_padding=&#8220;no-extra-padding&#8220; column_padding_tablet=&#8220;inherit&#8220; column_padding_phone=&#8220;inherit&#8220; column_padding_position=&#8220;all&#8220; column_element_direction_desktop=&#8220;default&#8220; column_element_spacing=&#8220;default&#8220; desktop_text_alignment=&#8220;default&#8220; tablet_text_alignment=&#8220;default&#8220;&#8230;<\/p>\n","protected":false},"author":1,"featured_media":0,"parent":0,"menu_order":0,"comment_status":"closed","ping_status":"closed","template":"","meta":{"footnotes":""},"class_list":["post-3576","page","type-page","status-publish"],"yoast_head":"<!-- This site is optimized with the Yoast SEO plugin v25.3 - https:\/\/yoast.com\/wordpress\/plugins\/seo\/ -->\n<title>Verordnung - Lecco Hostel &amp; Rooms<\/title>\n<meta name=\"robots\" content=\"index, follow, max-snippet:-1, max-image-preview:large, max-video-preview:-1\" \/>\n<link rel=\"canonical\" href=\"https:\/\/leccohostel.com\/de\/verordnung\/\" \/>\n<meta property=\"og:locale\" content=\"de_DE\" \/>\n<meta property=\"og:type\" content=\"article\" \/>\n<meta property=\"og:title\" content=\"Verordnung - Lecco Hostel &amp; Rooms\" \/>\n<meta property=\"og:description\" content=\"[vc_row type=&#8220;in_container&#8220; full_screen_row_position=&#8220;middle&#8220; column_margin=&#8220;default&#8220; column_direction=&#8220;default&#8220; column_direction_tablet=&#8220;default&#8220; column_direction_phone=&#8220;default&#8220; scene_position=&#8220;center&#8220; top_padding=&#8220;4%&#8220; constrain_group_1=&#8220;yes&#8220; bottom_padding=&#8220;4%&#8220; text_color=&#8220;dark&#8220; text_align=&#8220;left&#8220; row_border_radius=&#8220;none&#8220; row_border_radius_applies=&#8220;bg&#8220; overflow=&#8220;visible&#8220; overlay_strength=&#8220;0.3&#8243; gradient_direction=&#8220;left_to_right&#8220; shape_divider_position=&#8220;bottom&#8220; bg_image_animation=&#8220;none&#8220; gradient_type=&#8220;default&#8220; shape_type=&#8220;&#8220;][vc_column column_padding=&#8220;no-extra-padding&#8220; column_padding_tablet=&#8220;inherit&#8220; column_padding_phone=&#8220;inherit&#8220; column_padding_position=&#8220;all&#8220; column_element_direction_desktop=&#8220;default&#8220; column_element_spacing=&#8220;default&#8220; desktop_text_alignment=&#8220;default&#8220; tablet_text_alignment=&#8220;default&#8220;...\" \/>\n<meta property=\"og:url\" content=\"https:\/\/leccohostel.com\/de\/verordnung\/\" \/>\n<meta property=\"og:site_name\" content=\"Lecco Hostel &amp; Rooms\" \/>\n<meta property=\"article:publisher\" content=\"https:\/\/www.facebook.com\/leccohostel\/\" \/>\n<meta property=\"article:modified_time\" content=\"2025-05-28T07:05:46+00:00\" \/>\n<meta name=\"twitter:card\" content=\"summary_large_image\" \/>\n<meta name=\"twitter:label1\" content=\"Gesch\u00e4tzte Lesezeit\" \/>\n\t<meta name=\"twitter:data1\" content=\"8\u00a0Minuten\" \/>\n<script type=\"application\/ld+json\" class=\"yoast-schema-graph\">{\"@context\":\"https:\/\/schema.org\",\"@graph\":[{\"@type\":\"WebPage\",\"@id\":\"https:\/\/leccohostel.com\/de\/verordnung\/\",\"url\":\"https:\/\/leccohostel.com\/de\/verordnung\/\",\"name\":\"Verordnung - Lecco Hostel &amp; Rooms\",\"isPartOf\":{\"@id\":\"https:\/\/leccohostel.com\/de\/#website\"},\"datePublished\":\"2025-04-23T16:26:46+00:00\",\"dateModified\":\"2025-05-28T07:05:46+00:00\",\"breadcrumb\":{\"@id\":\"https:\/\/leccohostel.com\/de\/verordnung\/#breadcrumb\"},\"inLanguage\":\"de\",\"potentialAction\":[{\"@type\":\"ReadAction\",\"target\":[\"https:\/\/leccohostel.com\/de\/verordnung\/\"]}]},{\"@type\":\"BreadcrumbList\",\"@id\":\"https:\/\/leccohostel.com\/de\/verordnung\/#breadcrumb\",\"itemListElement\":[{\"@type\":\"ListItem\",\"position\":1,\"name\":\"Home\",\"item\":\"https:\/\/leccohostel.com\/de\/\"},{\"@type\":\"ListItem\",\"position\":2,\"name\":\"Verordnung\"}]},{\"@type\":\"WebSite\",\"@id\":\"https:\/\/leccohostel.com\/de\/#website\",\"url\":\"https:\/\/leccohostel.com\/de\/\",\"name\":\"Lecco Hostel & Rooms\",\"description\":\"Ostello, Hotel &amp; Ristorante. Prenota ora!\",\"publisher\":{\"@id\":\"https:\/\/leccohostel.com\/de\/#organization\"},\"potentialAction\":[{\"@type\":\"SearchAction\",\"target\":{\"@type\":\"EntryPoint\",\"urlTemplate\":\"https:\/\/leccohostel.com\/de\/?s={search_term_string}\"},\"query-input\":{\"@type\":\"PropertyValueSpecification\",\"valueRequired\":true,\"valueName\":\"search_term_string\"}}],\"inLanguage\":\"de\"},{\"@type\":\"Organization\",\"@id\":\"https:\/\/leccohostel.com\/de\/#organization\",\"name\":\"Lecco Hostel & Rooms\",\"url\":\"https:\/\/leccohostel.com\/de\/\",\"logo\":{\"@type\":\"ImageObject\",\"inLanguage\":\"de\",\"@id\":\"https:\/\/leccohostel.com\/de\/#\/schema\/logo\/image\/\",\"url\":\"https:\/\/leccohostel.com\/wp-content\/uploads\/2025\/04\/cropped-favicon.png\",\"contentUrl\":\"https:\/\/leccohostel.com\/wp-content\/uploads\/2025\/04\/cropped-favicon.png\",\"width\":512,\"height\":512,\"caption\":\"Lecco Hostel & Rooms\"},\"image\":{\"@id\":\"https:\/\/leccohostel.com\/de\/#\/schema\/logo\/image\/\"},\"sameAs\":[\"https:\/\/www.facebook.com\/leccohostel\/\",\"https:\/\/www.instagram.com\/leccohostel\/?__d=1\"]}]}<\/script>\n<!-- \/ Yoast SEO plugin. -->","yoast_head_json":{"title":"Verordnung - Lecco Hostel &amp; Rooms","robots":{"index":"index","follow":"follow","max-snippet":"max-snippet:-1","max-image-preview":"max-image-preview:large","max-video-preview":"max-video-preview:-1"},"canonical":"https:\/\/leccohostel.com\/de\/verordnung\/","og_locale":"de_DE","og_type":"article","og_title":"Verordnung - Lecco Hostel &amp; Rooms","og_description":"[vc_row type=&#8220;in_container&#8220; full_screen_row_position=&#8220;middle&#8220; column_margin=&#8220;default&#8220; column_direction=&#8220;default&#8220; column_direction_tablet=&#8220;default&#8220; column_direction_phone=&#8220;default&#8220; scene_position=&#8220;center&#8220; top_padding=&#8220;4%&#8220; constrain_group_1=&#8220;yes&#8220; bottom_padding=&#8220;4%&#8220; text_color=&#8220;dark&#8220; text_align=&#8220;left&#8220; row_border_radius=&#8220;none&#8220; row_border_radius_applies=&#8220;bg&#8220; overflow=&#8220;visible&#8220; overlay_strength=&#8220;0.3&#8243; gradient_direction=&#8220;left_to_right&#8220; shape_divider_position=&#8220;bottom&#8220; bg_image_animation=&#8220;none&#8220; gradient_type=&#8220;default&#8220; shape_type=&#8220;&#8220;][vc_column column_padding=&#8220;no-extra-padding&#8220; column_padding_tablet=&#8220;inherit&#8220; column_padding_phone=&#8220;inherit&#8220; column_padding_position=&#8220;all&#8220; column_element_direction_desktop=&#8220;default&#8220; column_element_spacing=&#8220;default&#8220; desktop_text_alignment=&#8220;default&#8220; tablet_text_alignment=&#8220;default&#8220;...","og_url":"https:\/\/leccohostel.com\/de\/verordnung\/","og_site_name":"Lecco Hostel &amp; Rooms","article_publisher":"https:\/\/www.facebook.com\/leccohostel\/","article_modified_time":"2025-05-28T07:05:46+00:00","twitter_card":"summary_large_image","twitter_misc":{"Gesch\u00e4tzte Lesezeit":"8\u00a0Minuten"},"schema":{"@context":"https:\/\/schema.org","@graph":[{"@type":"WebPage","@id":"https:\/\/leccohostel.com\/de\/verordnung\/","url":"https:\/\/leccohostel.com\/de\/verordnung\/","name":"Verordnung - Lecco Hostel &amp; Rooms","isPartOf":{"@id":"https:\/\/leccohostel.com\/de\/#website"},"datePublished":"2025-04-23T16:26:46+00:00","dateModified":"2025-05-28T07:05:46+00:00","breadcrumb":{"@id":"https:\/\/leccohostel.com\/de\/verordnung\/#breadcrumb"},"inLanguage":"de","potentialAction":[{"@type":"ReadAction","target":["https:\/\/leccohostel.com\/de\/verordnung\/"]}]},{"@type":"BreadcrumbList","@id":"https:\/\/leccohostel.com\/de\/verordnung\/#breadcrumb","itemListElement":[{"@type":"ListItem","position":1,"name":"Home","item":"https:\/\/leccohostel.com\/de\/"},{"@type":"ListItem","position":2,"name":"Verordnung"}]},{"@type":"WebSite","@id":"https:\/\/leccohostel.com\/de\/#website","url":"https:\/\/leccohostel.com\/de\/","name":"Lecco Hostel & Rooms","description":"Ostello, Hotel &amp; Ristorante. Prenota ora!","publisher":{"@id":"https:\/\/leccohostel.com\/de\/#organization"},"potentialAction":[{"@type":"SearchAction","target":{"@type":"EntryPoint","urlTemplate":"https:\/\/leccohostel.com\/de\/?s={search_term_string}"},"query-input":{"@type":"PropertyValueSpecification","valueRequired":true,"valueName":"search_term_string"}}],"inLanguage":"de"},{"@type":"Organization","@id":"https:\/\/leccohostel.com\/de\/#organization","name":"Lecco Hostel & Rooms","url":"https:\/\/leccohostel.com\/de\/","logo":{"@type":"ImageObject","inLanguage":"de","@id":"https:\/\/leccohostel.com\/de\/#\/schema\/logo\/image\/","url":"https:\/\/leccohostel.com\/wp-content\/uploads\/2025\/04\/cropped-favicon.png","contentUrl":"https:\/\/leccohostel.com\/wp-content\/uploads\/2025\/04\/cropped-favicon.png","width":512,"height":512,"caption":"Lecco Hostel & Rooms"},"image":{"@id":"https:\/\/leccohostel.com\/de\/#\/schema\/logo\/image\/"},"sameAs":["https:\/\/www.facebook.com\/leccohostel\/","https:\/\/www.instagram.com\/leccohostel\/?__d=1"]}]}},"_links":{"self":[{"href":"https:\/\/leccohostel.com\/de\/wp-json\/wp\/v2\/pages\/3576","targetHints":{"allow":["GET"]}}],"collection":[{"href":"https:\/\/leccohostel.com\/de\/wp-json\/wp\/v2\/pages"}],"about":[{"href":"https:\/\/leccohostel.com\/de\/wp-json\/wp\/v2\/types\/page"}],"author":[{"embeddable":true,"href":"https:\/\/leccohostel.com\/de\/wp-json\/wp\/v2\/users\/1"}],"replies":[{"embeddable":true,"href":"https:\/\/leccohostel.com\/de\/wp-json\/wp\/v2\/comments?post=3576"}],"version-history":[{"count":2,"href":"https:\/\/leccohostel.com\/de\/wp-json\/wp\/v2\/pages\/3576\/revisions"}],"predecessor-version":[{"id":3578,"href":"https:\/\/leccohostel.com\/de\/wp-json\/wp\/v2\/pages\/3576\/revisions\/3578"}],"wp:attachment":[{"href":"https:\/\/leccohostel.com\/de\/wp-json\/wp\/v2\/media?parent=3576"}],"curies":[{"name":"wp","href":"https:\/\/api.w.org\/{rel}","templated":true}]}}