{"id":3585,"date":"2025-04-23T16:16:36","date_gmt":"2025-04-23T16:16:36","guid":{"rendered":"https:\/\/leccohostel.com\/datenschutzbestimmungen\/"},"modified":"2025-05-28T07:11:42","modified_gmt":"2025-05-28T07:11:42","slug":"datenschutzbestimmungen","status":"publish","type":"page","link":"https:\/\/leccohostel.com\/de\/datenschutzbestimmungen\/","title":{"rendered":"Datenschutzbestimmungen"},"content":{"rendered":"[vc_row type=&#8220;in_container&#8220; full_screen_row_position=&#8220;middle&#8220; column_margin=&#8220;default&#8220; column_direction=&#8220;default&#8220; column_direction_tablet=&#8220;default&#8220; column_direction_phone=&#8220;default&#8220; scene_position=&#8220;center&#8220; top_padding=&#8220;4%&#8220; constrain_group_1=&#8220;yes&#8220; bottom_padding=&#8220;4%&#8220; text_color=&#8220;dark&#8220; text_align=&#8220;left&#8220; row_border_radius=&#8220;none&#8220; row_border_radius_applies=&#8220;bg&#8220; overflow=&#8220;visible&#8220; overlay_strength=&#8220;0.3&#8243; gradient_direction=&#8220;left_to_right&#8220; shape_divider_position=&#8220;bottom&#8220; bg_image_animation=&#8220;none&#8220; gradient_type=&#8220;default&#8220; shape_type=&#8220;&#8220;][vc_column column_padding=&#8220;no-extra-padding&#8220; column_padding_tablet=&#8220;inherit&#8220; column_padding_phone=&#8220;inherit&#8220; column_padding_position=&#8220;all&#8220; column_element_direction_desktop=&#8220;default&#8220; column_element_spacing=&#8220;default&#8220; desktop_text_alignment=&#8220;default&#8220; tablet_text_alignment=&#8220;default&#8220; phone_text_alignment=&#8220;default&#8220; background_color_opacity=&#8220;1&#8243; background_hover_color_opacity=&#8220;1&#8243; column_backdrop_filter=&#8220;none&#8220; column_shadow=&#8220;none&#8220; column_border_radius=&#8220;none&#8220; column_link_target=&#8220;_self&#8220; column_position=&#8220;default&#8220; gradient_direction=&#8220;left_to_right&#8220; overlay_strength=&#8220;0.3&#8243; width=&#8220;1\/1&#8243; tablet_width_inherit=&#8220;default&#8220; animation_type=&#8220;default&#8220; bg_image_animation=&#8220;none&#8220; border_type=&#8220;simple&#8220; column_border_width=&#8220;none&#8220; column_border_style=&#8220;solid&#8220;][split_line_heading animation_type=&#8220;line-reveal-by-space&#8220; font_style=&#8220;h1&#8243; text_color=&#8220;#000000&#8243; line_reveal_by_space_text_effect=&#8220;default&#8220; stagger_animation=&#8220;true&#8220; mobile_disable_animation=&#8220;true&#8220; content_alignment=&#8220;default&#8220; mobile_content_alignment=&#8220;inherit&#8220; link_target=&#8220;_self&#8220; text_content=&#8220;Datenschutzbestimmungen&#8220; font_line_height=&#8220;1.3&#8243; text_direction=&#8220;default&#8220;][\/split_line_heading][nectar_responsive_text inherited_font_style=&#8220;default&#8220; text_color=&#8220;#000000&#8243; text_direction=&#8220;default&#8220;]\n<div id=\"fws_6809121dc72ce\" class=\"wpb_row vc_row-fluid vc_row top-level\" data-column-margin=\"default\" data-midnight=\"dark\">\n<div class=\"row_col_wrap_12 col span_12 dark left\">\n<div class=\"vc_col-sm-12 wpb_column column_container vc_column_container col no-extra-padding inherit_tablet inherit_phone \" data-padding-pos=\"all\" data-has-bg-color=\"false\" data-bg-color=\"\" data-bg-opacity=\"1\" data-animation=\"\" data-delay=\"0\">\n<div class=\"vc_column-inner\">\n<div class=\"wpb_wrapper\">\n<div class=\"nectar-split-heading markup-generated animated-in\" data-align=\"default\" data-m-align=\"inherit\" data-text-effect=\"default\" data-animation-type=\"line-reveal-by-space\" data-animation-delay=\"0\" data-animation-offset=\"\" data-m-rm-animation=\"\" data-stagger=\"\" data-custom-font-size=\"false\">\n<h5><strong style=\"font-size: 16px;\">(1) Einschl\u00e4gige Rechtsvorschriften und Adressaten der Datenschutzrichtlinie<\/strong><\/h5>\n<\/div>\n<\/div>\n<\/div>\n<\/div>\n<\/div>\n<\/div>\n<div id=\"fws_6809121dc8106\" class=\"wpb_row vc_row-fluid vc_row\" data-column-margin=\"default\" data-midnight=\"dark\">\n<div class=\"row_col_wrap_12 col span_12 dark left\">\n<div class=\"vc_col-sm-12 wpb_column column_container vc_column_container col no-extra-padding inherit_tablet inherit_phone \" data-padding-pos=\"all\" data-has-bg-color=\"false\" data-bg-color=\"\" data-bg-opacity=\"1\" data-animation=\"\" data-delay=\"0\">\n<div class=\"vc_column-inner\">\n<div class=\"wpb_wrapper\">\n<div class=\"wpb_text_column wpb_content_element \">\n<div class=\"wpb_wrapper\">\n<p>Die europ\u00e4ische Datenschutzgrundverordnung (Verordnung Nr. 679\/2016 vom 26. April 2016 zum Schutz nat\u00fcrlicher Personen bei der Verarbeitung personenbezogener Daten und zum freien Datenverkehr, insbesondere die Bestimmung Nr. 13 der Verordnung, im Folgenden auch \u201eDSGVO\u201c genannt) soll sicherstellen, dass die Verarbeitung personenbezogener Daten unter Achtung der Rechte, Grundfreiheiten und der W\u00fcrde nat\u00fcrlicher Personen erfolgt, insbesondere im Hinblick auf die Vertraulichkeit und die pers\u00f6nliche Identit\u00e4t. Die DSGVO verlangt, dass die betroffenen Personen oder die Person, von der personenbezogene Daten erhoben werden, spezifische Informationen \u00fcber die Zwecke und Methoden der Datenverarbeitung erhalten. Wenn Sie unter 18 (achtzehn) Jahre alt oder nur beschr\u00e4nkt handlungsf\u00e4hig sind, richtet sich diese Datenschutzerkl\u00e4rung an den nach geltendem italienischem Recht identifizierten Verantwortlichen, der als Einziger berechtigt ist, uns die Zustimmung zur Verarbeitung Ihrer personenbezogenen Daten zu erteilen.  <\/p>\n<h5><strong>(2) Data Controller und Datenverarbeiter<\/strong><\/h5>\n<p>Gem\u00e4\u00df GDPR ist die Herberge Lecco (Ristogest S.r.l.) mit Sitz in Lecco (LC), Via Carlo Cattaneo n. 42\/H, C.F. 02958770162, E-Mail: info@leccohostel.com (im Folgenden \u201ef\u00fcr die Verarbeitung Verantwortlicher\u201c genannt) f\u00fcr die Verarbeitung Ihrer personenbezogenen Daten verantwortlich, die durch die Zusammenstellung der f\u00fcr den Check-in-Prozess erforderlichen Unterlagen erworben wurden. Sie k\u00f6nnen die vollst\u00e4ndige Liste der Datenverarbeiter (sowohl intern als auch durch Dritte) anfordern, indem Sie eine E-Mail an die folgende Adresse senden: info@leccohostel.com.  <\/p>\n<h5><strong>(3) Arten der erhobenen Daten und Zwecke der Verarbeitung<\/strong><\/h5>\n<p>Der f\u00fcr die Verarbeitung Verantwortliche versichert, dass Ihre in das beigef\u00fcgte Formular eingegebenen Daten in \u00dcbereinstimmung mit der DSGVO erfasst und verarbeitet werden und nur so lange gespeichert werden, wie es f\u00fcr die Erbringung der angeforderten Hotellerie-Dienstleistung unbedingt erforderlich ist. Die Rechtm\u00e4\u00dfigkeit der Verarbeitung beruht darauf, dass die Verarbeitung selbst f\u00fcr die Erf\u00fcllung eines Vertrages, dessen Vertragspartei die betroffene Person ist, erforderlich ist (Art. 6.1-b GDPR), oder dass die Verarbeitung gegebenenfalls zur Erf\u00fcllung einer rechtlichen Verpflichtung erforderlich ist, der der f\u00fcr die Verarbeitung Verantwortliche unterliegt (Art. 6.1-c GDPR). Nur wenn Sie uns Ihre ausdr\u00fcckliche Zustimmung erteilen, indem Sie das K\u00e4stchen \u201eIch stimme der Verarbeitung meiner Daten f\u00fcr Zwecke der Werbung und des Direkt-\/Indirektmarketings zu\u201c ankreuzen, werden wir Ihre Daten verwenden, um Ihnen Aktualisierungen und Neuigkeiten \u00fcber unsere Aktivit\u00e4ten (auch wenn diese in Partnerschaft und\/oder Zusammenarbeit mit anderen Parteien durchgef\u00fchrt werden) zukommen zu lassen, insbesondere \u00fcber Dienstleistungen und Veranstaltungen, Umfragen und\/oder Meinungen und\/oder spezielle Rabatte sowie f\u00fcr andere Arten von Mitteilungen im Zusammenhang mit Dienstleistungen und f\u00fcr die statistische Auswertung von Studien und Untersuchungen. Die Rechtm\u00e4\u00dfigkeit dieser Art der Verarbeitung beruht auf Ihrer ausdr\u00fccklichen Zustimmung (Art. 6.1-a der DSGVO) zur Verarbeitung Ihrer personenbezogenen Daten f\u00fcr bestimmte Zwecke. Ihre Zustimmung ist fakultativ (und Sie k\u00f6nnen sie frei \u00e4ndern, auch wenn Sie zugestimmt haben, indem Sie eine Anfrage an die folgende E-Mail-Adresse senden: info@leccohostel.com oder \u00fcber eine andere vom f\u00fcr die Datenverarbeitung Verantwortlichen angegebene Methode ohne weitere Formalit\u00e4ten); Ihre Weigerung macht es nicht unm\u00f6glich, die weiter unten angegebenen Verfahren durchzuf\u00fchren.    <\/p>\n<h5><strong>(4) Empf\u00e4nger von personenbezogenen Daten<\/strong><\/h5>\n<p>Ihre pers\u00f6nlichen Daten k\u00f6nnen an private oder \u00f6ffentliche Stellen weitergegeben werden, die unter strikter Einhaltung der geltenden Gesetzgebung Zugang zu den Daten haben k\u00f6nnen (z.B., aber nicht ausschlie\u00dflich, an Beamte der Finanzverwaltung); an Aufsichtsunternehmen, soweit dies unbedingt erforderlich ist, um ihnen die Erf\u00fcllung ihrer Aufgaben zu erm\u00f6glichen; an Stellen, die Berater des f\u00fcr die Datenverarbeitung Verantwortlichen sind, vorbehaltlich eines ausdr\u00fccklichen Schreibens des f\u00fcr die Datenverarbeitung Verantwortlichen, in dem dieser darum bittet, dass die Vertraulichkeit und Sicherheit der Datenverarbeitung gew\u00e4hrleistet wird. Unter keinen Umst\u00e4nden werden Ihre pers\u00f6nlichen Daten an Dritte weitergegeben oder offengelegt oder mitgeteilt, mit den oben genannten Ausnahmen. <\/p>\n<h5><strong>(5) Rechte der betroffenen Personen<\/strong><\/h5>\n<p>Wir erinnern Sie daran, dass die Datenschutzgrundverordnung Ihnen die Aus\u00fcbung bestimmter Rechte gew\u00e4hrt. Unter anderem haben Sie das Recht, eine Best\u00e4tigung \u00fcber die Existenz Ihrer personenbezogenen Daten zu erhalten, auch wenn diese noch nicht registriert sind, eine Mitteilung in zug\u00e4nglichem Format \u00fcber Ihre Daten, deren Herkunft sowie die Methodik und den Zweck der Verarbeitung. Insbesondere hat die betroffene Person das Recht, eine Best\u00e4tigung dar\u00fcber zu erhalten, ob sie betreffende personenbezogene Daten verarbeitet werden oder nicht, und wenn dies der Fall ist, Zugang zu den personenbezogenen Daten zu erhalten (Recht auf Zugang gem\u00e4\u00df Art. 15 DSGVO); die Berichtigung sie betreffender unrichtiger personenbezogener Daten oder die Vervollst\u00e4ndigung unvollst\u00e4ndiger personenbezogener Daten (Recht auf Berichtigung gem\u00e4\u00df Art. 16 DSGVO); die L\u00f6schung von Daten in zug\u00e4nglichem Format, deren Herkunft sowie die Methodik und den Zweck der Verarbeitung. 16 GDPR); die L\u00f6schung Ihrer Daten, wenn einer der in der Verordnung vorgesehenen Gr\u00fcnde zutrifft (Recht auf L\u00f6schung, ex-Art. 17 GDPR); die Einschr\u00e4nkung der Verarbeitung Ihrer Daten, wenn eine der in der Verordnung vorgesehenen Bedingungen zutrifft (Recht auf Einschr\u00e4nkung der Verarbeitung, ex-Art. 18 GDPR); das Recht, eine vollst\u00e4ndige und aktualisierte Liste aller Datenverarbeiter anzufordern, die zur Verarbeitung Ihrer personenbezogenen Daten berechtigt sind.   <\/p>\n<h5><strong>(6) Schutz von pers\u00f6nlichen Daten<\/strong><\/h5>\n<p>Der f\u00fcr die Datenverarbeitung Verantwortliche verwendet besonders fortschrittliche Sicherheitstechnologien, um die Privatsph\u00e4re und die Integrit\u00e4t Ihrer Daten zu sch\u00fctzen.<\/p>\n<h5><strong>(7) Aufbewahrungsfrist f\u00fcr personenbezogene Daten<\/strong><\/h5>\n<p>Wir werden Ihre personenbezogenen Daten so lange aufbewahren, wie es f\u00fcr die Erf\u00fcllung rechtlicher Verpflichtungen, die Beilegung von Rechtsstreitigkeiten und die Durchsetzung und Einhaltung von Vereinbarungen erforderlich ist. Ihre personenbezogenen Daten werden in \u00dcbereinstimmung mit dem Gesetz nicht l\u00e4nger aufbewahrt, als es f\u00fcr die Verfolgung der Zwecke, f\u00fcr die der f\u00fcr die Verarbeitung Verantwortliche sie verarbeitet, erforderlich ist. Insbesondere: In Bezug auf den geltenden Vertrag werden die Daten f\u00fcr die in den geltenden Vorschriften festgelegten Zeitr\u00e4ume aufbewahrt. Im Falle der Beendigung des Vertragsverh\u00e4ltnisses werden die Daten zivilrechtlicher Natur zehn Jahre lang aufbewahrt; in Bezug auf die Verwaltung der personenbezogenen Daten, die der Nutzer freiwillig bei der Registrierung f\u00fcr unsere \u00fcber Anmeldeinformationen und\/oder den Newsletter zug\u00e4nglichen Dienste angegeben hat, bewahren wir die Daten so lange auf, wie die Registrierung aktiv ist; in Bezug auf die Verarbeitung der personenbezogenen Daten des Nutzers f\u00fcr Marketingzwecke und die Analyse des Verbraucherverhaltens und der Verbraucherentscheidungen bewahren wir die erhobenen Daten nur f\u00fcr den Zeitraum auf, der f\u00fcr die Verfolgung der genannten Zwecke unbedingt erforderlich ist, sofern der Nutzer uns seine ausdr\u00fcckliche Zustimmung erteilt hat (optional). Wir speichern diese Daten nach Kriterien, die mit der geltenden Gesetzgebung \u00fcbereinstimmen und die legitimen Interessen des f\u00fcr die Datenverarbeitung Verantwortlichen mit den Rechten und Freiheiten der Nutzer in Einklang bringen. Der f\u00fcr die Verarbeitung Verantwortliche verwendet die Daten des Nutzers f\u00fcr diese Zwecke f\u00fcr einen Zeitraum von maximal 24 Monaten. Danach werden die Daten gel\u00f6scht, sofern keine spezifischen Regeln zur Festlegung unterschiedlicher Aufbewahrungsfristen und eine neue ausdr\u00fcckliche Zustimmung zur Verwendung vorliegen, die erforderlich ist, wenn das Ablaufdatum n\u00e4her r\u00fcckt. In Bezug auf die personenbezogenen Daten von Nutzern zum Zwecke der Profilerstellung wird der f\u00fcr die Verarbeitung Verantwortliche die Daten nur dann f\u00fcr den Zeitraum aufbewahren, der unbedingt erforderlich ist, um die oben beschriebenen Zwecke zu erf\u00fcllen, wenn der Nutzer seine ausdr\u00fcckliche Zustimmung erteilt hat (Option). Wir speichern diese Daten nach Kriterien, die der geltenden Gesetzgebung entsprechen und unsere legitimen Interessen sowie die Rechte und Freiheiten des Nutzers abw\u00e4gen. Wir werden Ihre Daten f\u00fcr diese Zwecke f\u00fcr einen Zeitraum von maximal 12 Monaten verwenden. Danach werden wir sie l\u00f6schen, sofern keine spezifischen Regeln vorliegen, die andere Aufbewahrungsfristen und eine neue ausdr\u00fcckliche Zustimmung zur Verwendung der Daten festlegen, die erforderlich ist, wenn sich das Ablaufdatum n\u00e4hert.        <\/p>\n<h5><strong>(8) Informationen<\/strong><\/h5>\n<p>Sie k\u00f6nnen die oben genannten Rechte jederzeit aus\u00fcben, indem Sie eine einfache Anfrage an den f\u00fcr die Verarbeitung Verantwortlichen unter der folgenden E-Mail-Adresse senden: info@leccohostel.com oder an die in der Bestimmung \u201ef\u00fcr die Verarbeitung Verantwortlicher\u201c angegebene physische Adresse.<\/p>\n<p>Wir werden uns so schnell wie m\u00f6glich mit Ihnen in Verbindung setzen, in jedem Fall aber innerhalb von 30 (drei\u00dfig) Tagen nach dem Datum Ihrer Anfrage.<\/p>\n<h5><strong>(9) Beanstandungen<\/strong><\/h5>\n<p>Wenn Sie der Meinung sind, dass im Zusammenhang mit der Verarbeitung Ihrer personenbezogenen Daten gegen das Datenschutzgesetz versto\u00dfen wurde, haben Sie das Recht, eine Beschwerde bei der lokalen Datenschutzbeh\u00f6rde im Europ\u00e4ischen Wirtschaftsraum (EWR) einzureichen. Einzelheiten zu den verschiedenen lokalen Beh\u00f6rden, abh\u00e4ngig von Ihrem Land, finden Sie unter dem folgenden Link.   <a href=\"http:\/\/www.garanteprivacy.it\/web\/guest\/home\/footer\/link\/\">http:\/\/www.garanteprivacy.it\/web\/guest\/home\/footer\/link<\/a><\/p>\n<\/div>\n<\/div>\n<\/div>\n<\/div>\n<\/div>\n<\/div>\n<\/div>\n[\/nectar_responsive_text][\/vc_column][\/vc_row]\n","protected":false},"excerpt":{"rendered":"<p>[vc_row type=&#8220;in_container&#8220; full_screen_row_position=&#8220;middle&#8220; column_margin=&#8220;default&#8220; column_direction=&#8220;default&#8220; column_direction_tablet=&#8220;default&#8220; column_direction_phone=&#8220;default&#8220; scene_position=&#8220;center&#8220; top_padding=&#8220;4%&#8220; constrain_group_1=&#8220;yes&#8220; bottom_padding=&#8220;4%&#8220; text_color=&#8220;dark&#8220; text_align=&#8220;left&#8220; row_border_radius=&#8220;none&#8220; row_border_radius_applies=&#8220;bg&#8220; overflow=&#8220;visible&#8220; overlay_strength=&#8220;0.3&#8243; gradient_direction=&#8220;left_to_right&#8220; shape_divider_position=&#8220;bottom&#8220; bg_image_animation=&#8220;none&#8220; gradient_type=&#8220;default&#8220; shape_type=&#8220;&#8220;][vc_column column_padding=&#8220;no-extra-padding&#8220; column_padding_tablet=&#8220;inherit&#8220; column_padding_phone=&#8220;inherit&#8220; column_padding_position=&#8220;all&#8220; column_element_direction_desktop=&#8220;default&#8220; column_element_spacing=&#8220;default&#8220; desktop_text_alignment=&#8220;default&#8220; tablet_text_alignment=&#8220;default&#8220;&#8230;<\/p>\n","protected":false},"author":1,"featured_media":0,"parent":0,"menu_order":0,"comment_status":"closed","ping_status":"closed","template":"","meta":{"footnotes":""},"class_list":["post-3585","page","type-page","status-publish"],"yoast_head":"<!-- This site is optimized with the Yoast SEO plugin v25.3 - https:\/\/yoast.com\/wordpress\/plugins\/seo\/ -->\n<title>Datenschutzbestimmungen - Lecco Hostel &amp; Rooms<\/title>\n<meta name=\"robots\" content=\"index, follow, max-snippet:-1, max-image-preview:large, max-video-preview:-1\" \/>\n<link rel=\"canonical\" href=\"https:\/\/leccohostel.com\/de\/datenschutzbestimmungen\/\" \/>\n<meta property=\"og:locale\" content=\"de_DE\" \/>\n<meta property=\"og:type\" content=\"article\" \/>\n<meta property=\"og:title\" content=\"Datenschutzbestimmungen - Lecco Hostel &amp; Rooms\" \/>\n<meta property=\"og:description\" content=\"[vc_row type=&#8220;in_container&#8220; full_screen_row_position=&#8220;middle&#8220; column_margin=&#8220;default&#8220; column_direction=&#8220;default&#8220; column_direction_tablet=&#8220;default&#8220; column_direction_phone=&#8220;default&#8220; scene_position=&#8220;center&#8220; top_padding=&#8220;4%&#8220; constrain_group_1=&#8220;yes&#8220; bottom_padding=&#8220;4%&#8220; text_color=&#8220;dark&#8220; text_align=&#8220;left&#8220; row_border_radius=&#8220;none&#8220; row_border_radius_applies=&#8220;bg&#8220; overflow=&#8220;visible&#8220; overlay_strength=&#8220;0.3&#8243; gradient_direction=&#8220;left_to_right&#8220; shape_divider_position=&#8220;bottom&#8220; bg_image_animation=&#8220;none&#8220; gradient_type=&#8220;default&#8220; shape_type=&#8220;&#8220;][vc_column column_padding=&#8220;no-extra-padding&#8220; column_padding_tablet=&#8220;inherit&#8220; column_padding_phone=&#8220;inherit&#8220; column_padding_position=&#8220;all&#8220; column_element_direction_desktop=&#8220;default&#8220; column_element_spacing=&#8220;default&#8220; desktop_text_alignment=&#8220;default&#8220; tablet_text_alignment=&#8220;default&#8220;...\" \/>\n<meta property=\"og:url\" content=\"https:\/\/leccohostel.com\/de\/datenschutzbestimmungen\/\" \/>\n<meta property=\"og:site_name\" content=\"Lecco Hostel &amp; Rooms\" \/>\n<meta property=\"article:publisher\" content=\"https:\/\/www.facebook.com\/leccohostel\/\" \/>\n<meta property=\"article:modified_time\" content=\"2025-05-28T07:11:42+00:00\" \/>\n<meta name=\"twitter:card\" content=\"summary_large_image\" \/>\n<meta name=\"twitter:label1\" content=\"Gesch\u00e4tzte Lesezeit\" \/>\n\t<meta name=\"twitter:data1\" content=\"8\u00a0Minuten\" \/>\n<script type=\"application\/ld+json\" class=\"yoast-schema-graph\">{\"@context\":\"https:\/\/schema.org\",\"@graph\":[{\"@type\":\"WebPage\",\"@id\":\"https:\/\/leccohostel.com\/de\/datenschutzbestimmungen\/\",\"url\":\"https:\/\/leccohostel.com\/de\/datenschutzbestimmungen\/\",\"name\":\"Datenschutzbestimmungen - Lecco Hostel &amp; Rooms\",\"isPartOf\":{\"@id\":\"https:\/\/leccohostel.com\/de\/#website\"},\"datePublished\":\"2025-04-23T16:16:36+00:00\",\"dateModified\":\"2025-05-28T07:11:42+00:00\",\"breadcrumb\":{\"@id\":\"https:\/\/leccohostel.com\/de\/datenschutzbestimmungen\/#breadcrumb\"},\"inLanguage\":\"de\",\"potentialAction\":[{\"@type\":\"ReadAction\",\"target\":[\"https:\/\/leccohostel.com\/de\/datenschutzbestimmungen\/\"]}]},{\"@type\":\"BreadcrumbList\",\"@id\":\"https:\/\/leccohostel.com\/de\/datenschutzbestimmungen\/#breadcrumb\",\"itemListElement\":[{\"@type\":\"ListItem\",\"position\":1,\"name\":\"Home\",\"item\":\"https:\/\/leccohostel.com\/de\/\"},{\"@type\":\"ListItem\",\"position\":2,\"name\":\"Datenschutzbestimmungen\"}]},{\"@type\":\"WebSite\",\"@id\":\"https:\/\/leccohostel.com\/de\/#website\",\"url\":\"https:\/\/leccohostel.com\/de\/\",\"name\":\"Lecco Hostel & Rooms\",\"description\":\"Ostello, Hotel &amp; Ristorante. Prenota ora!\",\"publisher\":{\"@id\":\"https:\/\/leccohostel.com\/de\/#organization\"},\"potentialAction\":[{\"@type\":\"SearchAction\",\"target\":{\"@type\":\"EntryPoint\",\"urlTemplate\":\"https:\/\/leccohostel.com\/de\/?s={search_term_string}\"},\"query-input\":{\"@type\":\"PropertyValueSpecification\",\"valueRequired\":true,\"valueName\":\"search_term_string\"}}],\"inLanguage\":\"de\"},{\"@type\":\"Organization\",\"@id\":\"https:\/\/leccohostel.com\/de\/#organization\",\"name\":\"Lecco Hostel & Rooms\",\"url\":\"https:\/\/leccohostel.com\/de\/\",\"logo\":{\"@type\":\"ImageObject\",\"inLanguage\":\"de\",\"@id\":\"https:\/\/leccohostel.com\/de\/#\/schema\/logo\/image\/\",\"url\":\"https:\/\/leccohostel.com\/wp-content\/uploads\/2025\/04\/cropped-favicon.png\",\"contentUrl\":\"https:\/\/leccohostel.com\/wp-content\/uploads\/2025\/04\/cropped-favicon.png\",\"width\":512,\"height\":512,\"caption\":\"Lecco Hostel & Rooms\"},\"image\":{\"@id\":\"https:\/\/leccohostel.com\/de\/#\/schema\/logo\/image\/\"},\"sameAs\":[\"https:\/\/www.facebook.com\/leccohostel\/\",\"https:\/\/www.instagram.com\/leccohostel\/?__d=1\"]}]}<\/script>\n<!-- \/ Yoast SEO plugin. -->","yoast_head_json":{"title":"Datenschutzbestimmungen - Lecco Hostel &amp; Rooms","robots":{"index":"index","follow":"follow","max-snippet":"max-snippet:-1","max-image-preview":"max-image-preview:large","max-video-preview":"max-video-preview:-1"},"canonical":"https:\/\/leccohostel.com\/de\/datenschutzbestimmungen\/","og_locale":"de_DE","og_type":"article","og_title":"Datenschutzbestimmungen - Lecco Hostel &amp; Rooms","og_description":"[vc_row type=&#8220;in_container&#8220; full_screen_row_position=&#8220;middle&#8220; column_margin=&#8220;default&#8220; column_direction=&#8220;default&#8220; column_direction_tablet=&#8220;default&#8220; column_direction_phone=&#8220;default&#8220; scene_position=&#8220;center&#8220; top_padding=&#8220;4%&#8220; constrain_group_1=&#8220;yes&#8220; bottom_padding=&#8220;4%&#8220; text_color=&#8220;dark&#8220; text_align=&#8220;left&#8220; row_border_radius=&#8220;none&#8220; row_border_radius_applies=&#8220;bg&#8220; overflow=&#8220;visible&#8220; overlay_strength=&#8220;0.3&#8243; gradient_direction=&#8220;left_to_right&#8220; shape_divider_position=&#8220;bottom&#8220; bg_image_animation=&#8220;none&#8220; gradient_type=&#8220;default&#8220; shape_type=&#8220;&#8220;][vc_column column_padding=&#8220;no-extra-padding&#8220; column_padding_tablet=&#8220;inherit&#8220; column_padding_phone=&#8220;inherit&#8220; column_padding_position=&#8220;all&#8220; column_element_direction_desktop=&#8220;default&#8220; column_element_spacing=&#8220;default&#8220; desktop_text_alignment=&#8220;default&#8220; tablet_text_alignment=&#8220;default&#8220;...","og_url":"https:\/\/leccohostel.com\/de\/datenschutzbestimmungen\/","og_site_name":"Lecco Hostel &amp; Rooms","article_publisher":"https:\/\/www.facebook.com\/leccohostel\/","article_modified_time":"2025-05-28T07:11:42+00:00","twitter_card":"summary_large_image","twitter_misc":{"Gesch\u00e4tzte Lesezeit":"8\u00a0Minuten"},"schema":{"@context":"https:\/\/schema.org","@graph":[{"@type":"WebPage","@id":"https:\/\/leccohostel.com\/de\/datenschutzbestimmungen\/","url":"https:\/\/leccohostel.com\/de\/datenschutzbestimmungen\/","name":"Datenschutzbestimmungen - Lecco Hostel &amp; Rooms","isPartOf":{"@id":"https:\/\/leccohostel.com\/de\/#website"},"datePublished":"2025-04-23T16:16:36+00:00","dateModified":"2025-05-28T07:11:42+00:00","breadcrumb":{"@id":"https:\/\/leccohostel.com\/de\/datenschutzbestimmungen\/#breadcrumb"},"inLanguage":"de","potentialAction":[{"@type":"ReadAction","target":["https:\/\/leccohostel.com\/de\/datenschutzbestimmungen\/"]}]},{"@type":"BreadcrumbList","@id":"https:\/\/leccohostel.com\/de\/datenschutzbestimmungen\/#breadcrumb","itemListElement":[{"@type":"ListItem","position":1,"name":"Home","item":"https:\/\/leccohostel.com\/de\/"},{"@type":"ListItem","position":2,"name":"Datenschutzbestimmungen"}]},{"@type":"WebSite","@id":"https:\/\/leccohostel.com\/de\/#website","url":"https:\/\/leccohostel.com\/de\/","name":"Lecco Hostel & Rooms","description":"Ostello, Hotel &amp; Ristorante. Prenota ora!","publisher":{"@id":"https:\/\/leccohostel.com\/de\/#organization"},"potentialAction":[{"@type":"SearchAction","target":{"@type":"EntryPoint","urlTemplate":"https:\/\/leccohostel.com\/de\/?s={search_term_string}"},"query-input":{"@type":"PropertyValueSpecification","valueRequired":true,"valueName":"search_term_string"}}],"inLanguage":"de"},{"@type":"Organization","@id":"https:\/\/leccohostel.com\/de\/#organization","name":"Lecco Hostel & Rooms","url":"https:\/\/leccohostel.com\/de\/","logo":{"@type":"ImageObject","inLanguage":"de","@id":"https:\/\/leccohostel.com\/de\/#\/schema\/logo\/image\/","url":"https:\/\/leccohostel.com\/wp-content\/uploads\/2025\/04\/cropped-favicon.png","contentUrl":"https:\/\/leccohostel.com\/wp-content\/uploads\/2025\/04\/cropped-favicon.png","width":512,"height":512,"caption":"Lecco Hostel & Rooms"},"image":{"@id":"https:\/\/leccohostel.com\/de\/#\/schema\/logo\/image\/"},"sameAs":["https:\/\/www.facebook.com\/leccohostel\/","https:\/\/www.instagram.com\/leccohostel\/?__d=1"]}]}},"_links":{"self":[{"href":"https:\/\/leccohostel.com\/de\/wp-json\/wp\/v2\/pages\/3585","targetHints":{"allow":["GET"]}}],"collection":[{"href":"https:\/\/leccohostel.com\/de\/wp-json\/wp\/v2\/pages"}],"about":[{"href":"https:\/\/leccohostel.com\/de\/wp-json\/wp\/v2\/types\/page"}],"author":[{"embeddable":true,"href":"https:\/\/leccohostel.com\/de\/wp-json\/wp\/v2\/users\/1"}],"replies":[{"embeddable":true,"href":"https:\/\/leccohostel.com\/de\/wp-json\/wp\/v2\/comments?post=3585"}],"version-history":[{"count":4,"href":"https:\/\/leccohostel.com\/de\/wp-json\/wp\/v2\/pages\/3585\/revisions"}],"predecessor-version":[{"id":3591,"href":"https:\/\/leccohostel.com\/de\/wp-json\/wp\/v2\/pages\/3585\/revisions\/3591"}],"wp:attachment":[{"href":"https:\/\/leccohostel.com\/de\/wp-json\/wp\/v2\/media?parent=3585"}],"curies":[{"name":"wp","href":"https:\/\/api.w.org\/{rel}","templated":true}]}}