{"id":3631,"date":"2025-04-23T16:20:57","date_gmt":"2025-04-23T16:20:57","guid":{"rendered":"https:\/\/leccohostel.com\/cookie-richtlinie\/"},"modified":"2025-05-28T07:17:42","modified_gmt":"2025-05-28T07:17:42","slug":"cookie-richtlinie","status":"publish","type":"page","link":"https:\/\/leccohostel.com\/de\/cookie-richtlinie\/","title":{"rendered":"Cookie-Richtlinie"},"content":{"rendered":"[vc_row type=&#8220;in_container&#8220; full_screen_row_position=&#8220;middle&#8220; column_margin=&#8220;default&#8220; column_direction=&#8220;default&#8220; column_direction_tablet=&#8220;default&#8220; column_direction_phone=&#8220;default&#8220; scene_position=&#8220;center&#8220; top_padding=&#8220;4%&#8220; constrain_group_1=&#8220;yes&#8220; bottom_padding=&#8220;4%&#8220; text_color=&#8220;dark&#8220; text_align=&#8220;left&#8220; row_border_radius=&#8220;none&#8220; row_border_radius_applies=&#8220;bg&#8220; overflow=&#8220;visible&#8220; overlay_strength=&#8220;0.3&#8243; gradient_direction=&#8220;left_to_right&#8220; shape_divider_position=&#8220;bottom&#8220; bg_image_animation=&#8220;none&#8220; gradient_type=&#8220;default&#8220; shape_type=&#8220;&#8220;][vc_column column_padding=&#8220;no-extra-padding&#8220; column_padding_tablet=&#8220;inherit&#8220; column_padding_phone=&#8220;inherit&#8220; column_padding_position=&#8220;all&#8220; column_element_direction_desktop=&#8220;default&#8220; column_element_spacing=&#8220;default&#8220; desktop_text_alignment=&#8220;default&#8220; tablet_text_alignment=&#8220;default&#8220; phone_text_alignment=&#8220;default&#8220; background_color_opacity=&#8220;1&#8243; background_hover_color_opacity=&#8220;1&#8243; column_backdrop_filter=&#8220;none&#8220; column_shadow=&#8220;none&#8220; column_border_radius=&#8220;none&#8220; column_link_target=&#8220;_self&#8220; column_position=&#8220;default&#8220; gradient_direction=&#8220;left_to_right&#8220; overlay_strength=&#8220;0.3&#8243; width=&#8220;1\/1&#8243; tablet_width_inherit=&#8220;default&#8220; animation_type=&#8220;default&#8220; bg_image_animation=&#8220;none&#8220; border_type=&#8220;simple&#8220; column_border_width=&#8220;none&#8220; column_border_style=&#8220;solid&#8220;][split_line_heading animation_type=&#8220;line-reveal-by-space&#8220; font_style=&#8220;h1&#8243; text_color=&#8220;#000000&#8243; line_reveal_by_space_text_effect=&#8220;default&#8220; stagger_animation=&#8220;true&#8220; mobile_disable_animation=&#8220;true&#8220; content_alignment=&#8220;default&#8220; mobile_content_alignment=&#8220;inherit&#8220; link_target=&#8220;_self&#8220; text_content=&#8220;Cookie-Richtlinie&#8220; font_line_height=&#8220;1.3&#8243; text_direction=&#8220;default&#8220;][\/split_line_heading][nectar_responsive_text inherited_font_style=&#8220;default&#8220; text_color=&#8220;#000000&#8243; text_direction=&#8220;default&#8220;]\n<h5>Verwendung von Cookies<\/h5>\n<p>Die \u201eWebsite\u201c (leccohostel.com) verwendet Cookies, um ihre Dienste f\u00fcr die Nutzer, die die Seiten der Website besuchen, einfach und effizient zu gestalten. Cookies sind kleine Textdateien, die auf den verwendeten Ger\u00e4ten gespeichert werden. Unsere Cookies erm\u00f6glichen es uns,:  <\/p>\n<ul>\n<li>Speichern der eingegebenen Einstellungen<\/li>\n<li>Vermeiden Sie die wiederholte Eingabe von Informationen (z.B. Benutzername\/Passwort)<\/li>\n<li>Analyse der Website-Nutzung zur Optimierung von Inhalten und Diensten<\/li>\n<\/ul>\n<p>&nbsp;<\/p>\n<h3>Arten von Cookies<\/h3>\n<h5>Technische Cookies<\/h5>\n<p>Sie erm\u00f6glichen das ordnungsgem\u00e4\u00dfe Funktionieren bestimmter Bereiche der Website. Sie sind unterteilt in: <\/p>\n<ul>\n<li><strong>Persistent<\/strong>: sie bleiben auch nach dem Schlie\u00dfen des Browsers erhalten<\/li>\n<li><strong>Sitzung<\/strong>: sie werden gel\u00f6scht, wenn der Browser geschlossen wird<\/li>\n<\/ul>\n<p>Diese Cookies sind immer aktiv, es sei denn, Sie \u00e4ndern sie manuell in Ihrem Browser.<\/p>\n<h5>Analytische Cookies<\/h5>\n<p>Sie sammeln anonyme Daten \u00fcber die Nutzung der Website, um Inhalte und Dienste zu verbessern. Sie k\u00f6nnen von der Website oder von Dritten gesendet werden. <\/p>\n<h5>Analyse-Cookies von Diensten Dritter<\/h5>\n<p>Sie sammeln anonyme Daten \u00fcber die Nutzung der Website (besuchte Seiten, Dauer, Herkunft, demographische Daten) f\u00fcr statistische und Marketingzwecke. Gesendet von Domains Dritter. <\/p>\n<h5>Cookies f\u00fcr die Integration von Produkten und Funktionen Dritter<\/h5>\n<p>Aktivieren Sie externe Funktionen wie Karten, soziale Medien, gemeinsame Nutzung von Inhalten. Gesendet von Domains Dritter. <\/p>\n<h5>Profilierungs-Cookies (muss \u00fcberpr\u00fcft werden)<\/h5>\n<p>Wird verwendet, um Benutzerprofile zu erstellen und personalisierte Werbung anzuzeigen. Leccohostel.com verwendet <strong>keine<\/strong> Profilierungs-Cookies, es sei denn, sie werden aktualisiert. <\/p>\n<h5>Einverst\u00e4ndniserkl\u00e4rung und Cookie-Verwaltung<\/h5>\n<p>F\u00fcr technische und analytische Cookies ist keine Zustimmung erforderlich. F\u00fcr andere Arten von Cookies kann die Zustimmung \u00fcber ausgedr\u00fcckt werden: <\/p>\n<ul>\n<li>Browser-Einstellungen<\/li>\n<li>\u00c4nderungen an Diensten Dritter<\/li>\n<\/ul>\n<p>Diese \u00c4nderungen k\u00f6nnen bestimmte Funktionalit\u00e4ten der Website einschr\u00e4nken.<\/p>\n<h5>Websites und Dienste von Drittanbietern<\/h5>\n<p>Die Website kann Links zu anderen Websites mit anderen Datenschutzrichtlinien enthalten, f\u00fcr die keine Haftung \u00fcbernommen wird.<\/p>\n<h5>Keksliste<\/h5>\n<h6>Grundlegendes<\/h6>\n<table>\n<thead>\n<tr>\n<th>Cookie-Name<\/th>\n<th>Anbieter<\/th>\n<th>Zweck<\/th>\n<th>Verfallsdatum<\/th>\n<\/tr>\n<\/thead>\n<tbody>\n<tr>\n<td>borlabs-cookie<\/td>\n<td>Besitzer der Seite<\/td>\n<td>Cookie-Box-Einstellungen speichern<\/td>\n<td>1 Jahr<\/td>\n<\/tr>\n<tr>\n<td>wp-Einstellungen<\/td>\n<td>WordPress.org<\/td>\n<td>Statistik und \u00dcberpr\u00fcfung der Besucher-ID<\/td>\n<td>1 Jahr<\/td>\n<\/tr>\n<\/tbody>\n<\/table>\n<h6>Statistik<\/h6>\n<table>\n<thead>\n<tr>\n<th>Cookie-Name<\/th>\n<th>Anbieter<\/th>\n<th>Zweck<\/th>\n<th>Verfallsdatum<\/th>\n<\/tr>\n<\/thead>\n<tbody>\n<tr>\n<td>_ga, _gat, _gid<\/td>\n<td>Google-Analyse<\/td>\n<td>Analyse der Website<\/td>\n<td>2 Monate<\/td>\n<\/tr>\n<\/tbody>\n<\/table>\n<h6>Marketing\/Dritte Parteien<\/h6>\n<table>\n<thead>\n<tr>\n<th>Name des Dienstes<\/th>\n<th>Anbieter<\/th>\n<th>Zweck<\/th>\n<th>Verfallsdatum<\/th>\n<\/tr>\n<\/thead>\n<tbody>\n<tr>\n<td>Google Karten<\/td>\n<td>Google Irland Ltd.<\/td>\n<td>Google Maps Inhalte freischalten<\/td>\n<td>6 Monate<\/td>\n<\/tr>\n<tr>\n<td>OpenStreetMap<\/td>\n<td>OpenStreetMap Stiftung<\/td>\n<td>Karteninhalte freischalten<\/td>\n<td>1-10 Jahre<\/td>\n<\/tr>\n<\/tbody>\n<\/table>\n<h5>Wie Sie Cookies im Browser deaktivieren<\/h5>\n<p>Sie k\u00f6nnen Ihre Einstellungen jederzeit \u00e4ndern, indem Sie auf den Link \u201eCookie-Einstellungen \u00e4ndern\u201c klicken.<\/p>\n<p>N\u00fctzliche Links zur Deaktivierung von Cookies in den wichtigsten Browsern:<\/p>\n<ul>\n<li><a href=\"https:\/\/support.mozilla.org\/it\/kb\/Gestione%20dei%20cookie\/\">Mozilla Firefox<\/a><\/li>\n<li><a href=\"https:\/\/support.google.com\/chrome\/answer\/95647\/?hl=it\">Google Chrome<\/a><\/li>\n<li><a href=\"http:\/\/windows.microsoft.com\/it-it\/windows-vista\/block-or-allow-cookies\/\">Internet Explorer<\/a><\/li>\n<li><a href=\"https:\/\/support.apple.com\/kb\/PH17191\/?viewlocale=it_IT&amp;locale=it_IT\">Safari 6\/7 Mavericks<\/a><\/li>\n<li><a href=\"https:\/\/support.apple.com\/kb\/PH19214\/?viewlocale=it_IT&amp;locale=it_IT\">Safari 8 Yosemite<\/a><\/li>\n<li><a href=\"https:\/\/support.apple.com\/it-it\/HT201265\/\">Safari iOS<\/a><\/li>\n<\/ul>\n[\/nectar_responsive_text][\/vc_column][\/vc_row]\n","protected":false},"excerpt":{"rendered":"<p>[vc_row type=&#8220;in_container&#8220; full_screen_row_position=&#8220;middle&#8220; column_margin=&#8220;default&#8220; column_direction=&#8220;default&#8220; column_direction_tablet=&#8220;default&#8220; column_direction_phone=&#8220;default&#8220; scene_position=&#8220;center&#8220; top_padding=&#8220;4%&#8220; constrain_group_1=&#8220;yes&#8220; bottom_padding=&#8220;4%&#8220; text_color=&#8220;dark&#8220; text_align=&#8220;left&#8220; row_border_radius=&#8220;none&#8220; row_border_radius_applies=&#8220;bg&#8220; overflow=&#8220;visible&#8220; overlay_strength=&#8220;0.3&#8243; gradient_direction=&#8220;left_to_right&#8220; shape_divider_position=&#8220;bottom&#8220; bg_image_animation=&#8220;none&#8220; gradient_type=&#8220;default&#8220; shape_type=&#8220;&#8220;][vc_column column_padding=&#8220;no-extra-padding&#8220; column_padding_tablet=&#8220;inherit&#8220; column_padding_phone=&#8220;inherit&#8220; column_padding_position=&#8220;all&#8220; column_element_direction_desktop=&#8220;default&#8220; column_element_spacing=&#8220;default&#8220; desktop_text_alignment=&#8220;default&#8220; tablet_text_alignment=&#8220;default&#8220;&#8230;<\/p>\n","protected":false},"author":1,"featured_media":0,"parent":0,"menu_order":0,"comment_status":"closed","ping_status":"closed","template":"","meta":{"footnotes":""},"class_list":["post-3631","page","type-page","status-publish"],"yoast_head":"<!-- This site is optimized with the Yoast SEO plugin v25.3 - https:\/\/yoast.com\/wordpress\/plugins\/seo\/ -->\n<title>Cookie-Richtlinie - Lecco Hostel &amp; Rooms<\/title>\n<meta name=\"robots\" content=\"index, follow, max-snippet:-1, max-image-preview:large, max-video-preview:-1\" \/>\n<link rel=\"canonical\" href=\"https:\/\/leccohostel.com\/de\/cookie-richtlinie\/\" \/>\n<meta property=\"og:locale\" content=\"de_DE\" \/>\n<meta property=\"og:type\" content=\"article\" \/>\n<meta property=\"og:title\" content=\"Cookie-Richtlinie - Lecco Hostel &amp; Rooms\" \/>\n<meta property=\"og:description\" content=\"[vc_row type=&#8220;in_container&#8220; full_screen_row_position=&#8220;middle&#8220; column_margin=&#8220;default&#8220; column_direction=&#8220;default&#8220; column_direction_tablet=&#8220;default&#8220; column_direction_phone=&#8220;default&#8220; scene_position=&#8220;center&#8220; top_padding=&#8220;4%&#8220; constrain_group_1=&#8220;yes&#8220; bottom_padding=&#8220;4%&#8220; text_color=&#8220;dark&#8220; text_align=&#8220;left&#8220; row_border_radius=&#8220;none&#8220; row_border_radius_applies=&#8220;bg&#8220; overflow=&#8220;visible&#8220; overlay_strength=&#8220;0.3&#8243; gradient_direction=&#8220;left_to_right&#8220; shape_divider_position=&#8220;bottom&#8220; bg_image_animation=&#8220;none&#8220; gradient_type=&#8220;default&#8220; shape_type=&#8220;&#8220;][vc_column column_padding=&#8220;no-extra-padding&#8220; column_padding_tablet=&#8220;inherit&#8220; column_padding_phone=&#8220;inherit&#8220; column_padding_position=&#8220;all&#8220; column_element_direction_desktop=&#8220;default&#8220; column_element_spacing=&#8220;default&#8220; desktop_text_alignment=&#8220;default&#8220; tablet_text_alignment=&#8220;default&#8220;...\" \/>\n<meta property=\"og:url\" content=\"https:\/\/leccohostel.com\/de\/cookie-richtlinie\/\" \/>\n<meta property=\"og:site_name\" content=\"Lecco Hostel &amp; Rooms\" \/>\n<meta property=\"article:publisher\" content=\"https:\/\/www.facebook.com\/leccohostel\/\" \/>\n<meta property=\"article:modified_time\" content=\"2025-05-28T07:17:42+00:00\" \/>\n<meta name=\"twitter:card\" content=\"summary_large_image\" \/>\n<meta name=\"twitter:label1\" content=\"Gesch\u00e4tzte Lesezeit\" \/>\n\t<meta name=\"twitter:data1\" content=\"3\u00a0Minuten\" \/>\n<script type=\"application\/ld+json\" class=\"yoast-schema-graph\">{\"@context\":\"https:\/\/schema.org\",\"@graph\":[{\"@type\":\"WebPage\",\"@id\":\"https:\/\/leccohostel.com\/de\/cookie-richtlinie\/\",\"url\":\"https:\/\/leccohostel.com\/de\/cookie-richtlinie\/\",\"name\":\"Cookie-Richtlinie - Lecco Hostel &amp; Rooms\",\"isPartOf\":{\"@id\":\"https:\/\/leccohostel.com\/de\/#website\"},\"datePublished\":\"2025-04-23T16:20:57+00:00\",\"dateModified\":\"2025-05-28T07:17:42+00:00\",\"breadcrumb\":{\"@id\":\"https:\/\/leccohostel.com\/de\/cookie-richtlinie\/#breadcrumb\"},\"inLanguage\":\"de\",\"potentialAction\":[{\"@type\":\"ReadAction\",\"target\":[\"https:\/\/leccohostel.com\/de\/cookie-richtlinie\/\"]}]},{\"@type\":\"BreadcrumbList\",\"@id\":\"https:\/\/leccohostel.com\/de\/cookie-richtlinie\/#breadcrumb\",\"itemListElement\":[{\"@type\":\"ListItem\",\"position\":1,\"name\":\"Home\",\"item\":\"https:\/\/leccohostel.com\/de\/\"},{\"@type\":\"ListItem\",\"position\":2,\"name\":\"Cookie-Richtlinie\"}]},{\"@type\":\"WebSite\",\"@id\":\"https:\/\/leccohostel.com\/de\/#website\",\"url\":\"https:\/\/leccohostel.com\/de\/\",\"name\":\"Lecco Hostel & Rooms\",\"description\":\"Ostello, Hotel &amp; Ristorante. Prenota ora!\",\"publisher\":{\"@id\":\"https:\/\/leccohostel.com\/de\/#organization\"},\"potentialAction\":[{\"@type\":\"SearchAction\",\"target\":{\"@type\":\"EntryPoint\",\"urlTemplate\":\"https:\/\/leccohostel.com\/de\/?s={search_term_string}\"},\"query-input\":{\"@type\":\"PropertyValueSpecification\",\"valueRequired\":true,\"valueName\":\"search_term_string\"}}],\"inLanguage\":\"de\"},{\"@type\":\"Organization\",\"@id\":\"https:\/\/leccohostel.com\/de\/#organization\",\"name\":\"Lecco Hostel & Rooms\",\"url\":\"https:\/\/leccohostel.com\/de\/\",\"logo\":{\"@type\":\"ImageObject\",\"inLanguage\":\"de\",\"@id\":\"https:\/\/leccohostel.com\/de\/#\/schema\/logo\/image\/\",\"url\":\"https:\/\/leccohostel.com\/wp-content\/uploads\/2025\/04\/cropped-favicon.png\",\"contentUrl\":\"https:\/\/leccohostel.com\/wp-content\/uploads\/2025\/04\/cropped-favicon.png\",\"width\":512,\"height\":512,\"caption\":\"Lecco Hostel & Rooms\"},\"image\":{\"@id\":\"https:\/\/leccohostel.com\/de\/#\/schema\/logo\/image\/\"},\"sameAs\":[\"https:\/\/www.facebook.com\/leccohostel\/\",\"https:\/\/www.instagram.com\/leccohostel\/?__d=1\"]}]}<\/script>\n<!-- \/ Yoast SEO plugin. -->","yoast_head_json":{"title":"Cookie-Richtlinie - Lecco Hostel &amp; Rooms","robots":{"index":"index","follow":"follow","max-snippet":"max-snippet:-1","max-image-preview":"max-image-preview:large","max-video-preview":"max-video-preview:-1"},"canonical":"https:\/\/leccohostel.com\/de\/cookie-richtlinie\/","og_locale":"de_DE","og_type":"article","og_title":"Cookie-Richtlinie - Lecco Hostel &amp; Rooms","og_description":"[vc_row type=&#8220;in_container&#8220; full_screen_row_position=&#8220;middle&#8220; column_margin=&#8220;default&#8220; column_direction=&#8220;default&#8220; column_direction_tablet=&#8220;default&#8220; column_direction_phone=&#8220;default&#8220; scene_position=&#8220;center&#8220; top_padding=&#8220;4%&#8220; constrain_group_1=&#8220;yes&#8220; bottom_padding=&#8220;4%&#8220; text_color=&#8220;dark&#8220; text_align=&#8220;left&#8220; row_border_radius=&#8220;none&#8220; row_border_radius_applies=&#8220;bg&#8220; overflow=&#8220;visible&#8220; overlay_strength=&#8220;0.3&#8243; gradient_direction=&#8220;left_to_right&#8220; shape_divider_position=&#8220;bottom&#8220; bg_image_animation=&#8220;none&#8220; gradient_type=&#8220;default&#8220; shape_type=&#8220;&#8220;][vc_column column_padding=&#8220;no-extra-padding&#8220; column_padding_tablet=&#8220;inherit&#8220; column_padding_phone=&#8220;inherit&#8220; column_padding_position=&#8220;all&#8220; column_element_direction_desktop=&#8220;default&#8220; column_element_spacing=&#8220;default&#8220; desktop_text_alignment=&#8220;default&#8220; tablet_text_alignment=&#8220;default&#8220;...","og_url":"https:\/\/leccohostel.com\/de\/cookie-richtlinie\/","og_site_name":"Lecco Hostel &amp; Rooms","article_publisher":"https:\/\/www.facebook.com\/leccohostel\/","article_modified_time":"2025-05-28T07:17:42+00:00","twitter_card":"summary_large_image","twitter_misc":{"Gesch\u00e4tzte Lesezeit":"3\u00a0Minuten"},"schema":{"@context":"https:\/\/schema.org","@graph":[{"@type":"WebPage","@id":"https:\/\/leccohostel.com\/de\/cookie-richtlinie\/","url":"https:\/\/leccohostel.com\/de\/cookie-richtlinie\/","name":"Cookie-Richtlinie - Lecco Hostel &amp; Rooms","isPartOf":{"@id":"https:\/\/leccohostel.com\/de\/#website"},"datePublished":"2025-04-23T16:20:57+00:00","dateModified":"2025-05-28T07:17:42+00:00","breadcrumb":{"@id":"https:\/\/leccohostel.com\/de\/cookie-richtlinie\/#breadcrumb"},"inLanguage":"de","potentialAction":[{"@type":"ReadAction","target":["https:\/\/leccohostel.com\/de\/cookie-richtlinie\/"]}]},{"@type":"BreadcrumbList","@id":"https:\/\/leccohostel.com\/de\/cookie-richtlinie\/#breadcrumb","itemListElement":[{"@type":"ListItem","position":1,"name":"Home","item":"https:\/\/leccohostel.com\/de\/"},{"@type":"ListItem","position":2,"name":"Cookie-Richtlinie"}]},{"@type":"WebSite","@id":"https:\/\/leccohostel.com\/de\/#website","url":"https:\/\/leccohostel.com\/de\/","name":"Lecco Hostel & Rooms","description":"Ostello, Hotel &amp; Ristorante. Prenota ora!","publisher":{"@id":"https:\/\/leccohostel.com\/de\/#organization"},"potentialAction":[{"@type":"SearchAction","target":{"@type":"EntryPoint","urlTemplate":"https:\/\/leccohostel.com\/de\/?s={search_term_string}"},"query-input":{"@type":"PropertyValueSpecification","valueRequired":true,"valueName":"search_term_string"}}],"inLanguage":"de"},{"@type":"Organization","@id":"https:\/\/leccohostel.com\/de\/#organization","name":"Lecco Hostel & Rooms","url":"https:\/\/leccohostel.com\/de\/","logo":{"@type":"ImageObject","inLanguage":"de","@id":"https:\/\/leccohostel.com\/de\/#\/schema\/logo\/image\/","url":"https:\/\/leccohostel.com\/wp-content\/uploads\/2025\/04\/cropped-favicon.png","contentUrl":"https:\/\/leccohostel.com\/wp-content\/uploads\/2025\/04\/cropped-favicon.png","width":512,"height":512,"caption":"Lecco Hostel & Rooms"},"image":{"@id":"https:\/\/leccohostel.com\/de\/#\/schema\/logo\/image\/"},"sameAs":["https:\/\/www.facebook.com\/leccohostel\/","https:\/\/www.instagram.com\/leccohostel\/?__d=1"]}]}},"_links":{"self":[{"href":"https:\/\/leccohostel.com\/de\/wp-json\/wp\/v2\/pages\/3631","targetHints":{"allow":["GET"]}}],"collection":[{"href":"https:\/\/leccohostel.com\/de\/wp-json\/wp\/v2\/pages"}],"about":[{"href":"https:\/\/leccohostel.com\/de\/wp-json\/wp\/v2\/types\/page"}],"author":[{"embeddable":true,"href":"https:\/\/leccohostel.com\/de\/wp-json\/wp\/v2\/users\/1"}],"replies":[{"embeddable":true,"href":"https:\/\/leccohostel.com\/de\/wp-json\/wp\/v2\/comments?post=3631"}],"version-history":[{"count":4,"href":"https:\/\/leccohostel.com\/de\/wp-json\/wp\/v2\/pages\/3631\/revisions"}],"predecessor-version":[{"id":3637,"href":"https:\/\/leccohostel.com\/de\/wp-json\/wp\/v2\/pages\/3631\/revisions\/3637"}],"wp:attachment":[{"href":"https:\/\/leccohostel.com\/de\/wp-json\/wp\/v2\/media?parent=3631"}],"curies":[{"name":"wp","href":"https:\/\/api.w.org\/{rel}","templated":true}]}}