{"id":3579,"date":"2025-04-23T16:26:46","date_gmt":"2025-04-23T16:26:46","guid":{"rendered":"https:\/\/leccohostel.com\/reglamento\/"},"modified":"2025-05-28T07:07:00","modified_gmt":"2025-05-28T07:07:00","slug":"reglamento","status":"publish","type":"page","link":"https:\/\/leccohostel.com\/es\/reglamento\/","title":{"rendered":"Reglamento"},"content":{"rendered":"[vc_row type=\u00bbin_container\u00bb full_screen_row_position=\u00bbmiddle\u00bb column_margin=\u00bbdefault\u00bb column_direction=\u00bbdefault\u00bb column_direction_tablet=\u00bbdefault\u00bb column_direction_phone=\u00bbdefault\u00bb scene_position=\u00bbcenter\u00bb top_padding=\u00bb4%\u00bb constrain_group_1=\u00bbyes\u00bb bottom_padding=\u00bb4%\u00bb text_color=\u00bbdark\u00bb text_align=\u00bbleft\u00bb row_border_radius=\u00bbnone\u00bb row_border_radius_applies=\u00bbbg\u00bb overflow=\u00bbvisible\u00bb overlay_strength=\u00bb0.3&#8243; gradient_direction=\u00bbleft_to_right\u00bb shape_divider_position=\u00bbbottom\u00bb bg_image_animation=\u00bbnone\u00bb gradient_type=\u00bbdefault\u00bb shape_type=\u00bb\u00bb][vc_column column_padding=\u00bbno-extra-padding\u00bb column_padding_tablet=\u00bbinherit\u00bb column_padding_phone=\u00bbinherit\u00bb column_padding_position=\u00bball\u00bb column_element_direction_desktop=\u00bbdefault\u00bb column_element_spacing=\u00bbdefault\u00bb desktop_text_alignment=\u00bbdefault\u00bb tablet_text_alignment=\u00bbdefault\u00bb phone_text_alignment=\u00bbdefault\u00bb background_color_opacity=\u00bb1&#8243; background_hover_color_opacity=\u00bb1&#8243; column_backdrop_filter=\u00bbnone\u00bb column_shadow=\u00bbnone\u00bb column_border_radius=\u00bbnone\u00bb column_link_target=\u00bb_self\u00bb column_position=\u00bbdefault\u00bb gradient_direction=\u00bbleft_to_right\u00bb overlay_strength=\u00bb0.3&#8243; width=\u00bb1\/1&#8243; tablet_width_inherit=\u00bbdefault\u00bb animation_type=\u00bbdefault\u00bb bg_image_animation=\u00bbnone\u00bb border_type=\u00bbsimple\u00bb column_border_width=\u00bbnone\u00bb column_border_style=\u00bbsolid\u00bb][split_line_heading animation_type=\u00bbline-reveal-by-space\u00bb font_style=\u00bbh1&#8243; text_color=\u00bb#000000&#8243; line_reveal_by_space_text_effect=\u00bbdefault\u00bb stagger_animation=\u00bbtrue\u00bb mobile_disable_animation=\u00bbtrue\u00bb content_alignment=\u00bbdefault\u00bb mobile_content_alignment=\u00bbinherit\u00bb link_target=\u00bb_self\u00bb text_content=\u00bbReglamento\u00bb font_line_height=\u00bb1.3&#8243; text_direction=\u00bbdefault\u00bb][\/split_line_heading][nectar_responsive_text inherited_font_style=\u00bbdefault\u00bb text_color=\u00bb#000000&#8243; text_direction=\u00bbdefault\u00bb]El albergue es un alojamiento no hotelero a disposici\u00f3n de los hu\u00e9spedes que encuentra su valor fundamental en el respeto mutuo y la convivencia pac\u00edfica.<\/p>\n<p>La admisi\u00f3n en el albergue implica la plena aceptaci\u00f3n y cumplimiento del presente reglamento, que podr\u00e1 ser completado o modificado por separado mediante notas adicionales de la Direcci\u00f3n.<\/p>\n<p>&nbsp;<\/p>\n<ol>\n<li><strong>Pol\u00edticas de cancelaci\u00f3n y normas de la propiedad :<\/strong><\/li>\n<\/ol>\n<p>Para cancelar tu reserva sin gastos, debes hacerlo al menos 48 horas antes de la llegada. Esta pol\u00edtica s\u00f3lo se aplica a las TARIFAS FLEXIBLES. Si has reservado una TARIFA PREPAGADA, se te cobrar\u00e1 el importe total de la reserva, independientemente de cu\u00e1ndo se realice la cancelaci\u00f3n.  <\/p>\n<p>Si necesitas anular o modificar tu reserva, ponte en contacto con nosotros en <a href=\"mailto:\/\/info@leccohostel.com\/es\/\">info@leccohostel.com<\/a> o en el n\u00famero +39 0341 209656.<\/p>\n<p>&nbsp;<\/p>\n<ol start=\"2\">\n<li><strong>Llegadas y salidas<\/strong><\/li>\n<\/ol>\n<p>La hora de entrada es a partir de las 14:00. Si llegas antes de esa hora, disponemos de una c\u00f3moda consigna: \u00a1deja tus maletas y sal a explorar! <\/p>\n<p>La hora de salida es a las 10 de la ma\u00f1ana. Aseg\u00farate de dejar la habitaci\u00f3n a esa hora. Puedes depositar tu equipaje en recepci\u00f3n gratuitamente incluso despu\u00e9s de la salida. En caso de retraso, tendr\u00e1s que pagar un recargo.   <\/p>\n<p>&nbsp;<\/p>\n<ol start=\"3\">\n<li><strong>Facturaci\u00f3n e identificaci\u00f3n en l\u00ednea<\/strong><\/li>\n<\/ol>\n<p>El albergue Lecco utiliza la App Welcome para registrar a los hu\u00e9spedes en l\u00ednea antes de su llegada al albergue mediante el auto check-in. A trav\u00e9s de esta app, cada hu\u00e9sped debe facilitar sus datos y un documento de identidad v\u00e1lido con fotograf\u00eda. El registro en l\u00ednea es obligatorio y a quienes no se registren antes de llegar al albergue se les pedir\u00e1 que lo hagan en recepci\u00f3n.  <\/p>\n<p>Por cada reserva efectuada, el autor de la reserva recibir\u00e1 un correo electr\u00f3nico con todas las instrucciones que debe seguir para completar el registro de todos los hu\u00e9spedes en l\u00ednea antes de su llegada al albergue.<\/p>\n<p>Para registrarte en el albergue y recibir las llaves de tu habitaci\u00f3n, aseg\u00farate de llevar el mismo documento de identidad que facilitaste durante la inscripci\u00f3n en l\u00ednea.<\/p>\n<p>Los hu\u00e9spedes que no dispongan de un documento de identidad v\u00e1lido no podr\u00e1n registrarse y se cancelar\u00e1 la reserva. Se te cobrar\u00e1 la primera noche de la reserva y no se efectuar\u00e1 ning\u00fan reembolso en este caso. <\/p>\n<p>&nbsp;<\/p>\n<ol start=\"4\">\n<li><strong>Precios e impuestos<\/strong><\/li>\n<\/ol>\n<p>Todos los precios se indican en euros. Cuando se hace referencia a HABITACIONES, los precios son por persona y noche. Cuando se hace referencia a HABITACIONES PRIVADAS, los precios son por habitaci\u00f3n y noche, independientemente del n\u00famero de personas que haya en la habitaci\u00f3n. <\/p>\n<p>Los precios no incluyen la tasa tur\u00edstica, que para nuestro albergue es de 1,50 euros por persona y noche. La tasa de estancia se a\u00f1adir\u00e1 al precio diario de la cama\/habitaci\u00f3n y se cobrar\u00e1 al hacer el registro de entrada. (Los hu\u00e9spedes menores de 14 a\u00f1os est\u00e1n exentos de la tasa de estancia y tendr\u00e1n que rellenar y firmar una declaraci\u00f3n de exenci\u00f3n al registrarse).  <\/p>\n<p>Los precios incluyen el IVA.<\/p>\n<p>En caso de pr\u00f3rroga de la reserva, las tarifas aplicadas ser\u00e1n las vigentes en la fecha en que se realice la pr\u00f3rroga.<\/p>\n<p>&nbsp;<\/p>\n<ol start=\"5\">\n<li><strong>Pagos<\/strong><\/li>\n<\/ol>\n<p>El importe de la reserva debe abonarse en el momento de la entrada.<\/p>\n<p>Para reservar una cama con nosotros, es necesario facilitar los datos de una tarjeta de cr\u00e9dito como garant\u00eda. El albergue Lecco se reserva el derecho a cobrar el IMPORTE TOTAL de la reserva en caso de que el hu\u00e9sped no se presente, cancele fuera de plazo o se marche antes de tiempo. <\/p>\n<p>Te informamos de que aceptamos pagos en efectivo, con tarjeta de cr\u00e9dito y por transferencia bancaria.<\/p>\n<ol start=\"6\">\n<li><strong>Restricciones de edad<\/strong><\/li>\n<\/ol>\n<p>Los hu\u00e9spedes menores de 18 a\u00f1os no pueden alojarse en los dormitorios, deben reservar habitaciones privadas, aunque vayan acompa\u00f1ados de sus padres.<\/p>\n<p>Adem\u00e1s, los hu\u00e9spedes menores de 18 a\u00f1os deben:<\/p>\n<p>&#8211; ir acompa\u00f1ado de al menos un adulto (18 a\u00f1os)<br \/>\n&#8211; presentar en el momento de la facturaci\u00f3n la autorizaci\u00f3n impresa firmada por sus padres, si no viajan con ellos<a href=\"https:\/\/leccohostel.com\/es\/wp-content\/uploads\/2023\/06\/Modulo-minorenni.docx\">(formulario para j\u00f3venes descargable aqu\u00ed<\/a>)<br \/>\n&#8211; presentar copias de los documentos de sus padres<br \/>\n&#8211; presentar su documento de identidad<\/p>\n<p>&nbsp;<\/p>\n<ol start=\"7\">\n<li><strong>Asignaci\u00f3n de habitaciones<\/strong><\/li>\n<\/ol>\n<p>A menos que elijas una HABITACI\u00d3N PRIVADA, la reserva se refiere a una CAMA EN UN DORMITORIO COMPARTIDO. Reservar el n\u00famero m\u00e1ximo de camas en un dormitorio no significa reservar un dormitorio entero; las camas asignadas para la reserva pueden estar situadas en diferentes dormitorios, dependiendo de la disponibilidad. <\/p>\n<p>Si viajas con amigos o familiares, te recomendamos que reserves HABITACIONES PRIVADAS para que pod\u00e1is estar juntos.<\/p>\n<p>Ten en cuenta que tenemos DORMITORIOS FEMENINOS, MASCULINOS o MIXTOS (chicos y chicas). As\u00ed que ten cuidado al reservar tu cama y aseg\u00farate de elegir el tipo de dormitorio correcto. <\/p>\n<p>&nbsp;<\/p>\n<ol start=\"8\">\n<li><strong>Llaves electr\u00f3nicas de las habitaciones<\/strong><\/li>\n<\/ol>\n<p>Al registrarte te dar\u00e1n una tarjeta-llave electr\u00f3nica que te dar\u00e1 acceso tanto al albergue como a tu habitaci\u00f3n. Si pierdes la tarjeta llave, se te cobrar\u00e1n 10,00 \u20ac por su sustituci\u00f3n. <\/p>\n<p>&nbsp;<\/p>\n<ol start=\"9\">\n<li><strong>Comportamiento de los invitados<\/strong><\/li>\n<\/ol>\n<p>El confort, la seguridad y la protecci\u00f3n de nuestros hu\u00e9spedes son muy importantes para nosotros. A los hu\u00e9spedes que, en opini\u00f3n de nuestro personal, pongan en peligro la comodidad, la seguridad o la protecci\u00f3n de otros hu\u00e9spedes, del personal o de los residentes locales, se les pedir\u00e1 que abandonen el albergue sin derecho a reembolso. Se espera que los hu\u00e9spedes respeten a los dem\u00e1s hu\u00e9spedes, al personal, a los residentes locales y a la propiedad.  <\/p>\n<ul>\n<li><u>Descanso nocturno<\/u><\/li>\n<\/ul>\n<p>Te rogamos que respetes los horarios de silencio estipulados por ley, evitando hacer ruido entre las 22.00 y las 7.00 horas. Incluso cuando utilices dispositivos, te rogamos que mantengas un volumen moderado para no molestar al resto de los hu\u00e9spedes. <\/p>\n<p>&nbsp;<\/p>\n<ul>\n<li><u>Consumo de alimentos<\/u><\/li>\n<\/ul>\n<p>Por razones higi\u00e9nicas y de seguridad, est\u00e1 prohibido preparar y consumir alimentos en las habitaciones (alarma de incendios instalada)<\/p>\n<p>&nbsp;<\/p>\n<ul>\n<li><u>No fumar\/Sin drogas<\/u><\/li>\n<\/ul>\n<p>La ley proh\u00edbe fumar dentro del albergue, as\u00ed como el consumo de drogas.<\/p>\n<p>Los hu\u00e9spedes pueden fumar delante del edificio, justo fuera.<\/p>\n<p>&nbsp;<\/p>\n<ul>\n<li><u>Consumo de alcohol<\/u><\/li>\n<\/ul>\n<p>No servimos bebidas alcoh\u00f3licas a menores de 18 a\u00f1os.<\/p>\n<p>Los hu\u00e9spedes no pueden llevar su propio alcohol al albergue Lecco; las bebidas alcoh\u00f3licas s\u00f3lo se pueden comprar en el bar del albergue. El alcohol no est\u00e1 permitido dentro de los dormitorios. <\/p>\n<p>&nbsp;<\/p>\n<ol start=\"10\">\n<li><strong>Bienes personales<\/strong><\/li>\n<\/ol>\n<p>Cada cama tiene una taquilla personal dentro del dormitorio. Es responsabilidad del hu\u00e9sped asegurarse de que sus pertenencias personales est\u00e9n a buen recaudo en todo momento. El albergue Lecco no se hace responsable de la p\u00e9rdida, robo o deterioro de las pertenencias de los hu\u00e9spedes. Recomendamos a los hu\u00e9spedes que traigan un candado para el equipaje y las taquillas. Los candados est\u00e1n a la venta en la recepci\u00f3n.    <\/p>\n<p>&nbsp;<\/p>\n<ol start=\"11\">\n<li><strong>Da\u00f1os a la propiedad del Albergue Lecco<\/strong><\/li>\n<\/ol>\n<p>Los hu\u00e9spedes deben reembolsar al Albergue Lecco cualquier da\u00f1o causado por un comportamiento inadecuado durante su estancia. Cualquier cantidad se cargar\u00e1 a la tarjeta de cr\u00e9dito facilitada en el momento de la reserva. <\/p>\n<p>&nbsp;<\/p>\n<ol start=\"12\">\n<li><strong>Responsabilidad<\/strong><\/li>\n<\/ol>\n<p>Salvo en caso de muerte o da\u00f1os personales causados por nuestra negligencia, la responsabilidad del Albergue Lecco se limitar\u00e1 siempre al valor de los servicios reservados.<\/p>\n<p>&nbsp;<\/p>\n<ol start=\"13\">\n<li><strong>Errores y omisiones<\/strong><\/li>\n<\/ol>\n<p>Cualquier omisi\u00f3n o error en la documentaci\u00f3n de venta, p\u00e1ginas web\/sitios web, formulario de pedido, presupuesto, lista de precios, confirmaci\u00f3n de pedido, nota de env\u00edo, factura u otros documentos emitidos por el Albergue Lecco podr\u00e1n ser corregidos por el Albergue Lecco sin responsabilidad alguna. Te informaremos de cualquier cambio en el momento de la reserva o tan pronto como sea razonablemente posible. <\/p>\n<p>&nbsp;<\/p>\n<ol start=\"14\">\n<li><strong>Discreci\u00f3n<\/strong><\/li>\n<\/ol>\n<p>Todas las reservas est\u00e1n sujetas a disponibilidad y el albergue Lecco se reserva el derecho a rechazar cualquier reserva a su discreci\u00f3n. La estancia m\u00e1xima en nuestras instalaciones no puede superar los 15 d\u00edas, aunque no sea continua. <\/p>\n<p>Las personas en un estado psicof\u00edsico manifiestamente alterado no pueden ser alojadas.<\/p>\n<p>&nbsp;<\/p>\n<ol start=\"15\">\n<li><strong>Visitantes<\/strong><\/li>\n<\/ol>\n<p>El acceso a la planta de habitaciones (primer piso) est\u00e1 reservado exclusivamente a los hu\u00e9spedes registrados.<\/p>\n<p>No se permite la entrada a personas ajenas al albergue que no hayan hecho una reserva regular.<\/p>\n<p>No est\u00e1 permitido entrar en habitaciones distintas de la asignada o de aquella en la que se encuentra la cama asignada. Ni siquiera se permiten cambios temporales de HABITACI\u00d3N\/CAMA, a menos que lo autorice la recepci\u00f3n. <\/p>\n<p>&nbsp;<\/p>\n<ol start=\"16\">\n<li><strong>Protecci\u00f3n del medio ambiente<\/strong><\/li>\n<\/ol>\n<p>Por favor, limita tu consumo de agua y electricidad a lo necesario y separa tus residuos en la medida de lo posible utilizando las papeleras situadas en los pisos.<\/p>\n<p>&nbsp;<\/p>\n<ol start=\"17\">\n<li><strong>Quejas<\/strong><\/li>\n<\/ol>\n<p>Cualquier queja o ineficacia debe comunicarse INMEDIATAMENTE al personal de recepci\u00f3n.[\/nectar_responsive_text][\/vc_column][\/vc_row]\n","protected":false},"excerpt":{"rendered":"<p>[vc_row type=\u00bbin_container\u00bb full_screen_row_position=\u00bbmiddle\u00bb column_margin=\u00bbdefault\u00bb column_direction=\u00bbdefault\u00bb column_direction_tablet=\u00bbdefault\u00bb column_direction_phone=\u00bbdefault\u00bb scene_position=\u00bbcenter\u00bb top_padding=\u00bb4%\u00bb constrain_group_1=\u00bbyes\u00bb bottom_padding=\u00bb4%\u00bb text_color=\u00bbdark\u00bb text_align=\u00bbleft\u00bb row_border_radius=\u00bbnone\u00bb row_border_radius_applies=\u00bbbg\u00bb overflow=\u00bbvisible\u00bb overlay_strength=\u00bb0.3&#8243; gradient_direction=\u00bbleft_to_right\u00bb shape_divider_position=\u00bbbottom\u00bb bg_image_animation=\u00bbnone\u00bb gradient_type=\u00bbdefault\u00bb shape_type=\u00bb\u00bb][vc_column column_padding=\u00bbno-extra-padding\u00bb column_padding_tablet=\u00bbinherit\u00bb column_padding_phone=\u00bbinherit\u00bb column_padding_position=\u00bball\u00bb column_element_direction_desktop=\u00bbdefault\u00bb column_element_spacing=\u00bbdefault\u00bb desktop_text_alignment=\u00bbdefault\u00bb tablet_text_alignment=\u00bbdefault\u00bb&#8230;<\/p>\n","protected":false},"author":1,"featured_media":0,"parent":0,"menu_order":0,"comment_status":"closed","ping_status":"closed","template":"","meta":{"footnotes":""},"class_list":["post-3579","page","type-page","status-publish"],"yoast_head":"<!-- This site is optimized with the Yoast SEO plugin v25.3 - https:\/\/yoast.com\/wordpress\/plugins\/seo\/ -->\n<title>Reglamento - Lecco Hostel &amp; Rooms<\/title>\n<meta name=\"robots\" content=\"index, follow, max-snippet:-1, max-image-preview:large, max-video-preview:-1\" \/>\n<link rel=\"canonical\" href=\"https:\/\/leccohostel.com\/es\/reglamento\/\" \/>\n<meta property=\"og:locale\" content=\"es_ES\" \/>\n<meta property=\"og:type\" content=\"article\" \/>\n<meta property=\"og:title\" content=\"Reglamento - Lecco Hostel &amp; Rooms\" \/>\n<meta property=\"og:description\" content=\"[vc_row type=\u00bbin_container\u00bb full_screen_row_position=\u00bbmiddle\u00bb column_margin=\u00bbdefault\u00bb column_direction=\u00bbdefault\u00bb column_direction_tablet=\u00bbdefault\u00bb column_direction_phone=\u00bbdefault\u00bb scene_position=\u00bbcenter\u00bb top_padding=\u00bb4%\u00bb constrain_group_1=\u00bbyes\u00bb bottom_padding=\u00bb4%\u00bb text_color=\u00bbdark\u00bb text_align=\u00bbleft\u00bb row_border_radius=\u00bbnone\u00bb row_border_radius_applies=\u00bbbg\u00bb overflow=\u00bbvisible\u00bb overlay_strength=\u00bb0.3&#8243; gradient_direction=\u00bbleft_to_right\u00bb shape_divider_position=\u00bbbottom\u00bb bg_image_animation=\u00bbnone\u00bb gradient_type=\u00bbdefault\u00bb shape_type=\u00bb\u00bb][vc_column column_padding=\u00bbno-extra-padding\u00bb column_padding_tablet=\u00bbinherit\u00bb column_padding_phone=\u00bbinherit\u00bb column_padding_position=\u00bball\u00bb column_element_direction_desktop=\u00bbdefault\u00bb column_element_spacing=\u00bbdefault\u00bb desktop_text_alignment=\u00bbdefault\u00bb tablet_text_alignment=\u00bbdefault\u00bb...\" \/>\n<meta property=\"og:url\" content=\"https:\/\/leccohostel.com\/es\/reglamento\/\" \/>\n<meta property=\"og:site_name\" content=\"Lecco Hostel &amp; Rooms\" \/>\n<meta property=\"article:publisher\" content=\"https:\/\/www.facebook.com\/leccohostel\/\" \/>\n<meta property=\"article:modified_time\" content=\"2025-05-28T07:07:00+00:00\" \/>\n<meta name=\"twitter:card\" content=\"summary_large_image\" \/>\n<meta name=\"twitter:label1\" content=\"Tiempo de lectura\" \/>\n\t<meta name=\"twitter:data1\" content=\"9 minutos\" \/>\n<script type=\"application\/ld+json\" class=\"yoast-schema-graph\">{\"@context\":\"https:\/\/schema.org\",\"@graph\":[{\"@type\":\"WebPage\",\"@id\":\"https:\/\/leccohostel.com\/es\/reglamento\/\",\"url\":\"https:\/\/leccohostel.com\/es\/reglamento\/\",\"name\":\"Reglamento - Lecco Hostel &amp; Rooms\",\"isPartOf\":{\"@id\":\"https:\/\/leccohostel.com\/es\/#website\"},\"datePublished\":\"2025-04-23T16:26:46+00:00\",\"dateModified\":\"2025-05-28T07:07:00+00:00\",\"breadcrumb\":{\"@id\":\"https:\/\/leccohostel.com\/es\/reglamento\/#breadcrumb\"},\"inLanguage\":\"es\",\"potentialAction\":[{\"@type\":\"ReadAction\",\"target\":[\"https:\/\/leccohostel.com\/es\/reglamento\/\"]}]},{\"@type\":\"BreadcrumbList\",\"@id\":\"https:\/\/leccohostel.com\/es\/reglamento\/#breadcrumb\",\"itemListElement\":[{\"@type\":\"ListItem\",\"position\":1,\"name\":\"Home\",\"item\":\"https:\/\/leccohostel.com\/es\/\"},{\"@type\":\"ListItem\",\"position\":2,\"name\":\"Reglamento\"}]},{\"@type\":\"WebSite\",\"@id\":\"https:\/\/leccohostel.com\/es\/#website\",\"url\":\"https:\/\/leccohostel.com\/es\/\",\"name\":\"Lecco Hostel & Rooms\",\"description\":\"Ostello, Hotel &amp; Ristorante. Prenota ora!\",\"publisher\":{\"@id\":\"https:\/\/leccohostel.com\/es\/#organization\"},\"potentialAction\":[{\"@type\":\"SearchAction\",\"target\":{\"@type\":\"EntryPoint\",\"urlTemplate\":\"https:\/\/leccohostel.com\/es\/?s={search_term_string}\"},\"query-input\":{\"@type\":\"PropertyValueSpecification\",\"valueRequired\":true,\"valueName\":\"search_term_string\"}}],\"inLanguage\":\"es\"},{\"@type\":\"Organization\",\"@id\":\"https:\/\/leccohostel.com\/es\/#organization\",\"name\":\"Lecco Hostel & Rooms\",\"url\":\"https:\/\/leccohostel.com\/es\/\",\"logo\":{\"@type\":\"ImageObject\",\"inLanguage\":\"es\",\"@id\":\"https:\/\/leccohostel.com\/es\/#\/schema\/logo\/image\/\",\"url\":\"https:\/\/leccohostel.com\/wp-content\/uploads\/2025\/04\/cropped-favicon.png\",\"contentUrl\":\"https:\/\/leccohostel.com\/wp-content\/uploads\/2025\/04\/cropped-favicon.png\",\"width\":512,\"height\":512,\"caption\":\"Lecco Hostel & Rooms\"},\"image\":{\"@id\":\"https:\/\/leccohostel.com\/es\/#\/schema\/logo\/image\/\"},\"sameAs\":[\"https:\/\/www.facebook.com\/leccohostel\/\",\"https:\/\/www.instagram.com\/leccohostel\/?__d=1\"]}]}<\/script>\n<!-- \/ Yoast SEO plugin. -->","yoast_head_json":{"title":"Reglamento - Lecco Hostel &amp; Rooms","robots":{"index":"index","follow":"follow","max-snippet":"max-snippet:-1","max-image-preview":"max-image-preview:large","max-video-preview":"max-video-preview:-1"},"canonical":"https:\/\/leccohostel.com\/es\/reglamento\/","og_locale":"es_ES","og_type":"article","og_title":"Reglamento - Lecco Hostel &amp; Rooms","og_description":"[vc_row type=\u00bbin_container\u00bb full_screen_row_position=\u00bbmiddle\u00bb column_margin=\u00bbdefault\u00bb column_direction=\u00bbdefault\u00bb column_direction_tablet=\u00bbdefault\u00bb column_direction_phone=\u00bbdefault\u00bb scene_position=\u00bbcenter\u00bb top_padding=\u00bb4%\u00bb constrain_group_1=\u00bbyes\u00bb bottom_padding=\u00bb4%\u00bb text_color=\u00bbdark\u00bb text_align=\u00bbleft\u00bb row_border_radius=\u00bbnone\u00bb row_border_radius_applies=\u00bbbg\u00bb overflow=\u00bbvisible\u00bb overlay_strength=\u00bb0.3&#8243; gradient_direction=\u00bbleft_to_right\u00bb shape_divider_position=\u00bbbottom\u00bb bg_image_animation=\u00bbnone\u00bb gradient_type=\u00bbdefault\u00bb shape_type=\u00bb\u00bb][vc_column column_padding=\u00bbno-extra-padding\u00bb column_padding_tablet=\u00bbinherit\u00bb column_padding_phone=\u00bbinherit\u00bb column_padding_position=\u00bball\u00bb column_element_direction_desktop=\u00bbdefault\u00bb column_element_spacing=\u00bbdefault\u00bb desktop_text_alignment=\u00bbdefault\u00bb tablet_text_alignment=\u00bbdefault\u00bb...","og_url":"https:\/\/leccohostel.com\/es\/reglamento\/","og_site_name":"Lecco Hostel &amp; Rooms","article_publisher":"https:\/\/www.facebook.com\/leccohostel\/","article_modified_time":"2025-05-28T07:07:00+00:00","twitter_card":"summary_large_image","twitter_misc":{"Tiempo de lectura":"9 minutos"},"schema":{"@context":"https:\/\/schema.org","@graph":[{"@type":"WebPage","@id":"https:\/\/leccohostel.com\/es\/reglamento\/","url":"https:\/\/leccohostel.com\/es\/reglamento\/","name":"Reglamento - Lecco Hostel &amp; Rooms","isPartOf":{"@id":"https:\/\/leccohostel.com\/es\/#website"},"datePublished":"2025-04-23T16:26:46+00:00","dateModified":"2025-05-28T07:07:00+00:00","breadcrumb":{"@id":"https:\/\/leccohostel.com\/es\/reglamento\/#breadcrumb"},"inLanguage":"es","potentialAction":[{"@type":"ReadAction","target":["https:\/\/leccohostel.com\/es\/reglamento\/"]}]},{"@type":"BreadcrumbList","@id":"https:\/\/leccohostel.com\/es\/reglamento\/#breadcrumb","itemListElement":[{"@type":"ListItem","position":1,"name":"Home","item":"https:\/\/leccohostel.com\/es\/"},{"@type":"ListItem","position":2,"name":"Reglamento"}]},{"@type":"WebSite","@id":"https:\/\/leccohostel.com\/es\/#website","url":"https:\/\/leccohostel.com\/es\/","name":"Lecco Hostel & Rooms","description":"Ostello, Hotel &amp; Ristorante. Prenota ora!","publisher":{"@id":"https:\/\/leccohostel.com\/es\/#organization"},"potentialAction":[{"@type":"SearchAction","target":{"@type":"EntryPoint","urlTemplate":"https:\/\/leccohostel.com\/es\/?s={search_term_string}"},"query-input":{"@type":"PropertyValueSpecification","valueRequired":true,"valueName":"search_term_string"}}],"inLanguage":"es"},{"@type":"Organization","@id":"https:\/\/leccohostel.com\/es\/#organization","name":"Lecco Hostel & Rooms","url":"https:\/\/leccohostel.com\/es\/","logo":{"@type":"ImageObject","inLanguage":"es","@id":"https:\/\/leccohostel.com\/es\/#\/schema\/logo\/image\/","url":"https:\/\/leccohostel.com\/wp-content\/uploads\/2025\/04\/cropped-favicon.png","contentUrl":"https:\/\/leccohostel.com\/wp-content\/uploads\/2025\/04\/cropped-favicon.png","width":512,"height":512,"caption":"Lecco Hostel & Rooms"},"image":{"@id":"https:\/\/leccohostel.com\/es\/#\/schema\/logo\/image\/"},"sameAs":["https:\/\/www.facebook.com\/leccohostel\/","https:\/\/www.instagram.com\/leccohostel\/?__d=1"]}]}},"_links":{"self":[{"href":"https:\/\/leccohostel.com\/es\/wp-json\/wp\/v2\/pages\/3579","targetHints":{"allow":["GET"]}}],"collection":[{"href":"https:\/\/leccohostel.com\/es\/wp-json\/wp\/v2\/pages"}],"about":[{"href":"https:\/\/leccohostel.com\/es\/wp-json\/wp\/v2\/types\/page"}],"author":[{"embeddable":true,"href":"https:\/\/leccohostel.com\/es\/wp-json\/wp\/v2\/users\/1"}],"replies":[{"embeddable":true,"href":"https:\/\/leccohostel.com\/es\/wp-json\/wp\/v2\/comments?post=3579"}],"version-history":[{"count":2,"href":"https:\/\/leccohostel.com\/es\/wp-json\/wp\/v2\/pages\/3579\/revisions"}],"predecessor-version":[{"id":3581,"href":"https:\/\/leccohostel.com\/es\/wp-json\/wp\/v2\/pages\/3579\/revisions\/3581"}],"wp:attachment":[{"href":"https:\/\/leccohostel.com\/es\/wp-json\/wp\/v2\/media?parent=3579"}],"curies":[{"name":"wp","href":"https:\/\/api.w.org\/{rel}","templated":true}]}}