{"id":3596,"date":"2025-04-23T16:16:36","date_gmt":"2025-04-23T16:16:36","guid":{"rendered":"https:\/\/leccohostel.com\/politica-de-privacidad\/"},"modified":"2025-05-28T07:12:20","modified_gmt":"2025-05-28T07:12:20","slug":"politica-de-privacidad","status":"publish","type":"page","link":"https:\/\/leccohostel.com\/es\/politica-de-privacidad\/","title":{"rendered":"Pol\u00edtica de privacidad"},"content":{"rendered":"[vc_row type=\u00bbin_container\u00bb full_screen_row_position=\u00bbmiddle\u00bb column_margin=\u00bbdefault\u00bb column_direction=\u00bbdefault\u00bb column_direction_tablet=\u00bbdefault\u00bb column_direction_phone=\u00bbdefault\u00bb scene_position=\u00bbcenter\u00bb top_padding=\u00bb4%\u00bb constrain_group_1=\u00bbyes\u00bb bottom_padding=\u00bb4%\u00bb text_color=\u00bbdark\u00bb text_align=\u00bbleft\u00bb row_border_radius=\u00bbnone\u00bb row_border_radius_applies=\u00bbbg\u00bb overflow=\u00bbvisible\u00bb overlay_strength=\u00bb0.3&#8243; gradient_direction=\u00bbleft_to_right\u00bb shape_divider_position=\u00bbbottom\u00bb bg_image_animation=\u00bbnone\u00bb gradient_type=\u00bbdefault\u00bb shape_type=\u00bb\u00bb][vc_column column_padding=\u00bbno-extra-padding\u00bb column_padding_tablet=\u00bbinherit\u00bb column_padding_phone=\u00bbinherit\u00bb column_padding_position=\u00bball\u00bb column_element_direction_desktop=\u00bbdefault\u00bb column_element_spacing=\u00bbdefault\u00bb desktop_text_alignment=\u00bbdefault\u00bb tablet_text_alignment=\u00bbdefault\u00bb phone_text_alignment=\u00bbdefault\u00bb background_color_opacity=\u00bb1&#8243; background_hover_color_opacity=\u00bb1&#8243; column_backdrop_filter=\u00bbnone\u00bb column_shadow=\u00bbnone\u00bb column_border_radius=\u00bbnone\u00bb column_link_target=\u00bb_self\u00bb column_position=\u00bbdefault\u00bb gradient_direction=\u00bbleft_to_right\u00bb overlay_strength=\u00bb0.3&#8243; width=\u00bb1\/1&#8243; tablet_width_inherit=\u00bbdefault\u00bb animation_type=\u00bbdefault\u00bb bg_image_animation=\u00bbnone\u00bb border_type=\u00bbsimple\u00bb column_border_width=\u00bbnone\u00bb column_border_style=\u00bbsolid\u00bb][split_line_heading animation_type=\u00bbline-reveal-by-space\u00bb font_style=\u00bbh1&#8243; text_color=\u00bb#000000&#8243; line_reveal_by_space_text_effect=\u00bbdefault\u00bb stagger_animation=\u00bbtrue\u00bb mobile_disable_animation=\u00bbtrue\u00bb content_alignment=\u00bbdefault\u00bb mobile_content_alignment=\u00bbinherit\u00bb link_target=\u00bb_self\u00bb text_content=\u00bbPol\u00edtica de privacidad\u00bb font_line_height=\u00bb1.3&#8243; text_direction=\u00bbdefault\u00bb][\/split_line_heading][nectar_responsive_text inherited_font_style=\u00bbdefault\u00bb text_color=\u00bb#000000&#8243; text_direction=\u00bbdefault\u00bb]\n<div id=\"fws_6809121dc72ce\" class=\"wpb_row vc_row-fluid vc_row top-level\" data-column-margin=\"default\" data-midnight=\"dark\">\n<div class=\"row_col_wrap_12 col span_12 dark left\">\n<div class=\"vc_col-sm-12 wpb_column column_container vc_column_container col no-extra-padding inherit_tablet inherit_phone \" data-padding-pos=\"all\" data-has-bg-color=\"false\" data-bg-color=\"\" data-bg-opacity=\"1\" data-animation=\"\" data-delay=\"0\">\n<div class=\"vc_column-inner\">\n<div class=\"wpb_wrapper\">\n<div class=\"nectar-split-heading markup-generated animated-in\" data-align=\"default\" data-m-align=\"inherit\" data-text-effect=\"default\" data-animation-type=\"line-reveal-by-space\" data-animation-delay=\"0\" data-animation-offset=\"\" data-m-rm-animation=\"\" data-stagger=\"\" data-custom-font-size=\"false\">\n<h5><strong style=\"font-size: 16px;\">(1) Legislaci\u00f3n relevante y destinatarios de la Pol\u00edtica de Privacidad<\/strong><\/h5>\n<\/div>\n<\/div>\n<\/div>\n<\/div>\n<\/div>\n<\/div>\n<div id=\"fws_6809121dc8106\" class=\"wpb_row vc_row-fluid vc_row\" data-column-margin=\"default\" data-midnight=\"dark\">\n<div class=\"row_col_wrap_12 col span_12 dark left\">\n<div class=\"vc_col-sm-12 wpb_column column_container vc_column_container col no-extra-padding inherit_tablet inherit_phone \" data-padding-pos=\"all\" data-has-bg-color=\"false\" data-bg-color=\"\" data-bg-opacity=\"1\" data-animation=\"\" data-delay=\"0\">\n<div class=\"vc_column-inner\">\n<div class=\"wpb_wrapper\">\n<div class=\"wpb_text_column wpb_content_element \">\n<div class=\"wpb_wrapper\">\n<p>El Reglamento General de Protecci\u00f3n de Datos europeo (Reg. n.\u00ba 679\/2016, de 26 de abril de 2016, relativo a la protecci\u00f3n de las personas f\u00edsicas en lo que respecta al tratamiento de datos personales y a la libre circulaci\u00f3n de estos datos, en particular la Disposici\u00f3n n.\u00ba 13 del Reglamento, tambi\u00e9n denominado en el siguiente documento \u201cGDPR\u201d) tiene como objetivo garantizar que el tratamiento de datos personales se lleve a cabo respetando los derechos, las libertades fundamentales y la dignidad de las personas f\u00edsicas, con especial atenci\u00f3n a la confidencialidad y la identidad personal. El GDPR exige que los interesados o la persona de la que se recojan datos personales reciban informaci\u00f3n espec\u00edfica sobre los fines y m\u00e9todos del tratamiento de datos. Si eres menor de 18 (dieciocho) a\u00f1os, o si tienes capacidad de obrar limitada, esta Pol\u00edtica de Privacidad est\u00e1 dirigida al responsable del tratamiento, tal y como lo identifica la legislaci\u00f3n italiana vigente, que es la \u00fanica persona con derecho a darnos su consentimiento para procesar tus datos personales.  <\/p>\n<h5><strong>(2) Responsable del tratamiento y encargados del tratamiento<\/strong><\/h5>\n<p>De conformidad con el GDPR, Lecco Hostel (Ristogest S.r.l.) con domicilio social en Lecco (LC), Via Carlo Cattaneo n. 42\/H, C.F. 02958770162, correo electr\u00f3nico: info@leccohostel.com (en lo sucesivo, \u201cResponsable del tratamiento\u201d) es responsable del tratamiento de tus datos personales adquiridos mediante la recopilaci\u00f3n de la documentaci\u00f3n necesaria para el proceso de registro. Puedes solicitar la lista completa de Responsables del tratamiento (tanto internos como terceros) enviando un correo electr\u00f3nico a la siguiente direcci\u00f3n: info@leccohostel.com.  <\/p>\n<h5><strong>(3) Tipos de datos recogidos y fines del tratamiento<\/strong><\/h5>\n<p>El Responsable del Tratamiento garantiza que tus datos introducidos en el formulario adjunto se recoger\u00e1n y tratar\u00e1n de conformidad con el GDPR y s\u00f3lo se almacenar\u00e1n durante el tiempo estrictamente necesario para la prestaci\u00f3n del servicio de hotellerie solicitado. La licitud del tratamiento se basa en que el tratamiento en s\u00ed es necesario para la ejecuci\u00f3n de un contrato en el que el interesado es parte (art. 6.1-b del RGPD) o, en su caso, el tratamiento es necesario para cumplir una obligaci\u00f3n legal a la que est\u00e1 sujeto el Responsable del tratamiento (art. 6.1-c del RGPD). S\u00f3lo si nos das tu consentimiento expl\u00edcito, marcando la casilla \u201cConsiento el tratamiento de mis datos con fines de promoci\u00f3n y marketing directo\/indirecto\u201d, utilizaremos tus datos para enviarte actualizaciones y noticias sobre nuestras actividades (incluso cuando se realicen en asociaci\u00f3n y\/o colaboraci\u00f3n con otras partes), en particular sobre servicios y eventos, encuestas y\/o opiniones y\/o descuentos dedicados y para otro tipo de comunicaciones relacionadas con los servicios y para el tratamiento estad\u00edstico de estudios e investigaciones. La legitimidad de este tipo de tratamiento es tu consentimiento expl\u00edcito (Art. 6.1-a del GDPR) al tratamiento de tus datos personales para fines espec\u00edficos. Tu consentimiento es facultativo (y puedes modificarlo libremente, aunque lo hayas consentido, enviando una solicitud a la siguiente direcci\u00f3n de correo electr\u00f3nico: info@leccohostel.com o a trav\u00e9s de otro medio indicado por el Responsable del Tratamiento sin m\u00e1s tr\u00e1mites); tu negativa no imposibilitar\u00e1 la realizaci\u00f3n de los tr\u00e1mites indicados m\u00e1s adelante.    <\/p>\n<h5><strong>(4) Destinatarios de los datos personales<\/strong><\/h5>\n<p>Tus Datos Personales podr\u00e1n ser comunicados a entidades privadas o p\u00fablicas que, en estricto cumplimiento de la legislaci\u00f3n vigente, puedan tener acceso a los datos de acuerdo con la obligaci\u00f3n legal vigente (a t\u00edtulo de ejemplo, pero no limitativo, funcionarios de la Administraci\u00f3n Financiera); a empresas supervisoras, en la medida estrictamente necesaria para que puedan desempe\u00f1ar sus funciones; a entidades que sean consultoras del Responsable del Tratamiento, previa carta expl\u00edcita como Responsable del Tratamiento del Responsable del Tratamiento solicitando que se garantice la confidencialidad y seguridad del tratamiento de los datos. En ning\u00fan caso tus Datos Personales ser\u00e1n compartidos o divulgados o comunicados, con las excepciones indicadas anteriormente, a terceros. <\/p>\n<h5><strong>(5) Derechos de los interesados<\/strong><\/h5>\n<p>Te recordamos que el GDPR te concede el ejercicio de derechos espec\u00edficos. Entre ellos, tienes derecho a obtener la confirmaci\u00f3n de la existencia de tus datos personales aunque a\u00fan no est\u00e9n registrados, la comunicaci\u00f3n en formato accesible de tus datos, su origen y la metodolog\u00eda y finalidad del tratamiento. En particular, el interesado tendr\u00e1 derecho a obtener: confirmaci\u00f3n de si se est\u00e1n tratando o no datos personales que le conciernen y, en caso afirmativo, acceso a los datos personales (derecho de acceso, de conformidad con el art. 15 del RGPD); rectificaci\u00f3n de los datos personales inexactos que le conciernan o complemento de los datos personales incompletos (derecho de rectificaci\u00f3n, de conformidad con el art. 16 del RGPD); supresi\u00f3n de los datos en formato accesible, su origen y la metodolog\u00eda y finalidad del tratamiento. 16 GDPR); la supresi\u00f3n de tus datos si se aplica uno de los motivos previstos en el Reglamento (derecho de supresi\u00f3n, ex art. 17 GDPR); la restricci\u00f3n del tratamiento de tus datos si se aplica una de las condiciones previstas en el Reglamento (derecho de restricci\u00f3n del tratamiento, ex art. 18 GDPR); el derecho a solicitar una lista completa y actualizada de todos los Procesadores de Datos autorizados a tratar tus datos personales.   <\/p>\n<h5><strong>(6) Protecci\u00f3n de datos personales<\/strong><\/h5>\n<p>El responsable del tratamiento utiliza tecnolog\u00edas de seguridad especialmente avanzadas para proteger la privacidad e integridad de tus datos.<\/p>\n<h5><strong>(7) Periodo de conservaci\u00f3n de los datos personales<\/strong><\/h5>\n<p>Conservaremos tus datos personales durante el tiempo que sea necesario para cumplir obligaciones legales, resolver disputas legales y ejecutar y cumplir acuerdos. Tus datos personales se conservar\u00e1n, de conformidad con la ley, durante un periodo no superior al necesario para perseguir los fines para los que el Responsable los est\u00e1 tratando. En particular: en relaci\u00f3n con el contrato en vigor, los datos se conservar\u00e1n durante los plazos definidos por la normativa vigente. En caso de resoluci\u00f3n de la relaci\u00f3n contractual, los datos de naturaleza civil se conservar\u00e1n durante diez a\u00f1os; en relaci\u00f3n con la gesti\u00f3n de los datos personales que el usuario haya facilitado voluntariamente al registrarse en nuestros servicios accesibles a trav\u00e9s de credenciales y\/o el bolet\u00edn informativo, conservaremos los datos mientras el registro est\u00e9 activo; en relaci\u00f3n con el tratamiento de los datos personales del usuario con fines de marketing y el an\u00e1lisis del comportamiento y las elecciones de los consumidores, s\u00f3lo en caso de que el usuario nos haya dado su consentimiento espec\u00edfico (opcional), conservaremos los datos recogidos \u00fanicamente durante el periodo estrictamente necesario para gestionar los fines mencionados. Almacenaremos estos datos de acuerdo con criterios que cumplan la legislaci\u00f3n vigente y equilibren los intereses leg\u00edtimos del Responsable del Tratamiento con los derechos y libertades de los usuarios. El Responsable del Tratamiento utilizar\u00e1 los datos del usuario para estos fines durante un plazo m\u00e1ximo de 24 meses, transcurrido el cual proceder\u00e1 a su supresi\u00f3n, en ausencia de normas espec\u00edficas que definan plazos de conservaci\u00f3n distintos y de un nuevo consentimiento expl\u00edcito de uso, que ser\u00e1 necesario cuando se aproxime la fecha de caducidad. En relaci\u00f3n con los datos personales de los usuarios para la elaboraci\u00f3n de perfiles, s\u00f3lo en el caso de que el usuario haya prestado su consentimiento espec\u00edfico (opci\u00f3n), el Responsable del Tratamiento conservar\u00e1 los datos durante el plazo estrictamente necesario para gestionar las finalidades descritas anteriormente. Almacenaremos estos datos de acuerdo con criterios que cumplan la legislaci\u00f3n vigente y equilibren nuestros intereses leg\u00edtimos y los derechos y libertades del usuario. Utilizaremos los datos del usuario para estos fines durante un periodo m\u00e1ximo de 12 meses, tras el cual procederemos a su supresi\u00f3n, en ausencia de normativa espec\u00edfica que defina periodos de conservaci\u00f3n diferentes y de un nuevo consentimiento expl\u00edcito de uso, que se requerir\u00e1 a medida que se acerque la fecha de caducidad.        <\/p>\n<h5><strong>(8) Informaci\u00f3n<\/strong><\/h5>\n<p>Puedes ejercer los derechos mencionados en cualquier momento enviando una simple solicitud al Responsable del Tratamiento a la siguiente direcci\u00f3n de correo electr\u00f3nico: info@leccohostel.com o a la direcci\u00f3n f\u00edsica indicada en la disposici\u00f3n \u201cResponsable del Tratamiento\u201d.<\/p>\n<p>Nos pondremos en contacto contigo lo antes posible y, en cualquier caso, en un plazo inferior a 30 (treinta) d\u00edas a partir de la fecha de tu solicitud.<\/p>\n<h5><strong>(9) Quejas<\/strong><\/h5>\n<p>Si crees que se ha infringido la Ley de Protecci\u00f3n de Datos en relaci\u00f3n con el tratamiento de tus datos personales, tienes derecho a presentar una reclamaci\u00f3n ante la Autoridad Local de Protecci\u00f3n de Datos del Espacio Econ\u00f3mico Europeo (EEE). En el siguiente enlace encontrar\u00e1s informaci\u00f3n sobre las distintas Autoridades Locales, en funci\u00f3n de tu pa\u00eds.   <a href=\"http:\/\/www.garanteprivacy.it\/web\/guest\/home\/footer\/link\/\">http:\/\/www.garanteprivacy.it\/web\/guest\/home\/footer\/link<\/a><\/p>\n<\/div>\n<\/div>\n<\/div>\n<\/div>\n<\/div>\n<\/div>\n<\/div>\n[\/nectar_responsive_text][\/vc_column][\/vc_row]\n","protected":false},"excerpt":{"rendered":"<p>[vc_row type=\u00bbin_container\u00bb full_screen_row_position=\u00bbmiddle\u00bb column_margin=\u00bbdefault\u00bb column_direction=\u00bbdefault\u00bb column_direction_tablet=\u00bbdefault\u00bb column_direction_phone=\u00bbdefault\u00bb scene_position=\u00bbcenter\u00bb top_padding=\u00bb4%\u00bb constrain_group_1=\u00bbyes\u00bb bottom_padding=\u00bb4%\u00bb text_color=\u00bbdark\u00bb text_align=\u00bbleft\u00bb row_border_radius=\u00bbnone\u00bb row_border_radius_applies=\u00bbbg\u00bb overflow=\u00bbvisible\u00bb overlay_strength=\u00bb0.3&#8243; gradient_direction=\u00bbleft_to_right\u00bb shape_divider_position=\u00bbbottom\u00bb bg_image_animation=\u00bbnone\u00bb gradient_type=\u00bbdefault\u00bb shape_type=\u00bb\u00bb][vc_column column_padding=\u00bbno-extra-padding\u00bb column_padding_tablet=\u00bbinherit\u00bb column_padding_phone=\u00bbinherit\u00bb column_padding_position=\u00bball\u00bb column_element_direction_desktop=\u00bbdefault\u00bb column_element_spacing=\u00bbdefault\u00bb desktop_text_alignment=\u00bbdefault\u00bb tablet_text_alignment=\u00bbdefault\u00bb&#8230;<\/p>\n","protected":false},"author":1,"featured_media":0,"parent":0,"menu_order":0,"comment_status":"closed","ping_status":"closed","template":"","meta":{"footnotes":""},"class_list":["post-3596","page","type-page","status-publish"],"yoast_head":"<!-- This site is optimized with the Yoast SEO plugin v25.3 - https:\/\/yoast.com\/wordpress\/plugins\/seo\/ -->\n<title>Pol\u00edtica de privacidad - Lecco Hostel &amp; Rooms<\/title>\n<meta name=\"robots\" content=\"index, follow, max-snippet:-1, max-image-preview:large, max-video-preview:-1\" \/>\n<link rel=\"canonical\" href=\"https:\/\/leccohostel.com\/es\/politica-de-privacidad\/\" \/>\n<meta property=\"og:locale\" content=\"es_ES\" \/>\n<meta property=\"og:type\" content=\"article\" \/>\n<meta property=\"og:title\" content=\"Pol\u00edtica de privacidad - Lecco Hostel &amp; Rooms\" \/>\n<meta property=\"og:description\" content=\"[vc_row type=\u00bbin_container\u00bb full_screen_row_position=\u00bbmiddle\u00bb column_margin=\u00bbdefault\u00bb column_direction=\u00bbdefault\u00bb column_direction_tablet=\u00bbdefault\u00bb column_direction_phone=\u00bbdefault\u00bb scene_position=\u00bbcenter\u00bb top_padding=\u00bb4%\u00bb constrain_group_1=\u00bbyes\u00bb bottom_padding=\u00bb4%\u00bb text_color=\u00bbdark\u00bb text_align=\u00bbleft\u00bb row_border_radius=\u00bbnone\u00bb row_border_radius_applies=\u00bbbg\u00bb overflow=\u00bbvisible\u00bb overlay_strength=\u00bb0.3&#8243; gradient_direction=\u00bbleft_to_right\u00bb shape_divider_position=\u00bbbottom\u00bb bg_image_animation=\u00bbnone\u00bb gradient_type=\u00bbdefault\u00bb shape_type=\u00bb\u00bb][vc_column column_padding=\u00bbno-extra-padding\u00bb column_padding_tablet=\u00bbinherit\u00bb column_padding_phone=\u00bbinherit\u00bb column_padding_position=\u00bball\u00bb column_element_direction_desktop=\u00bbdefault\u00bb column_element_spacing=\u00bbdefault\u00bb desktop_text_alignment=\u00bbdefault\u00bb tablet_text_alignment=\u00bbdefault\u00bb...\" \/>\n<meta property=\"og:url\" content=\"https:\/\/leccohostel.com\/es\/politica-de-privacidad\/\" \/>\n<meta property=\"og:site_name\" content=\"Lecco Hostel &amp; Rooms\" \/>\n<meta property=\"article:publisher\" content=\"https:\/\/www.facebook.com\/leccohostel\/\" \/>\n<meta property=\"article:modified_time\" content=\"2025-05-28T07:12:20+00:00\" \/>\n<meta name=\"twitter:card\" content=\"summary_large_image\" \/>\n<meta name=\"twitter:label1\" content=\"Tiempo de lectura\" \/>\n\t<meta name=\"twitter:data1\" content=\"9 minutos\" \/>\n<script type=\"application\/ld+json\" class=\"yoast-schema-graph\">{\"@context\":\"https:\/\/schema.org\",\"@graph\":[{\"@type\":\"WebPage\",\"@id\":\"https:\/\/leccohostel.com\/es\/politica-de-privacidad\/\",\"url\":\"https:\/\/leccohostel.com\/es\/politica-de-privacidad\/\",\"name\":\"Pol\u00edtica de privacidad - Lecco Hostel &amp; Rooms\",\"isPartOf\":{\"@id\":\"https:\/\/leccohostel.com\/es\/#website\"},\"datePublished\":\"2025-04-23T16:16:36+00:00\",\"dateModified\":\"2025-05-28T07:12:20+00:00\",\"breadcrumb\":{\"@id\":\"https:\/\/leccohostel.com\/es\/politica-de-privacidad\/#breadcrumb\"},\"inLanguage\":\"es\",\"potentialAction\":[{\"@type\":\"ReadAction\",\"target\":[\"https:\/\/leccohostel.com\/es\/politica-de-privacidad\/\"]}]},{\"@type\":\"BreadcrumbList\",\"@id\":\"https:\/\/leccohostel.com\/es\/politica-de-privacidad\/#breadcrumb\",\"itemListElement\":[{\"@type\":\"ListItem\",\"position\":1,\"name\":\"Home\",\"item\":\"https:\/\/leccohostel.com\/es\/\"},{\"@type\":\"ListItem\",\"position\":2,\"name\":\"Pol\u00edtica de privacidad\"}]},{\"@type\":\"WebSite\",\"@id\":\"https:\/\/leccohostel.com\/es\/#website\",\"url\":\"https:\/\/leccohostel.com\/es\/\",\"name\":\"Lecco Hostel & Rooms\",\"description\":\"Ostello, Hotel &amp; Ristorante. Prenota ora!\",\"publisher\":{\"@id\":\"https:\/\/leccohostel.com\/es\/#organization\"},\"potentialAction\":[{\"@type\":\"SearchAction\",\"target\":{\"@type\":\"EntryPoint\",\"urlTemplate\":\"https:\/\/leccohostel.com\/es\/?s={search_term_string}\"},\"query-input\":{\"@type\":\"PropertyValueSpecification\",\"valueRequired\":true,\"valueName\":\"search_term_string\"}}],\"inLanguage\":\"es\"},{\"@type\":\"Organization\",\"@id\":\"https:\/\/leccohostel.com\/es\/#organization\",\"name\":\"Lecco Hostel & Rooms\",\"url\":\"https:\/\/leccohostel.com\/es\/\",\"logo\":{\"@type\":\"ImageObject\",\"inLanguage\":\"es\",\"@id\":\"https:\/\/leccohostel.com\/es\/#\/schema\/logo\/image\/\",\"url\":\"https:\/\/leccohostel.com\/wp-content\/uploads\/2025\/04\/cropped-favicon.png\",\"contentUrl\":\"https:\/\/leccohostel.com\/wp-content\/uploads\/2025\/04\/cropped-favicon.png\",\"width\":512,\"height\":512,\"caption\":\"Lecco Hostel & Rooms\"},\"image\":{\"@id\":\"https:\/\/leccohostel.com\/es\/#\/schema\/logo\/image\/\"},\"sameAs\":[\"https:\/\/www.facebook.com\/leccohostel\/\",\"https:\/\/www.instagram.com\/leccohostel\/?__d=1\"]}]}<\/script>\n<!-- \/ Yoast SEO plugin. -->","yoast_head_json":{"title":"Pol\u00edtica de privacidad - Lecco Hostel &amp; Rooms","robots":{"index":"index","follow":"follow","max-snippet":"max-snippet:-1","max-image-preview":"max-image-preview:large","max-video-preview":"max-video-preview:-1"},"canonical":"https:\/\/leccohostel.com\/es\/politica-de-privacidad\/","og_locale":"es_ES","og_type":"article","og_title":"Pol\u00edtica de privacidad - Lecco Hostel &amp; Rooms","og_description":"[vc_row type=\u00bbin_container\u00bb full_screen_row_position=\u00bbmiddle\u00bb column_margin=\u00bbdefault\u00bb column_direction=\u00bbdefault\u00bb column_direction_tablet=\u00bbdefault\u00bb column_direction_phone=\u00bbdefault\u00bb scene_position=\u00bbcenter\u00bb top_padding=\u00bb4%\u00bb constrain_group_1=\u00bbyes\u00bb bottom_padding=\u00bb4%\u00bb text_color=\u00bbdark\u00bb text_align=\u00bbleft\u00bb row_border_radius=\u00bbnone\u00bb row_border_radius_applies=\u00bbbg\u00bb overflow=\u00bbvisible\u00bb overlay_strength=\u00bb0.3&#8243; gradient_direction=\u00bbleft_to_right\u00bb shape_divider_position=\u00bbbottom\u00bb bg_image_animation=\u00bbnone\u00bb gradient_type=\u00bbdefault\u00bb shape_type=\u00bb\u00bb][vc_column column_padding=\u00bbno-extra-padding\u00bb column_padding_tablet=\u00bbinherit\u00bb column_padding_phone=\u00bbinherit\u00bb column_padding_position=\u00bball\u00bb column_element_direction_desktop=\u00bbdefault\u00bb column_element_spacing=\u00bbdefault\u00bb desktop_text_alignment=\u00bbdefault\u00bb tablet_text_alignment=\u00bbdefault\u00bb...","og_url":"https:\/\/leccohostel.com\/es\/politica-de-privacidad\/","og_site_name":"Lecco Hostel &amp; Rooms","article_publisher":"https:\/\/www.facebook.com\/leccohostel\/","article_modified_time":"2025-05-28T07:12:20+00:00","twitter_card":"summary_large_image","twitter_misc":{"Tiempo de lectura":"9 minutos"},"schema":{"@context":"https:\/\/schema.org","@graph":[{"@type":"WebPage","@id":"https:\/\/leccohostel.com\/es\/politica-de-privacidad\/","url":"https:\/\/leccohostel.com\/es\/politica-de-privacidad\/","name":"Pol\u00edtica de privacidad - Lecco Hostel &amp; Rooms","isPartOf":{"@id":"https:\/\/leccohostel.com\/es\/#website"},"datePublished":"2025-04-23T16:16:36+00:00","dateModified":"2025-05-28T07:12:20+00:00","breadcrumb":{"@id":"https:\/\/leccohostel.com\/es\/politica-de-privacidad\/#breadcrumb"},"inLanguage":"es","potentialAction":[{"@type":"ReadAction","target":["https:\/\/leccohostel.com\/es\/politica-de-privacidad\/"]}]},{"@type":"BreadcrumbList","@id":"https:\/\/leccohostel.com\/es\/politica-de-privacidad\/#breadcrumb","itemListElement":[{"@type":"ListItem","position":1,"name":"Home","item":"https:\/\/leccohostel.com\/es\/"},{"@type":"ListItem","position":2,"name":"Pol\u00edtica de privacidad"}]},{"@type":"WebSite","@id":"https:\/\/leccohostel.com\/es\/#website","url":"https:\/\/leccohostel.com\/es\/","name":"Lecco Hostel & Rooms","description":"Ostello, Hotel &amp; Ristorante. Prenota ora!","publisher":{"@id":"https:\/\/leccohostel.com\/es\/#organization"},"potentialAction":[{"@type":"SearchAction","target":{"@type":"EntryPoint","urlTemplate":"https:\/\/leccohostel.com\/es\/?s={search_term_string}"},"query-input":{"@type":"PropertyValueSpecification","valueRequired":true,"valueName":"search_term_string"}}],"inLanguage":"es"},{"@type":"Organization","@id":"https:\/\/leccohostel.com\/es\/#organization","name":"Lecco Hostel & Rooms","url":"https:\/\/leccohostel.com\/es\/","logo":{"@type":"ImageObject","inLanguage":"es","@id":"https:\/\/leccohostel.com\/es\/#\/schema\/logo\/image\/","url":"https:\/\/leccohostel.com\/wp-content\/uploads\/2025\/04\/cropped-favicon.png","contentUrl":"https:\/\/leccohostel.com\/wp-content\/uploads\/2025\/04\/cropped-favicon.png","width":512,"height":512,"caption":"Lecco Hostel & Rooms"},"image":{"@id":"https:\/\/leccohostel.com\/es\/#\/schema\/logo\/image\/"},"sameAs":["https:\/\/www.facebook.com\/leccohostel\/","https:\/\/www.instagram.com\/leccohostel\/?__d=1"]}]}},"_links":{"self":[{"href":"https:\/\/leccohostel.com\/es\/wp-json\/wp\/v2\/pages\/3596","targetHints":{"allow":["GET"]}}],"collection":[{"href":"https:\/\/leccohostel.com\/es\/wp-json\/wp\/v2\/pages"}],"about":[{"href":"https:\/\/leccohostel.com\/es\/wp-json\/wp\/v2\/types\/page"}],"author":[{"embeddable":true,"href":"https:\/\/leccohostel.com\/es\/wp-json\/wp\/v2\/users\/1"}],"replies":[{"embeddable":true,"href":"https:\/\/leccohostel.com\/es\/wp-json\/wp\/v2\/comments?post=3596"}],"version-history":[{"count":1,"href":"https:\/\/leccohostel.com\/es\/wp-json\/wp\/v2\/pages\/3596\/revisions"}],"predecessor-version":[{"id":3599,"href":"https:\/\/leccohostel.com\/es\/wp-json\/wp\/v2\/pages\/3596\/revisions\/3599"}],"wp:attachment":[{"href":"https:\/\/leccohostel.com\/es\/wp-json\/wp\/v2\/media?parent=3596"}],"curies":[{"name":"wp","href":"https:\/\/api.w.org\/{rel}","templated":true}]}}