{"id":3639,"date":"2025-04-23T16:20:57","date_gmt":"2025-04-23T16:20:57","guid":{"rendered":"https:\/\/leccohostel.com\/politica-de-cookies\/"},"modified":"2025-05-28T07:18:21","modified_gmt":"2025-05-28T07:18:21","slug":"politica-de-cookies","status":"publish","type":"page","link":"https:\/\/leccohostel.com\/es\/politica-de-cookies\/","title":{"rendered":"Pol\u00edtica de cookies"},"content":{"rendered":"[vc_row type=\u00bbin_container\u00bb full_screen_row_position=\u00bbmiddle\u00bb column_margin=\u00bbdefault\u00bb column_direction=\u00bbdefault\u00bb column_direction_tablet=\u00bbdefault\u00bb column_direction_phone=\u00bbdefault\u00bb scene_position=\u00bbcenter\u00bb top_padding=\u00bb4%\u00bb constrain_group_1=\u00bbyes\u00bb bottom_padding=\u00bb4%\u00bb text_color=\u00bbdark\u00bb text_align=\u00bbleft\u00bb row_border_radius=\u00bbnone\u00bb row_border_radius_applies=\u00bbbg\u00bb overflow=\u00bbvisible\u00bb overlay_strength=\u00bb0.3&#8243; gradient_direction=\u00bbleft_to_right\u00bb shape_divider_position=\u00bbbottom\u00bb bg_image_animation=\u00bbnone\u00bb gradient_type=\u00bbdefault\u00bb shape_type=\u00bb\u00bb][vc_column column_padding=\u00bbno-extra-padding\u00bb column_padding_tablet=\u00bbinherit\u00bb column_padding_phone=\u00bbinherit\u00bb column_padding_position=\u00bball\u00bb column_element_direction_desktop=\u00bbdefault\u00bb column_element_spacing=\u00bbdefault\u00bb desktop_text_alignment=\u00bbdefault\u00bb tablet_text_alignment=\u00bbdefault\u00bb phone_text_alignment=\u00bbdefault\u00bb background_color_opacity=\u00bb1&#8243; background_hover_color_opacity=\u00bb1&#8243; column_backdrop_filter=\u00bbnone\u00bb column_shadow=\u00bbnone\u00bb column_border_radius=\u00bbnone\u00bb column_link_target=\u00bb_self\u00bb column_position=\u00bbdefault\u00bb gradient_direction=\u00bbleft_to_right\u00bb overlay_strength=\u00bb0.3&#8243; width=\u00bb1\/1&#8243; tablet_width_inherit=\u00bbdefault\u00bb animation_type=\u00bbdefault\u00bb bg_image_animation=\u00bbnone\u00bb border_type=\u00bbsimple\u00bb column_border_width=\u00bbnone\u00bb column_border_style=\u00bbsolid\u00bb][split_line_heading animation_type=\u00bbline-reveal-by-space\u00bb font_style=\u00bbh1&#8243; text_color=\u00bb#000000&#8243; line_reveal_by_space_text_effect=\u00bbdefault\u00bb stagger_animation=\u00bbtrue\u00bb mobile_disable_animation=\u00bbtrue\u00bb content_alignment=\u00bbdefault\u00bb mobile_content_alignment=\u00bbinherit\u00bb link_target=\u00bb_self\u00bb text_content=\u00bbPol\u00edtica de cookies\u00bb font_line_height=\u00bb1.3&#8243; text_direction=\u00bbdefault\u00bb][\/split_line_heading][nectar_responsive_text inherited_font_style=\u00bbdefault\u00bb text_color=\u00bb#000000&#8243; text_direction=\u00bbdefault\u00bb]\n<h5>Uso de cookies<\/h5>\n<p>El \u201cSitio\u201d (leccohostel.com) utiliza cookies para hacer que sus servicios sean sencillos y eficientes para los usuarios que consultan las p\u00e1ginas del sitio. Las cookies son peque\u00f1os archivos de texto que se guardan en los dispositivos que se utilizan. Nuestras cookies nos permiten  <\/p>\n<ul>\n<li>Almacenar las preferencias introducidas<\/li>\n<li>Evita volver a introducir la informaci\u00f3n varias veces (por ejemplo, nombre de usuario\/contrase\u00f1a)<\/li>\n<li>Analizar el uso del sitio para optimizar el contenido y los servicios<\/li>\n<\/ul>\n<p>&nbsp;<\/p>\n<h3>Tipos de cookies<\/h3>\n<h5>Cookies t\u00e9cnicas<\/h5>\n<p>Permiten que determinadas secciones del sitio funcionen correctamente. Se dividen en: <\/p>\n<ul>\n<li><strong>Persistentes<\/strong>: permanecen incluso despu\u00e9s de cerrar el navegador<\/li>\n<li><strong>Sesi\u00f3n<\/strong>: se borran cuando se cierra el navegador<\/li>\n<\/ul>\n<p>Estas cookies est\u00e1n siempre activas, a menos que se cambien manualmente en el navegador.<\/p>\n<h5>Cookies anal\u00edticas<\/h5>\n<p>Recogen datos an\u00f3nimos sobre el uso del sitio para mejorar el contenido y los servicios. Pueden ser enviados por el sitio o por terceros. <\/p>\n<h5>Cookies de an\u00e1lisis de servicios de terceros<\/h5>\n<p>Recogen datos an\u00f3nimos sobre el uso del sitio (p\u00e1ginas visitadas, duraci\u00f3n, origen, datos demogr\u00e1ficos) con fines estad\u00edsticos y de marketing. Enviados desde dominios de terceros. <\/p>\n<h5>Cookies para integrar productos y funciones de terceros<\/h5>\n<p>Habilitar funciones externas como mapas, redes sociales, compartir contenidos. Enviados desde dominios de terceros. <\/p>\n<h5>Cookies de perfiles (por verificar)<\/h5>\n<p>Se utilizan para crear perfiles de usuario y mostrar publicidad personalizada. Leccohostel.com <strong>no<\/strong> utiliza cookies de perfil, a menos que se actualicen. <\/p>\n<h5>Consentimiento y gesti\u00f3n de cookies<\/h5>\n<p>El consentimiento no es necesario para las cookies t\u00e9cnicas y anal\u00edticas. Para otros tipos de cookies, el consentimiento puede expresarse a trav\u00e9s de: <\/p>\n<ul>\n<li>Configuraci\u00f3n del navegador<\/li>\n<li>Cambios en los servicios de terceros<\/li>\n<\/ul>\n<p>Estos cambios pueden limitar ciertas funcionalidades del sitio.<\/p>\n<h5>Sitios web y servicios de terceros<\/h5>\n<p>El sitio puede contener enlaces a otros sitios con pol\u00edticas de privacidad diferentes, de las que no se acepta ninguna responsabilidad.<\/p>\n<h5>Lista de cookies<\/h5>\n<h6>Esenciales<\/h6>\n<table>\n<thead>\n<tr>\n<th>Nombre de la cookie<\/th>\n<th>Proveedor<\/th>\n<th>Finalidad<\/th>\n<th>Fecha de caducidad<\/th>\n<\/tr>\n<\/thead>\n<tbody>\n<tr>\n<td>borlabs-cookie<\/td>\n<td>Propietario del sitio<\/td>\n<td>Guardar preferencias de Cookie Box<\/td>\n<td>1 a\u00f1o<\/td>\n<\/tr>\n<tr>\n<td>wp-settings<\/td>\n<td>WordPress.org<\/td>\n<td>Estad\u00edsticas y comprobaci\u00f3n de ID de visitante<\/td>\n<td>1 a\u00f1o<\/td>\n<\/tr>\n<\/tbody>\n<\/table>\n<h6>Estad\u00edsticas<\/h6>\n<table>\n<thead>\n<tr>\n<th>Nombre de la cookie<\/th>\n<th>Proveedor<\/th>\n<th>Finalidad<\/th>\n<th>Fecha de caducidad<\/th>\n<\/tr>\n<\/thead>\n<tbody>\n<tr>\n<td>_ga, _gat, _gid<\/td>\n<td>Google Analytics<\/td>\n<td>An\u00e1lisis del sitio<\/td>\n<td>2 meses<\/td>\n<\/tr>\n<\/tbody>\n<\/table>\n<h6>Marketing \/ Terceros<\/h6>\n<table>\n<thead>\n<tr>\n<th>Nombre del servicio<\/th>\n<th>Proveedor<\/th>\n<th>Finalidad<\/th>\n<th>Fecha de caducidad<\/th>\n<\/tr>\n<\/thead>\n<tbody>\n<tr>\n<td>Google Maps<\/td>\n<td>Google Espa\u00f1a S.L.<\/td>\n<td>Desbloquear contenido de Google Maps<\/td>\n<td>6 meses<\/td>\n<\/tr>\n<tr>\n<td>OpenStreetMap<\/td>\n<td>Fundaci\u00f3n OpenStreetMap<\/td>\n<td>Desbloquear el contenido del mapa<\/td>\n<td>1-10 a\u00f1os<\/td>\n<\/tr>\n<\/tbody>\n<\/table>\n<h5>C\u00f3mo desactivar las cookies en el navegador<\/h5>\n<p>Puedes cambiar tus preferencias en cualquier momento haciendo clic en el enlace \u201cCambiar preferencias de cookies\u201d.<\/p>\n<p>Enlaces \u00fatiles para desactivar las cookies en los principales navegadores:<\/p>\n<ul>\n<li><a href=\"https:\/\/support.mozilla.org\/it\/kb\/Gestione%20dei%20cookie\/\">Mozilla Firefox<\/a><\/li>\n<li><a href=\"https:\/\/support.google.com\/chrome\/answer\/95647\/?hl=it\">Google Chrome<\/a><\/li>\n<li><a href=\"http:\/\/windows.microsoft.com\/it-it\/windows-vista\/block-or-allow-cookies\/\">Internet Explorer<\/a><\/li>\n<li><a href=\"https:\/\/support.apple.com\/kb\/PH17191\/?viewlocale=it_IT&amp;locale=it_IT\">Safari 6\/7 Mavericks<\/a><\/li>\n<li><a href=\"https:\/\/support.apple.com\/kb\/PH19214\/?viewlocale=it_IT&amp;locale=it_IT\">Safari 8 Yosemite<\/a><\/li>\n<li><a href=\"https:\/\/support.apple.com\/it-it\/HT201265\/\">Safari iOS<\/a><\/li>\n<\/ul>\n[\/nectar_responsive_text][\/vc_column][\/vc_row]\n","protected":false},"excerpt":{"rendered":"<p>[vc_row type=\u00bbin_container\u00bb full_screen_row_position=\u00bbmiddle\u00bb column_margin=\u00bbdefault\u00bb column_direction=\u00bbdefault\u00bb column_direction_tablet=\u00bbdefault\u00bb column_direction_phone=\u00bbdefault\u00bb scene_position=\u00bbcenter\u00bb top_padding=\u00bb4%\u00bb constrain_group_1=\u00bbyes\u00bb bottom_padding=\u00bb4%\u00bb text_color=\u00bbdark\u00bb text_align=\u00bbleft\u00bb row_border_radius=\u00bbnone\u00bb row_border_radius_applies=\u00bbbg\u00bb overflow=\u00bbvisible\u00bb overlay_strength=\u00bb0.3&#8243; gradient_direction=\u00bbleft_to_right\u00bb shape_divider_position=\u00bbbottom\u00bb bg_image_animation=\u00bbnone\u00bb gradient_type=\u00bbdefault\u00bb shape_type=\u00bb\u00bb][vc_column column_padding=\u00bbno-extra-padding\u00bb column_padding_tablet=\u00bbinherit\u00bb column_padding_phone=\u00bbinherit\u00bb column_padding_position=\u00bball\u00bb column_element_direction_desktop=\u00bbdefault\u00bb column_element_spacing=\u00bbdefault\u00bb desktop_text_alignment=\u00bbdefault\u00bb tablet_text_alignment=\u00bbdefault\u00bb&#8230;<\/p>\n","protected":false},"author":1,"featured_media":0,"parent":0,"menu_order":0,"comment_status":"closed","ping_status":"closed","template":"","meta":{"footnotes":""},"class_list":["post-3639","page","type-page","status-publish"],"yoast_head":"<!-- This site is optimized with the Yoast SEO plugin v25.3 - https:\/\/yoast.com\/wordpress\/plugins\/seo\/ -->\n<title>Pol\u00edtica de cookies - Lecco Hostel &amp; Rooms<\/title>\n<meta name=\"robots\" content=\"index, follow, max-snippet:-1, max-image-preview:large, max-video-preview:-1\" \/>\n<link rel=\"canonical\" href=\"https:\/\/leccohostel.com\/es\/politica-de-cookies\/\" \/>\n<meta property=\"og:locale\" content=\"es_ES\" \/>\n<meta property=\"og:type\" content=\"article\" \/>\n<meta property=\"og:title\" content=\"Pol\u00edtica de cookies - Lecco Hostel &amp; Rooms\" \/>\n<meta property=\"og:description\" content=\"[vc_row type=\u00bbin_container\u00bb full_screen_row_position=\u00bbmiddle\u00bb column_margin=\u00bbdefault\u00bb column_direction=\u00bbdefault\u00bb column_direction_tablet=\u00bbdefault\u00bb column_direction_phone=\u00bbdefault\u00bb scene_position=\u00bbcenter\u00bb top_padding=\u00bb4%\u00bb constrain_group_1=\u00bbyes\u00bb bottom_padding=\u00bb4%\u00bb text_color=\u00bbdark\u00bb text_align=\u00bbleft\u00bb row_border_radius=\u00bbnone\u00bb row_border_radius_applies=\u00bbbg\u00bb overflow=\u00bbvisible\u00bb overlay_strength=\u00bb0.3&#8243; gradient_direction=\u00bbleft_to_right\u00bb shape_divider_position=\u00bbbottom\u00bb bg_image_animation=\u00bbnone\u00bb gradient_type=\u00bbdefault\u00bb shape_type=\u00bb\u00bb][vc_column column_padding=\u00bbno-extra-padding\u00bb column_padding_tablet=\u00bbinherit\u00bb column_padding_phone=\u00bbinherit\u00bb column_padding_position=\u00bball\u00bb column_element_direction_desktop=\u00bbdefault\u00bb column_element_spacing=\u00bbdefault\u00bb desktop_text_alignment=\u00bbdefault\u00bb tablet_text_alignment=\u00bbdefault\u00bb...\" \/>\n<meta property=\"og:url\" content=\"https:\/\/leccohostel.com\/es\/politica-de-cookies\/\" \/>\n<meta property=\"og:site_name\" content=\"Lecco Hostel &amp; Rooms\" \/>\n<meta property=\"article:publisher\" content=\"https:\/\/www.facebook.com\/leccohostel\/\" \/>\n<meta property=\"article:modified_time\" content=\"2025-05-28T07:18:21+00:00\" \/>\n<meta name=\"twitter:card\" content=\"summary_large_image\" \/>\n<meta name=\"twitter:label1\" content=\"Tiempo de lectura\" \/>\n\t<meta name=\"twitter:data1\" content=\"3 minutos\" \/>\n<script type=\"application\/ld+json\" class=\"yoast-schema-graph\">{\"@context\":\"https:\/\/schema.org\",\"@graph\":[{\"@type\":\"WebPage\",\"@id\":\"https:\/\/leccohostel.com\/es\/politica-de-cookies\/\",\"url\":\"https:\/\/leccohostel.com\/es\/politica-de-cookies\/\",\"name\":\"Pol\u00edtica de cookies - Lecco Hostel &amp; Rooms\",\"isPartOf\":{\"@id\":\"https:\/\/leccohostel.com\/es\/#website\"},\"datePublished\":\"2025-04-23T16:20:57+00:00\",\"dateModified\":\"2025-05-28T07:18:21+00:00\",\"breadcrumb\":{\"@id\":\"https:\/\/leccohostel.com\/es\/politica-de-cookies\/#breadcrumb\"},\"inLanguage\":\"es\",\"potentialAction\":[{\"@type\":\"ReadAction\",\"target\":[\"https:\/\/leccohostel.com\/es\/politica-de-cookies\/\"]}]},{\"@type\":\"BreadcrumbList\",\"@id\":\"https:\/\/leccohostel.com\/es\/politica-de-cookies\/#breadcrumb\",\"itemListElement\":[{\"@type\":\"ListItem\",\"position\":1,\"name\":\"Home\",\"item\":\"https:\/\/leccohostel.com\/es\/\"},{\"@type\":\"ListItem\",\"position\":2,\"name\":\"Pol\u00edtica de cookies\"}]},{\"@type\":\"WebSite\",\"@id\":\"https:\/\/leccohostel.com\/es\/#website\",\"url\":\"https:\/\/leccohostel.com\/es\/\",\"name\":\"Lecco Hostel & Rooms\",\"description\":\"Ostello, Hotel &amp; Ristorante. Prenota ora!\",\"publisher\":{\"@id\":\"https:\/\/leccohostel.com\/es\/#organization\"},\"potentialAction\":[{\"@type\":\"SearchAction\",\"target\":{\"@type\":\"EntryPoint\",\"urlTemplate\":\"https:\/\/leccohostel.com\/es\/?s={search_term_string}\"},\"query-input\":{\"@type\":\"PropertyValueSpecification\",\"valueRequired\":true,\"valueName\":\"search_term_string\"}}],\"inLanguage\":\"es\"},{\"@type\":\"Organization\",\"@id\":\"https:\/\/leccohostel.com\/es\/#organization\",\"name\":\"Lecco Hostel & Rooms\",\"url\":\"https:\/\/leccohostel.com\/es\/\",\"logo\":{\"@type\":\"ImageObject\",\"inLanguage\":\"es\",\"@id\":\"https:\/\/leccohostel.com\/es\/#\/schema\/logo\/image\/\",\"url\":\"https:\/\/leccohostel.com\/wp-content\/uploads\/2025\/04\/cropped-favicon.png\",\"contentUrl\":\"https:\/\/leccohostel.com\/wp-content\/uploads\/2025\/04\/cropped-favicon.png\",\"width\":512,\"height\":512,\"caption\":\"Lecco Hostel & Rooms\"},\"image\":{\"@id\":\"https:\/\/leccohostel.com\/es\/#\/schema\/logo\/image\/\"},\"sameAs\":[\"https:\/\/www.facebook.com\/leccohostel\/\",\"https:\/\/www.instagram.com\/leccohostel\/?__d=1\"]}]}<\/script>\n<!-- \/ Yoast SEO plugin. -->","yoast_head_json":{"title":"Pol\u00edtica de cookies - Lecco Hostel &amp; Rooms","robots":{"index":"index","follow":"follow","max-snippet":"max-snippet:-1","max-image-preview":"max-image-preview:large","max-video-preview":"max-video-preview:-1"},"canonical":"https:\/\/leccohostel.com\/es\/politica-de-cookies\/","og_locale":"es_ES","og_type":"article","og_title":"Pol\u00edtica de cookies - Lecco Hostel &amp; Rooms","og_description":"[vc_row type=\u00bbin_container\u00bb full_screen_row_position=\u00bbmiddle\u00bb column_margin=\u00bbdefault\u00bb column_direction=\u00bbdefault\u00bb column_direction_tablet=\u00bbdefault\u00bb column_direction_phone=\u00bbdefault\u00bb scene_position=\u00bbcenter\u00bb top_padding=\u00bb4%\u00bb constrain_group_1=\u00bbyes\u00bb bottom_padding=\u00bb4%\u00bb text_color=\u00bbdark\u00bb text_align=\u00bbleft\u00bb row_border_radius=\u00bbnone\u00bb row_border_radius_applies=\u00bbbg\u00bb overflow=\u00bbvisible\u00bb overlay_strength=\u00bb0.3&#8243; gradient_direction=\u00bbleft_to_right\u00bb shape_divider_position=\u00bbbottom\u00bb bg_image_animation=\u00bbnone\u00bb gradient_type=\u00bbdefault\u00bb shape_type=\u00bb\u00bb][vc_column column_padding=\u00bbno-extra-padding\u00bb column_padding_tablet=\u00bbinherit\u00bb column_padding_phone=\u00bbinherit\u00bb column_padding_position=\u00bball\u00bb column_element_direction_desktop=\u00bbdefault\u00bb column_element_spacing=\u00bbdefault\u00bb desktop_text_alignment=\u00bbdefault\u00bb tablet_text_alignment=\u00bbdefault\u00bb...","og_url":"https:\/\/leccohostel.com\/es\/politica-de-cookies\/","og_site_name":"Lecco Hostel &amp; Rooms","article_publisher":"https:\/\/www.facebook.com\/leccohostel\/","article_modified_time":"2025-05-28T07:18:21+00:00","twitter_card":"summary_large_image","twitter_misc":{"Tiempo de lectura":"3 minutos"},"schema":{"@context":"https:\/\/schema.org","@graph":[{"@type":"WebPage","@id":"https:\/\/leccohostel.com\/es\/politica-de-cookies\/","url":"https:\/\/leccohostel.com\/es\/politica-de-cookies\/","name":"Pol\u00edtica de cookies - Lecco Hostel &amp; Rooms","isPartOf":{"@id":"https:\/\/leccohostel.com\/es\/#website"},"datePublished":"2025-04-23T16:20:57+00:00","dateModified":"2025-05-28T07:18:21+00:00","breadcrumb":{"@id":"https:\/\/leccohostel.com\/es\/politica-de-cookies\/#breadcrumb"},"inLanguage":"es","potentialAction":[{"@type":"ReadAction","target":["https:\/\/leccohostel.com\/es\/politica-de-cookies\/"]}]},{"@type":"BreadcrumbList","@id":"https:\/\/leccohostel.com\/es\/politica-de-cookies\/#breadcrumb","itemListElement":[{"@type":"ListItem","position":1,"name":"Home","item":"https:\/\/leccohostel.com\/es\/"},{"@type":"ListItem","position":2,"name":"Pol\u00edtica de cookies"}]},{"@type":"WebSite","@id":"https:\/\/leccohostel.com\/es\/#website","url":"https:\/\/leccohostel.com\/es\/","name":"Lecco Hostel & Rooms","description":"Ostello, Hotel &amp; Ristorante. Prenota ora!","publisher":{"@id":"https:\/\/leccohostel.com\/es\/#organization"},"potentialAction":[{"@type":"SearchAction","target":{"@type":"EntryPoint","urlTemplate":"https:\/\/leccohostel.com\/es\/?s={search_term_string}"},"query-input":{"@type":"PropertyValueSpecification","valueRequired":true,"valueName":"search_term_string"}}],"inLanguage":"es"},{"@type":"Organization","@id":"https:\/\/leccohostel.com\/es\/#organization","name":"Lecco Hostel & Rooms","url":"https:\/\/leccohostel.com\/es\/","logo":{"@type":"ImageObject","inLanguage":"es","@id":"https:\/\/leccohostel.com\/es\/#\/schema\/logo\/image\/","url":"https:\/\/leccohostel.com\/wp-content\/uploads\/2025\/04\/cropped-favicon.png","contentUrl":"https:\/\/leccohostel.com\/wp-content\/uploads\/2025\/04\/cropped-favicon.png","width":512,"height":512,"caption":"Lecco Hostel & Rooms"},"image":{"@id":"https:\/\/leccohostel.com\/es\/#\/schema\/logo\/image\/"},"sameAs":["https:\/\/www.facebook.com\/leccohostel\/","https:\/\/www.instagram.com\/leccohostel\/?__d=1"]}]}},"_links":{"self":[{"href":"https:\/\/leccohostel.com\/es\/wp-json\/wp\/v2\/pages\/3639","targetHints":{"allow":["GET"]}}],"collection":[{"href":"https:\/\/leccohostel.com\/es\/wp-json\/wp\/v2\/pages"}],"about":[{"href":"https:\/\/leccohostel.com\/es\/wp-json\/wp\/v2\/types\/page"}],"author":[{"embeddable":true,"href":"https:\/\/leccohostel.com\/es\/wp-json\/wp\/v2\/users\/1"}],"replies":[{"embeddable":true,"href":"https:\/\/leccohostel.com\/es\/wp-json\/wp\/v2\/comments?post=3639"}],"version-history":[{"count":2,"href":"https:\/\/leccohostel.com\/es\/wp-json\/wp\/v2\/pages\/3639\/revisions"}],"predecessor-version":[{"id":3641,"href":"https:\/\/leccohostel.com\/es\/wp-json\/wp\/v2\/pages\/3639\/revisions\/3641"}],"wp:attachment":[{"href":"https:\/\/leccohostel.com\/es\/wp-json\/wp\/v2\/media?parent=3639"}],"curies":[{"name":"wp","href":"https:\/\/api.w.org\/{rel}","templated":true}]}}