{"id":3573,"date":"2025-04-23T16:26:46","date_gmt":"2025-04-23T16:26:46","guid":{"rendered":"https:\/\/leccohostel.com\/reglement\/"},"modified":"2025-05-28T07:05:23","modified_gmt":"2025-05-28T07:05:23","slug":"reglement","status":"publish","type":"page","link":"https:\/\/leccohostel.com\/fr\/reglement\/","title":{"rendered":"R\u00e8glement"},"content":{"rendered":"[vc_row type=\u00a0\u00bbin_container\u00a0\u00bb full_screen_row_position=\u00a0\u00bbmiddle\u00a0\u00bb column_margin=\u00a0\u00bbdefault\u00a0\u00bb column_direction=\u00a0\u00bbdefault\u00a0\u00bb column_direction_tablet=\u00a0\u00bbdefault\u00a0\u00bb column_direction_phone=\u00a0\u00bbdefault\u00a0\u00bb scene_position=\u00a0\u00bbcenter\u00a0\u00bb top_padding=\u00a0\u00bb4%\u00a0\u00bb constrain_group_1=\u00a0\u00bbyes\u00a0\u00bb bottom_padding=\u00a0\u00bb4%\u00a0\u00bb text_color=\u00a0\u00bbdark\u00a0\u00bb text_align=\u00a0\u00bbleft\u00a0\u00bb row_border_radius=\u00a0\u00bbnone\u00a0\u00bb row_border_radius_applies=\u00a0\u00bbbg\u00a0\u00bb overflow=\u00a0\u00bbvisible\u00a0\u00bb overlay_strength=\u00a0\u00bb0.3&Prime; gradient_direction=\u00a0\u00bbleft_to_right\u00a0\u00bb shape_divider_position=\u00a0\u00bbbottom\u00a0\u00bb bg_image_animation=\u00a0\u00bbnone\u00a0\u00bb gradient_type=\u00a0\u00bbdefault\u00a0\u00bb shape_type=\u00a0\u00bb\u00a0\u00bb][vc_column column_padding=\u00a0\u00bbno-extra-padding\u00a0\u00bb column_padding_tablet=\u00a0\u00bbinherit\u00a0\u00bb column_padding_phone=\u00a0\u00bbinherit\u00a0\u00bb column_padding_position=\u00a0\u00bball\u00a0\u00bb column_element_direction_desktop=\u00a0\u00bbdefault\u00a0\u00bb column_element_spacing=\u00a0\u00bbdefault\u00a0\u00bb desktop_text_alignment=\u00a0\u00bbdefault\u00a0\u00bb tablet_text_alignment=\u00a0\u00bbdefault\u00a0\u00bb phone_text_alignment=\u00a0\u00bbdefault\u00a0\u00bb background_color_opacity=\u00a0\u00bb1&Prime; background_hover_color_opacity=\u00a0\u00bb1&Prime; column_backdrop_filter=\u00a0\u00bbnone\u00a0\u00bb column_shadow=\u00a0\u00bbnone\u00a0\u00bb column_border_radius=\u00a0\u00bbnone\u00a0\u00bb column_link_target=\u00a0\u00bb_self\u00a0\u00bb column_position=\u00a0\u00bbdefault\u00a0\u00bb gradient_direction=\u00a0\u00bbleft_to_right\u00a0\u00bb overlay_strength=\u00a0\u00bb0.3&Prime; width=\u00a0\u00bb1\/1&Prime; tablet_width_inherit=\u00a0\u00bbdefault\u00a0\u00bb animation_type=\u00a0\u00bbdefault\u00a0\u00bb bg_image_animation=\u00a0\u00bbnone\u00a0\u00bb border_type=\u00a0\u00bbsimple\u00a0\u00bb column_border_width=\u00a0\u00bbnone\u00a0\u00bb column_border_style=\u00a0\u00bbsolid\u00a0\u00bb][split_line_heading animation_type=\u00a0\u00bbline-reveal-by-space\u00a0\u00bb font_style=\u00a0\u00bbh1&Prime; text_color=\u00a0\u00bb#000000&Prime; line_reveal_by_space_text_effect=\u00a0\u00bbdefault\u00a0\u00bb stagger_animation=\u00a0\u00bbtrue\u00a0\u00bb mobile_disable_animation=\u00a0\u00bbtrue\u00a0\u00bb content_alignment=\u00a0\u00bbdefault\u00a0\u00bb mobile_content_alignment=\u00a0\u00bbinherit\u00a0\u00bb link_target=\u00a0\u00bb_self\u00a0\u00bb text_content=\u00a0\u00bbR\u00e8glement\u00a0\u00bb font_line_height=\u00a0\u00bb1.3&Prime; text_direction=\u00a0\u00bbdefault\u00a0\u00bb][\/split_line_heading][nectar_responsive_text inherited_font_style=\u00a0\u00bbdefault\u00a0\u00bb text_color=\u00a0\u00bb#000000&Prime; text_direction=\u00a0\u00bbdefault\u00a0\u00bb]L&rsquo;auberge est un lieu d&rsquo;h\u00e9bergement non h\u00f4telier mis \u00e0 la disposition des h\u00f4tes, qui trouve sa valeur fondamentale dans le respect mutuel et la coexistence pacifique.<\/p>\n<p>L&rsquo;admission \u00e0 l&rsquo;auberge implique l&rsquo;acceptation et le respect du pr\u00e9sent r\u00e8glement, qui peut \u00eatre compl\u00e9t\u00e9 ou modifi\u00e9 s\u00e9par\u00e9ment par des notes suppl\u00e9mentaires de la direction.<\/p>\n<p>&nbsp;<\/p>\n<ol>\n<li><strong>Politiques d&rsquo;annulation et r\u00e8gles de la propri\u00e9t\u00e9 :<\/strong><\/li>\n<\/ol>\n<p>Pour annuler votre r\u00e9servation sans frais, vous devez le faire au moins 48 heures avant votre arriv\u00e9e. Cette politique s&rsquo;applique uniquement aux TARIFS FLEXIBLES. Si vous avez r\u00e9serv\u00e9 un TARIF PR\u00c9PAY\u00c9, le montant total de la r\u00e9servation vous sera factur\u00e9, quelle que soit la date de l&rsquo;annulation.  <\/p>\n<p>Si vous devez annuler ou modifier votre r\u00e9servation, veuillez nous contacter \u00e0 <a href=\"mailto:\/\/info@leccohostel.com\/fr\/\">info@leccohostel.com<\/a> ou au +39 0341 209656.<\/p>\n<p>&nbsp;<\/p>\n<ol start=\"2\">\n<li><strong>Arriv\u00e9es et d\u00e9parts<\/strong><\/li>\n<\/ol>\n<p>L&rsquo;enregistrement se fait \u00e0 partir de 14h00. Si vous arrivez avant cette heure, nous disposons d&rsquo;une bagagerie pratique : laissez vos bagages et partez \u00e0 la d\u00e9couverte ! <\/p>\n<p>Le d\u00e9part se fait \u00e0 10 heures. Veillez \u00e0 quitter votre chambre \u00e0 cette heure. Vous pouvez d\u00e9poser gratuitement vos bagages \u00e0 la r\u00e9ception, m\u00eame apr\u00e8s le d\u00e9part. En cas de retard, un suppl\u00e9ment vous sera demand\u00e9.   <\/p>\n<p>&nbsp;<\/p>\n<ol start=\"3\">\n<li><strong>Enregistrement et identification en ligne<\/strong><\/li>\n<\/ol>\n<p>Lecco Hostel utilise l&rsquo;application Welcome pour enregistrer les clients en ligne avant leur arriv\u00e9e \u00e0 l&rsquo;auberge par auto-enregistrement. Par le biais de cette application, chaque client doit fournir ses coordonn\u00e9es et une photo d&rsquo;identit\u00e9 valide. L&rsquo;enregistrement en ligne est obligatoire et les personnes qui ne s&rsquo;enregistrent pas avant leur arriv\u00e9e \u00e0 l&rsquo;auberge seront invit\u00e9es \u00e0 le faire \u00e0 la r\u00e9ception.  <\/p>\n<p>Pour chaque r\u00e9servation effectu\u00e9e, le r\u00e9servataire recevra un e-mail contenant toutes les instructions \u00e0 suivre pour compl\u00e9ter l&rsquo;enregistrement en ligne de tous les clients avant leur arriv\u00e9e \u00e0 l&rsquo;auberge.<\/p>\n<p>Pour vous enregistrer \u00e0 l&rsquo;auberge et recevoir les cl\u00e9s de votre chambre, assurez-vous d&rsquo;apporter la m\u00eame pi\u00e8ce d&rsquo;identit\u00e9 que celle que vous avez fournie lors de l&rsquo;inscription en ligne.<\/p>\n<p>Les personnes ne disposant pas d&rsquo;une pi\u00e8ce d&rsquo;identit\u00e9 en cours de validit\u00e9 ne seront pas autoris\u00e9es \u00e0 s&rsquo;enregistrer et la r\u00e9servation sera annul\u00e9e. La premi\u00e8re nuit de la r\u00e9servation vous sera factur\u00e9e et aucun remboursement ne sera effectu\u00e9 dans ce cas. <\/p>\n<p>&nbsp;<\/p>\n<ol start=\"4\">\n<li><strong>Prix et taxes<\/strong><\/li>\n<\/ol>\n<p>Tous les prix sont indiqu\u00e9s en euros. Pour les CHAMBRES, les prix s&rsquo;entendent par personne et par nuit. Pour les CHAMBRES PRIV\u00c9ES, les prix s&rsquo;entendent par chambre et par nuit, quel que soit le nombre de personnes dans la chambre. <\/p>\n<p>Les prix n&rsquo;incluent pas la taxe de s\u00e9jour, qui est de 1,50 \u20ac par personne et par nuit dans notre auberge. La taxe de s\u00e9jour sera ajout\u00e9e au prix journalier du lit\/de la chambre et sera factur\u00e9e lors de l&rsquo;enregistrement. (Les h\u00f4tes de moins de 14 ans sont exempt\u00e9s de la taxe de s\u00e9jour et devront remplir et signer une d\u00e9claration d&rsquo;exemption lors de l&rsquo;enregistrement).  <\/p>\n<p>Les prix s&rsquo;entendent TVA comprise.<\/p>\n<p>En cas de prolongation de la r\u00e9servation, les tarifs appliqu\u00e9s seront ceux en vigueur \u00e0 la date de la prolongation.<\/p>\n<p>&nbsp;<\/p>\n<ol start=\"5\">\n<li><strong>Paiements<\/strong><\/li>\n<\/ol>\n<p>Le montant d\u00fb pour la r\u00e9servation doit \u00eatre pay\u00e9 au moment de l&rsquo;enregistrement.<\/p>\n<p>Pour r\u00e9server un lit chez nous, il est n\u00e9cessaire de fournir les d\u00e9tails de votre carte de cr\u00e9dit en guise de garantie. Lecco Hostel se r\u00e9serve le droit de facturer la totalit\u00e9 du montant de la r\u00e9servation en cas de non-pr\u00e9sentation, d&rsquo;annulation tardive par le client ou de d\u00e9part anticip\u00e9. <\/p>\n<p>Veuillez noter que nous acceptons les paiements en esp\u00e8ces, par carte de cr\u00e9dit et par virement bancaire.<\/p>\n<ol start=\"6\">\n<li><strong>Restrictions d&rsquo;\u00e2ge<\/strong><\/li>\n<\/ol>\n<p>Les personnes de moins de 18 ans ne peuvent pas s\u00e9journer dans les dortoirs, elles doivent r\u00e9server des chambres priv\u00e9es, m\u00eame si elles sont accompagn\u00e9es de leurs parents.<\/p>\n<p>En outre, les personnes \u00e2g\u00e9es de moins de 18 ans doivent :<\/p>\n<p>&#8211; \u00eatre accompagn\u00e9s d&rsquo;au moins un adulte (18 ans)<br \/>\n&#8211; pr\u00e9senter \u00e0 l&rsquo;enregistrement l&rsquo;autorisation imprim\u00e9e sign\u00e9e par leurs parents, s&rsquo;ils ne voyagent pas avec eux<a href=\"https:\/\/leccohostel.com\/fr\/wp-content\/uploads\/2023\/06\/Modulo-minorenni.docx\">(formulaire Juvenile t\u00e9l\u00e9chargeable ici)<\/a>.<br \/>\n&#8211; pr\u00e9senter des copies des documents de leurs parents<br \/>\n&#8211; pr\u00e9senter leur pi\u00e8ce d&rsquo;identit\u00e9<\/p>\n<p>&nbsp;<\/p>\n<ol start=\"7\">\n<li><strong>Attribution des chambres<\/strong><\/li>\n<\/ol>\n<p>\u00c0 moins que vous ne choisissiez une CHAMBRE PRIV\u00c9E, la r\u00e9servation se r\u00e9f\u00e8re \u00e0 un LIT DANS UN DORTOIR PARTAG\u00c9. La r\u00e9servation du nombre maximum de lits dans un dortoir ne signifie pas la r\u00e9servation d&rsquo;un dortoir entier ; les lits allou\u00e9s pour la r\u00e9servation peuvent \u00eatre situ\u00e9s dans des dortoirs diff\u00e9rents, en fonction de la disponibilit\u00e9. <\/p>\n<p>Si vous voyagez avec des amis ou une famille, nous vous recommandons de r\u00e9server des CHAMBRES PRIV\u00c9ES afin que vous puissiez rester ensemble.<\/p>\n<p>Veuillez noter que nous disposons de LITS DE CHAMBRES FEMMES, HOMMES ou MIXTES (gar\u00e7ons et filles). Faites donc attention lorsque vous r\u00e9servez votre lit et assurez-vous de choisir le bon type de dortoir. <\/p>\n<p>&nbsp;<\/p>\n<ol start=\"8\">\n<li><strong>Cl\u00e9s \u00e9lectroniques des chambres<\/strong><\/li>\n<\/ol>\n<p>Lors de l&rsquo;enregistrement, vous recevrez une carte-cl\u00e9 \u00e9lectronique qui vous permettra d&rsquo;acc\u00e9der \u00e0 l&rsquo;auberge et \u00e0 votre chambre. Si vous perdez votre carte, vous devrez payer 10,00 \u20ac pour la remplacer. <\/p>\n<p>&nbsp;<\/p>\n<ol start=\"9\">\n<li><strong>Comportement des h\u00f4tes<\/strong><\/li>\n<\/ol>\n<p>Le confort, la s\u00e9curit\u00e9 et la s\u00fbret\u00e9 de nos h\u00f4tes sont tr\u00e8s importants pour nous. Les h\u00f4tes qui, de l&rsquo;avis de notre personnel, compromettent le confort, la s\u00e9curit\u00e9 ou la s\u00fbret\u00e9 des autres h\u00f4tes, du personnel ou des r\u00e9sidents locaux seront pri\u00e9s de quitter l&rsquo;auberge sans remboursement. Les h\u00f4tes sont tenus de respecter les autres h\u00f4tes, le personnel, les r\u00e9sidents locaux et la propri\u00e9t\u00e9.  <\/p>\n<ul>\n<li><u>Repos nocturne<\/u><\/li>\n<\/ul>\n<p>Nous vous demandons de bien vouloir respecter les heures de silence prescrites par la loi, en \u00e9vitant de faire du bruit entre 22 heures et 7 heures du matin. M\u00eame lorsque vous utilisez des appareils, veuillez mod\u00e9rer le volume afin de ne pas d\u00e9ranger les autres h\u00f4tes. <\/p>\n<p>&nbsp;<\/p>\n<ul>\n<li><u>Consommation alimentaire<\/u><\/li>\n<\/ul>\n<p>Pour des raisons d&rsquo;hygi\u00e8ne et de s\u00e9curit\u00e9, la pr\u00e9paration et la consommation d&rsquo;aliments dans les chambres sont interdites (alarme incendie install\u00e9e).<\/p>\n<p>&nbsp;<\/p>\n<ul>\n<li><u>Non-fumeur\/Non-drogu\u00e9<\/u><\/li>\n<\/ul>\n<p>La loi interdit de fumer \u00e0 l&rsquo;int\u00e9rieur de l&rsquo;auberge ainsi que de consommer des drogues.<\/p>\n<p>Les clients peuvent fumer devant le b\u00e2timent, juste \u00e0 l&rsquo;ext\u00e9rieur.<\/p>\n<p>&nbsp;<\/p>\n<ul>\n<li><u>Consommation d&rsquo;alcool<\/u><\/li>\n<\/ul>\n<p>Nous ne servons pas de boissons alcoolis\u00e9es aux personnes \u00e2g\u00e9es de moins de 18 ans.<\/p>\n<p>Les clients ne sont pas autoris\u00e9s \u00e0 apporter leur propre alcool \u00e0 l&rsquo;int\u00e9rieur de l&rsquo;auberge de Lecco ; les boissons alcoolis\u00e9es doivent \u00eatre achet\u00e9es uniquement au bar de l&rsquo;auberge. L&rsquo;alcool n&rsquo;est pas autoris\u00e9 dans les dortoirs. <\/p>\n<p>&nbsp;<\/p>\n<ol start=\"10\">\n<li><strong>Biens personnels<\/strong><\/li>\n<\/ol>\n<p>Chaque lit dispose d&rsquo;un casier personnel \u00e0 l&rsquo;int\u00e9rieur du dortoir. Il est de la responsabilit\u00e9 du client de s&rsquo;assurer que ses effets personnels sont gard\u00e9s en s\u00e9curit\u00e9 \u00e0 tout moment. L&rsquo;auberge de Lecco d\u00e9cline toute responsabilit\u00e9 en cas de perte, de vol ou de d\u00e9t\u00e9rioration des effets personnels des clients. Nous vous recommandons d&rsquo;apporter un cadenas pour les bagages et les casiers. Les cadenas sont en vente \u00e0 la r\u00e9ception.    <\/p>\n<p>&nbsp;<\/p>\n<ol start=\"11\">\n<li><strong>Dommages aux biens de Lecco Hostel<\/strong><\/li>\n<\/ol>\n<p>Les clients sont tenus de rembourser \u00e0 Lecco Hostel tout dommage caus\u00e9 par un comportement inappropri\u00e9 pendant leur s\u00e9jour. Tout montant sera d\u00e9bit\u00e9 de la carte de cr\u00e9dit fournie au moment de la r\u00e9servation. <\/p>\n<p>&nbsp;<\/p>\n<ol start=\"12\">\n<li><strong>Responsabilit\u00e9<\/strong><\/li>\n<\/ol>\n<p>Sauf en cas de d\u00e9c\u00e8s ou de dommages corporels caus\u00e9s par notre n\u00e9gligence, la responsabilit\u00e9 de Lecco Hostel sera toujours limit\u00e9e \u00e0 la valeur des services r\u00e9serv\u00e9s.<\/p>\n<p>&nbsp;<\/p>\n<ol start=\"13\">\n<li><strong>Erreurs et omissions<\/strong><\/li>\n<\/ol>\n<p>Toute omission ou erreur dans la documentation commerciale, les pages web\/sites web, le formulaire de commande, le devis, la liste de prix, la confirmation de commande, le bordereau d&rsquo;exp\u00e9dition, la facture ou d&rsquo;autres documents \u00e9mis par Lecco Hostel peuvent \u00eatre corrig\u00e9s par Lecco Hostel sans aucune responsabilit\u00e9. Nous vous informerons de tout changement au moment de la r\u00e9servation ou d\u00e8s que possible. <\/p>\n<p>&nbsp;<\/p>\n<ol start=\"14\">\n<li><strong>Discr\u00e9tion<\/strong><\/li>\n<\/ol>\n<p>Toutes les r\u00e9servations sont soumises \u00e0 disponibilit\u00e9 et Lecco Hostel se r\u00e9serve le droit de refuser toute r\u00e9servation \u00e0 sa discr\u00e9tion. Le s\u00e9jour maximum dans notre \u00e9tablissement ne peut exc\u00e9der 15 jours, m\u00eame s&rsquo;il n&rsquo;est pas continu. <\/p>\n<p>Les personnes dans un \u00e9tat psychophysique manifestement alt\u00e9r\u00e9 ne peuvent \u00eatre h\u00e9berg\u00e9es.<\/p>\n<p>&nbsp;<\/p>\n<ol start=\"15\">\n<li><strong>Visiteurs<\/strong><\/li>\n<\/ol>\n<p>L&rsquo;acc\u00e8s \u00e0 l&rsquo;\u00e9tage de la salle (premier \u00e9tage) est r\u00e9serv\u00e9 exclusivement aux personnes inscrites.<\/p>\n<p>Les personnes ext\u00e9rieures \u00e0 l&rsquo;auberge qui n&rsquo;ont pas fait de r\u00e9servation r\u00e9guli\u00e8re ne sont pas autoris\u00e9es \u00e0 entrer.<\/p>\n<p>Il est interdit d&rsquo;entrer dans une autre chambre que celle qui vous a \u00e9t\u00e9 attribu\u00e9e ou que celle o\u00f9 se trouve le lit qui vous a \u00e9t\u00e9 attribu\u00e9. Il n&rsquo;est pas permis de changer temporairement de chambre ou de lit, sauf autorisation de la r\u00e9ception. <\/p>\n<p>&nbsp;<\/p>\n<ol start=\"16\">\n<li><strong>Protection de l&rsquo;environnement<\/strong><\/li>\n<\/ol>\n<p>Merci de limiter votre consommation d&rsquo;eau et d&rsquo;\u00e9lectricit\u00e9 au strict n\u00e9cessaire et de trier vos d\u00e9chets autant que possible en utilisant les poubelles situ\u00e9es dans les \u00e9tages.<\/p>\n<p>&nbsp;<\/p>\n<ol start=\"17\">\n<li><strong>Plaintes<\/strong><\/li>\n<\/ol>\n<p>Toute plainte ou inefficacit\u00e9 doit \u00eatre signal\u00e9e IMM\u00c9DIATEMENT au personnel de la r\u00e9ception.[\/nectar_responsive_text][\/vc_column][\/vc_row]\n","protected":false},"excerpt":{"rendered":"<p>[vc_row type=\u00a0\u00bbin_container\u00a0\u00bb full_screen_row_position=\u00a0\u00bbmiddle\u00a0\u00bb column_margin=\u00a0\u00bbdefault\u00a0\u00bb column_direction=\u00a0\u00bbdefault\u00a0\u00bb column_direction_tablet=\u00a0\u00bbdefault\u00a0\u00bb column_direction_phone=\u00a0\u00bbdefault\u00a0\u00bb scene_position=\u00a0\u00bbcenter\u00a0\u00bb top_padding=\u00a0\u00bb4%\u00a0\u00bb constrain_group_1=\u00a0\u00bbyes\u00a0\u00bb bottom_padding=\u00a0\u00bb4%\u00a0\u00bb text_color=\u00a0\u00bbdark\u00a0\u00bb text_align=\u00a0\u00bbleft\u00a0\u00bb row_border_radius=\u00a0\u00bbnone\u00a0\u00bb row_border_radius_applies=\u00a0\u00bbbg\u00a0\u00bb overflow=\u00a0\u00bbvisible\u00a0\u00bb overlay_strength=\u00a0\u00bb0.3&Prime; gradient_direction=\u00a0\u00bbleft_to_right\u00a0\u00bb shape_divider_position=\u00a0\u00bbbottom\u00a0\u00bb bg_image_animation=\u00a0\u00bbnone\u00a0\u00bb gradient_type=\u00a0\u00bbdefault\u00a0\u00bb shape_type=\u00a0\u00bb\u00a0\u00bb][vc_column column_padding=\u00a0\u00bbno-extra-padding\u00a0\u00bb column_padding_tablet=\u00a0\u00bbinherit\u00a0\u00bb column_padding_phone=\u00a0\u00bbinherit\u00a0\u00bb column_padding_position=\u00a0\u00bball\u00a0\u00bb column_element_direction_desktop=\u00a0\u00bbdefault\u00a0\u00bb column_element_spacing=\u00a0\u00bbdefault\u00a0\u00bb desktop_text_alignment=\u00a0\u00bbdefault\u00a0\u00bb tablet_text_alignment=\u00a0\u00bbdefault\u00a0\u00bb&#8230;<\/p>\n","protected":false},"author":1,"featured_media":0,"parent":0,"menu_order":0,"comment_status":"closed","ping_status":"closed","template":"","meta":{"footnotes":""},"class_list":["post-3573","page","type-page","status-publish"],"yoast_head":"<!-- This site is optimized with the Yoast SEO plugin v25.3 - https:\/\/yoast.com\/wordpress\/plugins\/seo\/ -->\n<title>R\u00e8glement - Lecco Hostel &amp; Rooms<\/title>\n<meta name=\"robots\" content=\"index, follow, max-snippet:-1, max-image-preview:large, max-video-preview:-1\" \/>\n<link rel=\"canonical\" href=\"https:\/\/leccohostel.com\/fr\/reglement\/\" \/>\n<meta property=\"og:locale\" content=\"fr_FR\" \/>\n<meta property=\"og:type\" content=\"article\" \/>\n<meta property=\"og:title\" content=\"R\u00e8glement - Lecco Hostel &amp; Rooms\" \/>\n<meta property=\"og:description\" content=\"[vc_row type=\u00a0\u00bbin_container\u00a0\u00bb full_screen_row_position=\u00a0\u00bbmiddle\u00a0\u00bb column_margin=\u00a0\u00bbdefault\u00a0\u00bb column_direction=\u00a0\u00bbdefault\u00a0\u00bb column_direction_tablet=\u00a0\u00bbdefault\u00a0\u00bb column_direction_phone=\u00a0\u00bbdefault\u00a0\u00bb scene_position=\u00a0\u00bbcenter\u00a0\u00bb top_padding=\u00a0\u00bb4%\u00a0\u00bb constrain_group_1=\u00a0\u00bbyes\u00a0\u00bb bottom_padding=\u00a0\u00bb4%\u00a0\u00bb text_color=\u00a0\u00bbdark\u00a0\u00bb text_align=\u00a0\u00bbleft\u00a0\u00bb row_border_radius=\u00a0\u00bbnone\u00a0\u00bb row_border_radius_applies=\u00a0\u00bbbg\u00a0\u00bb overflow=\u00a0\u00bbvisible\u00a0\u00bb overlay_strength=\u00a0\u00bb0.3&Prime; gradient_direction=\u00a0\u00bbleft_to_right\u00a0\u00bb shape_divider_position=\u00a0\u00bbbottom\u00a0\u00bb bg_image_animation=\u00a0\u00bbnone\u00a0\u00bb gradient_type=\u00a0\u00bbdefault\u00a0\u00bb shape_type=\u00a0\u00bb\u00a0\u00bb][vc_column column_padding=\u00a0\u00bbno-extra-padding\u00a0\u00bb column_padding_tablet=\u00a0\u00bbinherit\u00a0\u00bb column_padding_phone=\u00a0\u00bbinherit\u00a0\u00bb column_padding_position=\u00a0\u00bball\u00a0\u00bb column_element_direction_desktop=\u00a0\u00bbdefault\u00a0\u00bb column_element_spacing=\u00a0\u00bbdefault\u00a0\u00bb desktop_text_alignment=\u00a0\u00bbdefault\u00a0\u00bb tablet_text_alignment=\u00a0\u00bbdefault\u00a0\u00bb...\" \/>\n<meta property=\"og:url\" content=\"https:\/\/leccohostel.com\/fr\/reglement\/\" \/>\n<meta property=\"og:site_name\" content=\"Lecco Hostel &amp; Rooms\" \/>\n<meta property=\"article:publisher\" content=\"https:\/\/www.facebook.com\/leccohostel\/\" \/>\n<meta property=\"article:modified_time\" content=\"2025-05-28T07:05:23+00:00\" \/>\n<meta name=\"twitter:card\" content=\"summary_large_image\" \/>\n<meta name=\"twitter:label1\" content=\"Dur\u00e9e de lecture estim\u00e9e\" \/>\n\t<meta name=\"twitter:data1\" content=\"9 minutes\" \/>\n<script type=\"application\/ld+json\" class=\"yoast-schema-graph\">{\"@context\":\"https:\/\/schema.org\",\"@graph\":[{\"@type\":\"WebPage\",\"@id\":\"https:\/\/leccohostel.com\/fr\/reglement\/\",\"url\":\"https:\/\/leccohostel.com\/fr\/reglement\/\",\"name\":\"R\u00e8glement - Lecco Hostel &amp; Rooms\",\"isPartOf\":{\"@id\":\"https:\/\/leccohostel.com\/fr\/#website\"},\"datePublished\":\"2025-04-23T16:26:46+00:00\",\"dateModified\":\"2025-05-28T07:05:23+00:00\",\"breadcrumb\":{\"@id\":\"https:\/\/leccohostel.com\/fr\/reglement\/#breadcrumb\"},\"inLanguage\":\"fr-FR\",\"potentialAction\":[{\"@type\":\"ReadAction\",\"target\":[\"https:\/\/leccohostel.com\/fr\/reglement\/\"]}]},{\"@type\":\"BreadcrumbList\",\"@id\":\"https:\/\/leccohostel.com\/fr\/reglement\/#breadcrumb\",\"itemListElement\":[{\"@type\":\"ListItem\",\"position\":1,\"name\":\"Home\",\"item\":\"https:\/\/leccohostel.com\/fr\/\"},{\"@type\":\"ListItem\",\"position\":2,\"name\":\"R\u00e8glement\"}]},{\"@type\":\"WebSite\",\"@id\":\"https:\/\/leccohostel.com\/fr\/#website\",\"url\":\"https:\/\/leccohostel.com\/fr\/\",\"name\":\"Lecco Hostel & Rooms\",\"description\":\"Ostello, Hotel &amp; Ristorante. Prenota ora!\",\"publisher\":{\"@id\":\"https:\/\/leccohostel.com\/fr\/#organization\"},\"potentialAction\":[{\"@type\":\"SearchAction\",\"target\":{\"@type\":\"EntryPoint\",\"urlTemplate\":\"https:\/\/leccohostel.com\/fr\/?s={search_term_string}\"},\"query-input\":{\"@type\":\"PropertyValueSpecification\",\"valueRequired\":true,\"valueName\":\"search_term_string\"}}],\"inLanguage\":\"fr-FR\"},{\"@type\":\"Organization\",\"@id\":\"https:\/\/leccohostel.com\/fr\/#organization\",\"name\":\"Lecco Hostel & Rooms\",\"url\":\"https:\/\/leccohostel.com\/fr\/\",\"logo\":{\"@type\":\"ImageObject\",\"inLanguage\":\"fr-FR\",\"@id\":\"https:\/\/leccohostel.com\/fr\/#\/schema\/logo\/image\/\",\"url\":\"https:\/\/leccohostel.com\/wp-content\/uploads\/2025\/04\/cropped-favicon.png\",\"contentUrl\":\"https:\/\/leccohostel.com\/wp-content\/uploads\/2025\/04\/cropped-favicon.png\",\"width\":512,\"height\":512,\"caption\":\"Lecco Hostel & Rooms\"},\"image\":{\"@id\":\"https:\/\/leccohostel.com\/fr\/#\/schema\/logo\/image\/\"},\"sameAs\":[\"https:\/\/www.facebook.com\/leccohostel\/\",\"https:\/\/www.instagram.com\/leccohostel\/?__d=1\"]}]}<\/script>\n<!-- \/ Yoast SEO plugin. -->","yoast_head_json":{"title":"R\u00e8glement - Lecco Hostel &amp; Rooms","robots":{"index":"index","follow":"follow","max-snippet":"max-snippet:-1","max-image-preview":"max-image-preview:large","max-video-preview":"max-video-preview:-1"},"canonical":"https:\/\/leccohostel.com\/fr\/reglement\/","og_locale":"fr_FR","og_type":"article","og_title":"R\u00e8glement - Lecco Hostel &amp; Rooms","og_description":"[vc_row type=\u00a0\u00bbin_container\u00a0\u00bb full_screen_row_position=\u00a0\u00bbmiddle\u00a0\u00bb column_margin=\u00a0\u00bbdefault\u00a0\u00bb column_direction=\u00a0\u00bbdefault\u00a0\u00bb column_direction_tablet=\u00a0\u00bbdefault\u00a0\u00bb column_direction_phone=\u00a0\u00bbdefault\u00a0\u00bb scene_position=\u00a0\u00bbcenter\u00a0\u00bb top_padding=\u00a0\u00bb4%\u00a0\u00bb constrain_group_1=\u00a0\u00bbyes\u00a0\u00bb bottom_padding=\u00a0\u00bb4%\u00a0\u00bb text_color=\u00a0\u00bbdark\u00a0\u00bb text_align=\u00a0\u00bbleft\u00a0\u00bb row_border_radius=\u00a0\u00bbnone\u00a0\u00bb row_border_radius_applies=\u00a0\u00bbbg\u00a0\u00bb overflow=\u00a0\u00bbvisible\u00a0\u00bb overlay_strength=\u00a0\u00bb0.3&Prime; gradient_direction=\u00a0\u00bbleft_to_right\u00a0\u00bb shape_divider_position=\u00a0\u00bbbottom\u00a0\u00bb bg_image_animation=\u00a0\u00bbnone\u00a0\u00bb gradient_type=\u00a0\u00bbdefault\u00a0\u00bb shape_type=\u00a0\u00bb\u00a0\u00bb][vc_column column_padding=\u00a0\u00bbno-extra-padding\u00a0\u00bb column_padding_tablet=\u00a0\u00bbinherit\u00a0\u00bb column_padding_phone=\u00a0\u00bbinherit\u00a0\u00bb column_padding_position=\u00a0\u00bball\u00a0\u00bb column_element_direction_desktop=\u00a0\u00bbdefault\u00a0\u00bb column_element_spacing=\u00a0\u00bbdefault\u00a0\u00bb desktop_text_alignment=\u00a0\u00bbdefault\u00a0\u00bb tablet_text_alignment=\u00a0\u00bbdefault\u00a0\u00bb...","og_url":"https:\/\/leccohostel.com\/fr\/reglement\/","og_site_name":"Lecco Hostel &amp; Rooms","article_publisher":"https:\/\/www.facebook.com\/leccohostel\/","article_modified_time":"2025-05-28T07:05:23+00:00","twitter_card":"summary_large_image","twitter_misc":{"Dur\u00e9e de lecture estim\u00e9e":"9 minutes"},"schema":{"@context":"https:\/\/schema.org","@graph":[{"@type":"WebPage","@id":"https:\/\/leccohostel.com\/fr\/reglement\/","url":"https:\/\/leccohostel.com\/fr\/reglement\/","name":"R\u00e8glement - Lecco Hostel &amp; Rooms","isPartOf":{"@id":"https:\/\/leccohostel.com\/fr\/#website"},"datePublished":"2025-04-23T16:26:46+00:00","dateModified":"2025-05-28T07:05:23+00:00","breadcrumb":{"@id":"https:\/\/leccohostel.com\/fr\/reglement\/#breadcrumb"},"inLanguage":"fr-FR","potentialAction":[{"@type":"ReadAction","target":["https:\/\/leccohostel.com\/fr\/reglement\/"]}]},{"@type":"BreadcrumbList","@id":"https:\/\/leccohostel.com\/fr\/reglement\/#breadcrumb","itemListElement":[{"@type":"ListItem","position":1,"name":"Home","item":"https:\/\/leccohostel.com\/fr\/"},{"@type":"ListItem","position":2,"name":"R\u00e8glement"}]},{"@type":"WebSite","@id":"https:\/\/leccohostel.com\/fr\/#website","url":"https:\/\/leccohostel.com\/fr\/","name":"Lecco Hostel & Rooms","description":"Ostello, Hotel &amp; Ristorante. Prenota ora!","publisher":{"@id":"https:\/\/leccohostel.com\/fr\/#organization"},"potentialAction":[{"@type":"SearchAction","target":{"@type":"EntryPoint","urlTemplate":"https:\/\/leccohostel.com\/fr\/?s={search_term_string}"},"query-input":{"@type":"PropertyValueSpecification","valueRequired":true,"valueName":"search_term_string"}}],"inLanguage":"fr-FR"},{"@type":"Organization","@id":"https:\/\/leccohostel.com\/fr\/#organization","name":"Lecco Hostel & Rooms","url":"https:\/\/leccohostel.com\/fr\/","logo":{"@type":"ImageObject","inLanguage":"fr-FR","@id":"https:\/\/leccohostel.com\/fr\/#\/schema\/logo\/image\/","url":"https:\/\/leccohostel.com\/wp-content\/uploads\/2025\/04\/cropped-favicon.png","contentUrl":"https:\/\/leccohostel.com\/wp-content\/uploads\/2025\/04\/cropped-favicon.png","width":512,"height":512,"caption":"Lecco Hostel & Rooms"},"image":{"@id":"https:\/\/leccohostel.com\/fr\/#\/schema\/logo\/image\/"},"sameAs":["https:\/\/www.facebook.com\/leccohostel\/","https:\/\/www.instagram.com\/leccohostel\/?__d=1"]}]}},"_links":{"self":[{"href":"https:\/\/leccohostel.com\/fr\/wp-json\/wp\/v2\/pages\/3573","targetHints":{"allow":["GET"]}}],"collection":[{"href":"https:\/\/leccohostel.com\/fr\/wp-json\/wp\/v2\/pages"}],"about":[{"href":"https:\/\/leccohostel.com\/fr\/wp-json\/wp\/v2\/types\/page"}],"author":[{"embeddable":true,"href":"https:\/\/leccohostel.com\/fr\/wp-json\/wp\/v2\/users\/1"}],"replies":[{"embeddable":true,"href":"https:\/\/leccohostel.com\/fr\/wp-json\/wp\/v2\/comments?post=3573"}],"version-history":[{"count":2,"href":"https:\/\/leccohostel.com\/fr\/wp-json\/wp\/v2\/pages\/3573\/revisions"}],"predecessor-version":[{"id":3575,"href":"https:\/\/leccohostel.com\/fr\/wp-json\/wp\/v2\/pages\/3573\/revisions\/3575"}],"wp:attachment":[{"href":"https:\/\/leccohostel.com\/fr\/wp-json\/wp\/v2\/media?parent=3573"}],"curies":[{"name":"wp","href":"https:\/\/api.w.org\/{rel}","templated":true}]}}