{"id":3634,"date":"2025-04-23T16:20:57","date_gmt":"2025-04-23T16:20:57","guid":{"rendered":"https:\/\/leccohostel.com\/politique-en-matiere-de-cookies\/"},"modified":"2025-05-28T07:17:42","modified_gmt":"2025-05-28T07:17:42","slug":"politique-en-matiere-de-cookies","status":"publish","type":"page","link":"https:\/\/leccohostel.com\/fr\/politique-en-matiere-de-cookies\/","title":{"rendered":"Politique en mati\u00e8re de cookies"},"content":{"rendered":"[vc_row type=\u00a0\u00bbin_container\u00a0\u00bb full_screen_row_position=\u00a0\u00bbmiddle\u00a0\u00bb column_margin=\u00a0\u00bbdefault\u00a0\u00bb column_direction=\u00a0\u00bbdefault\u00a0\u00bb column_direction_tablet=\u00a0\u00bbdefault\u00a0\u00bb column_direction_phone=\u00a0\u00bbdefault\u00a0\u00bb scene_position=\u00a0\u00bbcenter\u00a0\u00bb top_padding=\u00a0\u00bb4%\u00a0\u00bb constrain_group_1=\u00a0\u00bbyes\u00a0\u00bb bottom_padding=\u00a0\u00bb4%\u00a0\u00bb text_color=\u00a0\u00bbdark\u00a0\u00bb text_align=\u00a0\u00bbleft\u00a0\u00bb row_border_radius=\u00a0\u00bbnone\u00a0\u00bb row_border_radius_applies=\u00a0\u00bbbg\u00a0\u00bb overflow=\u00a0\u00bbvisible\u00a0\u00bb overlay_strength=\u00a0\u00bb0.3&Prime; gradient_direction=\u00a0\u00bbleft_to_right\u00a0\u00bb shape_divider_position=\u00a0\u00bbbottom\u00a0\u00bb bg_image_animation=\u00a0\u00bbnone\u00a0\u00bb gradient_type=\u00a0\u00bbdefault\u00a0\u00bb shape_type=\u00a0\u00bb\u00a0\u00bb][vc_column column_padding=\u00a0\u00bbno-extra-padding\u00a0\u00bb column_padding_tablet=\u00a0\u00bbinherit\u00a0\u00bb column_padding_phone=\u00a0\u00bbinherit\u00a0\u00bb column_padding_position=\u00a0\u00bball\u00a0\u00bb column_element_direction_desktop=\u00a0\u00bbdefault\u00a0\u00bb column_element_spacing=\u00a0\u00bbdefault\u00a0\u00bb desktop_text_alignment=\u00a0\u00bbdefault\u00a0\u00bb tablet_text_alignment=\u00a0\u00bbdefault\u00a0\u00bb phone_text_alignment=\u00a0\u00bbdefault\u00a0\u00bb background_color_opacity=\u00a0\u00bb1&Prime; background_hover_color_opacity=\u00a0\u00bb1&Prime; column_backdrop_filter=\u00a0\u00bbnone\u00a0\u00bb column_shadow=\u00a0\u00bbnone\u00a0\u00bb column_border_radius=\u00a0\u00bbnone\u00a0\u00bb column_link_target=\u00a0\u00bb_self\u00a0\u00bb column_position=\u00a0\u00bbdefault\u00a0\u00bb gradient_direction=\u00a0\u00bbleft_to_right\u00a0\u00bb overlay_strength=\u00a0\u00bb0.3&Prime; width=\u00a0\u00bb1\/1&Prime; tablet_width_inherit=\u00a0\u00bbdefault\u00a0\u00bb animation_type=\u00a0\u00bbdefault\u00a0\u00bb bg_image_animation=\u00a0\u00bbnone\u00a0\u00bb border_type=\u00a0\u00bbsimple\u00a0\u00bb column_border_width=\u00a0\u00bbnone\u00a0\u00bb column_border_style=\u00a0\u00bbsolid\u00a0\u00bb][split_line_heading animation_type=\u00a0\u00bbline-reveal-by-space\u00a0\u00bb font_style=\u00a0\u00bbh1&Prime; text_color=\u00a0\u00bb#000000&Prime; line_reveal_by_space_text_effect=\u00a0\u00bbdefault\u00a0\u00bb stagger_animation=\u00a0\u00bbtrue\u00a0\u00bb mobile_disable_animation=\u00a0\u00bbtrue\u00a0\u00bb content_alignment=\u00a0\u00bbdefault\u00a0\u00bb mobile_content_alignment=\u00a0\u00bbinherit\u00a0\u00bb link_target=\u00a0\u00bb_self\u00a0\u00bb text_content=\u00a0\u00bbPolitique en mati\u00e8re de cookies\u00a0\u00bb font_line_height=\u00a0\u00bb1.3&Prime; text_direction=\u00a0\u00bbdefault\u00a0\u00bb][\/split_line_heading][nectar_responsive_text inherited_font_style=\u00a0\u00bbdefault\u00a0\u00bb text_color=\u00a0\u00bb#000000&Prime; text_direction=\u00a0\u00bbdefault\u00a0\u00bb]\n<h5>Utilisation de cookies<\/h5>\n<p>Le \u00ab Site \u00bb (leccohostel.com) utilise des cookies pour rendre ses services simples et efficaces pour les utilisateurs qui consultent les pages du site. Les cookies sont de petits fichiers texte enregistr\u00e9s sur les appareils utilis\u00e9s. Nos cookies nous permettent de :  <\/p>\n<ul>\n<li>M\u00e9morisation des pr\u00e9f\u00e9rences saisies<\/li>\n<li>\u00c9vitez de saisir plusieurs fois des informations (par exemple, nom d&rsquo;utilisateur\/mot de passe).<\/li>\n<li>Analyser l&rsquo;utilisation du site pour optimiser le contenu et les services<\/li>\n<\/ul>\n<p>&nbsp;<\/p>\n<h3>Types de cookies<\/h3>\n<h5>Cookies techniques<\/h5>\n<p>Ils permettent \u00e0 certaines sections du site de fonctionner correctement. Ils sont divis\u00e9s en : <\/p>\n<ul>\n<li><strong>Persistantes<\/strong>: elles restent pr\u00e9sentes m\u00eame apr\u00e8s la fermeture du navigateur.<\/li>\n<li><strong>Session<\/strong>: elles sont supprim\u00e9es lorsque le navigateur est ferm\u00e9.<\/li>\n<\/ul>\n<p>Ces cookies sont toujours actifs, sauf s&rsquo;ils sont modifi\u00e9s manuellement dans le navigateur.<\/p>\n<h5>Cookies analytiques<\/h5>\n<p>Ils recueillent des donn\u00e9es anonymes sur l&rsquo;utilisation du site afin d&rsquo;en am\u00e9liorer le contenu et les services. Ils peuvent \u00eatre envoy\u00e9s par le site ou par des tiers. <\/p>\n<h5>Cookies d&rsquo;analyse provenant de services tiers<\/h5>\n<p>Ils collectent des donn\u00e9es anonymes sur l&rsquo;utilisation du site (pages visit\u00e9es, dur\u00e9e, origine, donn\u00e9es d\u00e9mographiques) \u00e0 des fins statistiques et de marketing. Envoy\u00e9s par des domaines tiers. <\/p>\n<h5>Cookies pour l&rsquo;int\u00e9gration de produits et de fonctions de tiers<\/h5>\n<p>Activer des fonctions externes telles que les cartes, les m\u00e9dias sociaux, le partage de contenu. Envoy\u00e9s par des domaines tiers. <\/p>\n<h5>Cookies de profilage (\u00e0 v\u00e9rifier)<\/h5>\n<p>Utilis\u00e9s pour cr\u00e9er des profils d&rsquo;utilisateurs et afficher des publicit\u00e9s personnalis\u00e9es. Leccohostel.com <strong>n&rsquo;<\/strong> utilise pas de cookies de profilage, sauf en cas de mise \u00e0 jour. <\/p>\n<h5>Consentement et gestion des cookies<\/h5>\n<p>Le consentement n&rsquo;est pas requis pour les cookies techniques et analytiques. Pour les autres types de cookies, le consentement peut \u00eatre exprim\u00e9 via : <\/p>\n<ul>\n<li>Param\u00e8tres du navigateur<\/li>\n<li>Modifications des services de tiers<\/li>\n<\/ul>\n<p>Ces changements peuvent limiter certaines fonctionnalit\u00e9s du site.<\/p>\n<h5>Sites web et services de tiers<\/h5>\n<p>Le site peut contenir des liens vers d&rsquo;autres sites ayant des politiques de confidentialit\u00e9 diff\u00e9rentes, pour lesquelles aucune responsabilit\u00e9 n&rsquo;est accept\u00e9e.<\/p>\n<h5>Liste des cookies<\/h5>\n<h6>L&rsquo;essentiel<\/h6>\n<table>\n<thead>\n<tr>\n<th>Nom du cookie<\/th>\n<th>Fournisseur<\/th>\n<th>Objectif<\/th>\n<th>Date d&rsquo;expiration<\/th>\n<\/tr>\n<\/thead>\n<tbody>\n<tr>\n<td>borlabs-cookie<\/td>\n<td>Propri\u00e9taire du site<\/td>\n<td>Sauvegarder les pr\u00e9f\u00e9rences de la Cookie Box<\/td>\n<td>1 an<\/td>\n<\/tr>\n<tr>\n<td>wp-settings<\/td>\n<td>WordPress.org<\/td>\n<td>V\u00e9rification des statistiques et de l&rsquo;identit\u00e9 des visiteurs<\/td>\n<td>1 an<\/td>\n<\/tr>\n<\/tbody>\n<\/table>\n<h6>Statistiques<\/h6>\n<table>\n<thead>\n<tr>\n<th>Nom du cookie<\/th>\n<th>Fournisseur<\/th>\n<th>Objectif<\/th>\n<th>Date d&rsquo;expiration<\/th>\n<\/tr>\n<\/thead>\n<tbody>\n<tr>\n<td>_ga, _gat, _gid<\/td>\n<td>Google Analytics<\/td>\n<td>Analyse du site<\/td>\n<td>2 mois<\/td>\n<\/tr>\n<\/tbody>\n<\/table>\n<h6>Marketing \/ Tiers<\/h6>\n<table>\n<thead>\n<tr>\n<th>Nom du service<\/th>\n<th>Prestataire<\/th>\n<th>Objet du service<\/th>\n<th>Date d&rsquo;expiration<\/th>\n<\/tr>\n<\/thead>\n<tbody>\n<tr>\n<td>Google Maps<\/td>\n<td>Google Ireland Ltd.<\/td>\n<td>D\u00e9bloquez le contenu de Google Maps<\/td>\n<td>6 mois<\/td>\n<\/tr>\n<tr>\n<td>OpenStreetMap<\/td>\n<td>Fondation OpenStreetMap<\/td>\n<td>D\u00e9bloquer le contenu des cartes<\/td>\n<td>1-10 ans<\/td>\n<\/tr>\n<\/tbody>\n<\/table>\n<h5>Comment d\u00e9sactiver les cookies dans le navigateur<\/h5>\n<p>Vous pouvez modifier vos pr\u00e9f\u00e9rences \u00e0 tout moment en cliquant sur le lien \u00ab Modifier les pr\u00e9f\u00e9rences en mati\u00e8re de cookies \u00bb.<\/p>\n<p>Liens utiles pour d\u00e9sactiver les cookies dans les principaux navigateurs :<\/p>\n<ul>\n<li><a href=\"https:\/\/support.mozilla.org\/it\/kb\/Gestione%20dei%20cookie\/\">Mozilla Firefox<\/a><\/li>\n<li><a href=\"https:\/\/support.google.com\/chrome\/answer\/95647\/?hl=it\">Google Chrome<\/a><\/li>\n<li><a href=\"http:\/\/windows.microsoft.com\/it-it\/windows-vista\/block-or-allow-cookies\/\">Internet Explorer<\/a><\/li>\n<li><a href=\"https:\/\/support.apple.com\/kb\/PH17191\/?viewlocale=it_IT&amp;locale=it_IT\">Safari 6\/7 Mavericks<\/a><\/li>\n<li><a href=\"https:\/\/support.apple.com\/kb\/PH19214\/?viewlocale=it_IT&amp;locale=it_IT\">Safari 8 Yosemite<\/a><\/li>\n<li><a href=\"https:\/\/support.apple.com\/it-it\/HT201265\/\">Safari iOS<\/a><\/li>\n<\/ul>\n[\/nectar_responsive_text][\/vc_column][\/vc_row]\n","protected":false},"excerpt":{"rendered":"<p>[vc_row type=\u00a0\u00bbin_container\u00a0\u00bb full_screen_row_position=\u00a0\u00bbmiddle\u00a0\u00bb column_margin=\u00a0\u00bbdefault\u00a0\u00bb column_direction=\u00a0\u00bbdefault\u00a0\u00bb column_direction_tablet=\u00a0\u00bbdefault\u00a0\u00bb column_direction_phone=\u00a0\u00bbdefault\u00a0\u00bb scene_position=\u00a0\u00bbcenter\u00a0\u00bb top_padding=\u00a0\u00bb4%\u00a0\u00bb constrain_group_1=\u00a0\u00bbyes\u00a0\u00bb bottom_padding=\u00a0\u00bb4%\u00a0\u00bb text_color=\u00a0\u00bbdark\u00a0\u00bb text_align=\u00a0\u00bbleft\u00a0\u00bb row_border_radius=\u00a0\u00bbnone\u00a0\u00bb row_border_radius_applies=\u00a0\u00bbbg\u00a0\u00bb overflow=\u00a0\u00bbvisible\u00a0\u00bb overlay_strength=\u00a0\u00bb0.3&Prime; gradient_direction=\u00a0\u00bbleft_to_right\u00a0\u00bb shape_divider_position=\u00a0\u00bbbottom\u00a0\u00bb bg_image_animation=\u00a0\u00bbnone\u00a0\u00bb gradient_type=\u00a0\u00bbdefault\u00a0\u00bb shape_type=\u00a0\u00bb\u00a0\u00bb][vc_column column_padding=\u00a0\u00bbno-extra-padding\u00a0\u00bb column_padding_tablet=\u00a0\u00bbinherit\u00a0\u00bb column_padding_phone=\u00a0\u00bbinherit\u00a0\u00bb column_padding_position=\u00a0\u00bball\u00a0\u00bb column_element_direction_desktop=\u00a0\u00bbdefault\u00a0\u00bb column_element_spacing=\u00a0\u00bbdefault\u00a0\u00bb desktop_text_alignment=\u00a0\u00bbdefault\u00a0\u00bb tablet_text_alignment=\u00a0\u00bbdefault\u00a0\u00bb&#8230;<\/p>\n","protected":false},"author":1,"featured_media":0,"parent":0,"menu_order":0,"comment_status":"closed","ping_status":"closed","template":"","meta":{"footnotes":""},"class_list":["post-3634","page","type-page","status-publish"],"yoast_head":"<!-- This site is optimized with the Yoast SEO plugin v25.3 - https:\/\/yoast.com\/wordpress\/plugins\/seo\/ -->\n<title>Politique en mati\u00e8re de cookies - Lecco Hostel &amp; Rooms<\/title>\n<meta name=\"robots\" content=\"index, follow, max-snippet:-1, max-image-preview:large, max-video-preview:-1\" \/>\n<link rel=\"canonical\" href=\"https:\/\/leccohostel.com\/fr\/politique-en-matiere-de-cookies\/\" \/>\n<meta property=\"og:locale\" content=\"fr_FR\" \/>\n<meta property=\"og:type\" content=\"article\" \/>\n<meta property=\"og:title\" content=\"Politique en mati\u00e8re de cookies - Lecco Hostel &amp; Rooms\" \/>\n<meta property=\"og:description\" content=\"[vc_row type=\u00a0\u00bbin_container\u00a0\u00bb full_screen_row_position=\u00a0\u00bbmiddle\u00a0\u00bb column_margin=\u00a0\u00bbdefault\u00a0\u00bb column_direction=\u00a0\u00bbdefault\u00a0\u00bb column_direction_tablet=\u00a0\u00bbdefault\u00a0\u00bb column_direction_phone=\u00a0\u00bbdefault\u00a0\u00bb scene_position=\u00a0\u00bbcenter\u00a0\u00bb top_padding=\u00a0\u00bb4%\u00a0\u00bb constrain_group_1=\u00a0\u00bbyes\u00a0\u00bb bottom_padding=\u00a0\u00bb4%\u00a0\u00bb text_color=\u00a0\u00bbdark\u00a0\u00bb text_align=\u00a0\u00bbleft\u00a0\u00bb row_border_radius=\u00a0\u00bbnone\u00a0\u00bb row_border_radius_applies=\u00a0\u00bbbg\u00a0\u00bb overflow=\u00a0\u00bbvisible\u00a0\u00bb overlay_strength=\u00a0\u00bb0.3&Prime; gradient_direction=\u00a0\u00bbleft_to_right\u00a0\u00bb shape_divider_position=\u00a0\u00bbbottom\u00a0\u00bb bg_image_animation=\u00a0\u00bbnone\u00a0\u00bb gradient_type=\u00a0\u00bbdefault\u00a0\u00bb shape_type=\u00a0\u00bb\u00a0\u00bb][vc_column column_padding=\u00a0\u00bbno-extra-padding\u00a0\u00bb column_padding_tablet=\u00a0\u00bbinherit\u00a0\u00bb column_padding_phone=\u00a0\u00bbinherit\u00a0\u00bb column_padding_position=\u00a0\u00bball\u00a0\u00bb column_element_direction_desktop=\u00a0\u00bbdefault\u00a0\u00bb column_element_spacing=\u00a0\u00bbdefault\u00a0\u00bb desktop_text_alignment=\u00a0\u00bbdefault\u00a0\u00bb tablet_text_alignment=\u00a0\u00bbdefault\u00a0\u00bb...\" \/>\n<meta property=\"og:url\" content=\"https:\/\/leccohostel.com\/fr\/politique-en-matiere-de-cookies\/\" \/>\n<meta property=\"og:site_name\" content=\"Lecco Hostel &amp; Rooms\" \/>\n<meta property=\"article:publisher\" content=\"https:\/\/www.facebook.com\/leccohostel\/\" \/>\n<meta property=\"article:modified_time\" content=\"2025-05-28T07:17:42+00:00\" \/>\n<meta name=\"twitter:card\" content=\"summary_large_image\" \/>\n<meta name=\"twitter:label1\" content=\"Dur\u00e9e de lecture estim\u00e9e\" \/>\n\t<meta name=\"twitter:data1\" content=\"4 minutes\" \/>\n<script type=\"application\/ld+json\" class=\"yoast-schema-graph\">{\"@context\":\"https:\/\/schema.org\",\"@graph\":[{\"@type\":\"WebPage\",\"@id\":\"https:\/\/leccohostel.com\/fr\/politique-en-matiere-de-cookies\/\",\"url\":\"https:\/\/leccohostel.com\/fr\/politique-en-matiere-de-cookies\/\",\"name\":\"Politique en mati\u00e8re de cookies - Lecco Hostel &amp; Rooms\",\"isPartOf\":{\"@id\":\"https:\/\/leccohostel.com\/fr\/#website\"},\"datePublished\":\"2025-04-23T16:20:57+00:00\",\"dateModified\":\"2025-05-28T07:17:42+00:00\",\"breadcrumb\":{\"@id\":\"https:\/\/leccohostel.com\/fr\/politique-en-matiere-de-cookies\/#breadcrumb\"},\"inLanguage\":\"fr-FR\",\"potentialAction\":[{\"@type\":\"ReadAction\",\"target\":[\"https:\/\/leccohostel.com\/fr\/politique-en-matiere-de-cookies\/\"]}]},{\"@type\":\"BreadcrumbList\",\"@id\":\"https:\/\/leccohostel.com\/fr\/politique-en-matiere-de-cookies\/#breadcrumb\",\"itemListElement\":[{\"@type\":\"ListItem\",\"position\":1,\"name\":\"Home\",\"item\":\"https:\/\/leccohostel.com\/fr\/\"},{\"@type\":\"ListItem\",\"position\":2,\"name\":\"Politique en mati\u00e8re de cookies\"}]},{\"@type\":\"WebSite\",\"@id\":\"https:\/\/leccohostel.com\/fr\/#website\",\"url\":\"https:\/\/leccohostel.com\/fr\/\",\"name\":\"Lecco Hostel & Rooms\",\"description\":\"Ostello, Hotel &amp; Ristorante. Prenota ora!\",\"publisher\":{\"@id\":\"https:\/\/leccohostel.com\/fr\/#organization\"},\"potentialAction\":[{\"@type\":\"SearchAction\",\"target\":{\"@type\":\"EntryPoint\",\"urlTemplate\":\"https:\/\/leccohostel.com\/fr\/?s={search_term_string}\"},\"query-input\":{\"@type\":\"PropertyValueSpecification\",\"valueRequired\":true,\"valueName\":\"search_term_string\"}}],\"inLanguage\":\"fr-FR\"},{\"@type\":\"Organization\",\"@id\":\"https:\/\/leccohostel.com\/fr\/#organization\",\"name\":\"Lecco Hostel & Rooms\",\"url\":\"https:\/\/leccohostel.com\/fr\/\",\"logo\":{\"@type\":\"ImageObject\",\"inLanguage\":\"fr-FR\",\"@id\":\"https:\/\/leccohostel.com\/fr\/#\/schema\/logo\/image\/\",\"url\":\"https:\/\/leccohostel.com\/wp-content\/uploads\/2025\/04\/cropped-favicon.png\",\"contentUrl\":\"https:\/\/leccohostel.com\/wp-content\/uploads\/2025\/04\/cropped-favicon.png\",\"width\":512,\"height\":512,\"caption\":\"Lecco Hostel & Rooms\"},\"image\":{\"@id\":\"https:\/\/leccohostel.com\/fr\/#\/schema\/logo\/image\/\"},\"sameAs\":[\"https:\/\/www.facebook.com\/leccohostel\/\",\"https:\/\/www.instagram.com\/leccohostel\/?__d=1\"]}]}<\/script>\n<!-- \/ Yoast SEO plugin. -->","yoast_head_json":{"title":"Politique en mati\u00e8re de cookies - Lecco Hostel &amp; Rooms","robots":{"index":"index","follow":"follow","max-snippet":"max-snippet:-1","max-image-preview":"max-image-preview:large","max-video-preview":"max-video-preview:-1"},"canonical":"https:\/\/leccohostel.com\/fr\/politique-en-matiere-de-cookies\/","og_locale":"fr_FR","og_type":"article","og_title":"Politique en mati\u00e8re de cookies - Lecco Hostel &amp; Rooms","og_description":"[vc_row type=\u00a0\u00bbin_container\u00a0\u00bb full_screen_row_position=\u00a0\u00bbmiddle\u00a0\u00bb column_margin=\u00a0\u00bbdefault\u00a0\u00bb column_direction=\u00a0\u00bbdefault\u00a0\u00bb column_direction_tablet=\u00a0\u00bbdefault\u00a0\u00bb column_direction_phone=\u00a0\u00bbdefault\u00a0\u00bb scene_position=\u00a0\u00bbcenter\u00a0\u00bb top_padding=\u00a0\u00bb4%\u00a0\u00bb constrain_group_1=\u00a0\u00bbyes\u00a0\u00bb bottom_padding=\u00a0\u00bb4%\u00a0\u00bb text_color=\u00a0\u00bbdark\u00a0\u00bb text_align=\u00a0\u00bbleft\u00a0\u00bb row_border_radius=\u00a0\u00bbnone\u00a0\u00bb row_border_radius_applies=\u00a0\u00bbbg\u00a0\u00bb overflow=\u00a0\u00bbvisible\u00a0\u00bb overlay_strength=\u00a0\u00bb0.3&Prime; gradient_direction=\u00a0\u00bbleft_to_right\u00a0\u00bb shape_divider_position=\u00a0\u00bbbottom\u00a0\u00bb bg_image_animation=\u00a0\u00bbnone\u00a0\u00bb gradient_type=\u00a0\u00bbdefault\u00a0\u00bb shape_type=\u00a0\u00bb\u00a0\u00bb][vc_column column_padding=\u00a0\u00bbno-extra-padding\u00a0\u00bb column_padding_tablet=\u00a0\u00bbinherit\u00a0\u00bb column_padding_phone=\u00a0\u00bbinherit\u00a0\u00bb column_padding_position=\u00a0\u00bball\u00a0\u00bb column_element_direction_desktop=\u00a0\u00bbdefault\u00a0\u00bb column_element_spacing=\u00a0\u00bbdefault\u00a0\u00bb desktop_text_alignment=\u00a0\u00bbdefault\u00a0\u00bb tablet_text_alignment=\u00a0\u00bbdefault\u00a0\u00bb...","og_url":"https:\/\/leccohostel.com\/fr\/politique-en-matiere-de-cookies\/","og_site_name":"Lecco Hostel &amp; Rooms","article_publisher":"https:\/\/www.facebook.com\/leccohostel\/","article_modified_time":"2025-05-28T07:17:42+00:00","twitter_card":"summary_large_image","twitter_misc":{"Dur\u00e9e de lecture estim\u00e9e":"4 minutes"},"schema":{"@context":"https:\/\/schema.org","@graph":[{"@type":"WebPage","@id":"https:\/\/leccohostel.com\/fr\/politique-en-matiere-de-cookies\/","url":"https:\/\/leccohostel.com\/fr\/politique-en-matiere-de-cookies\/","name":"Politique en mati\u00e8re de cookies - Lecco Hostel &amp; Rooms","isPartOf":{"@id":"https:\/\/leccohostel.com\/fr\/#website"},"datePublished":"2025-04-23T16:20:57+00:00","dateModified":"2025-05-28T07:17:42+00:00","breadcrumb":{"@id":"https:\/\/leccohostel.com\/fr\/politique-en-matiere-de-cookies\/#breadcrumb"},"inLanguage":"fr-FR","potentialAction":[{"@type":"ReadAction","target":["https:\/\/leccohostel.com\/fr\/politique-en-matiere-de-cookies\/"]}]},{"@type":"BreadcrumbList","@id":"https:\/\/leccohostel.com\/fr\/politique-en-matiere-de-cookies\/#breadcrumb","itemListElement":[{"@type":"ListItem","position":1,"name":"Home","item":"https:\/\/leccohostel.com\/fr\/"},{"@type":"ListItem","position":2,"name":"Politique en mati\u00e8re de cookies"}]},{"@type":"WebSite","@id":"https:\/\/leccohostel.com\/fr\/#website","url":"https:\/\/leccohostel.com\/fr\/","name":"Lecco Hostel & Rooms","description":"Ostello, Hotel &amp; Ristorante. Prenota ora!","publisher":{"@id":"https:\/\/leccohostel.com\/fr\/#organization"},"potentialAction":[{"@type":"SearchAction","target":{"@type":"EntryPoint","urlTemplate":"https:\/\/leccohostel.com\/fr\/?s={search_term_string}"},"query-input":{"@type":"PropertyValueSpecification","valueRequired":true,"valueName":"search_term_string"}}],"inLanguage":"fr-FR"},{"@type":"Organization","@id":"https:\/\/leccohostel.com\/fr\/#organization","name":"Lecco Hostel & Rooms","url":"https:\/\/leccohostel.com\/fr\/","logo":{"@type":"ImageObject","inLanguage":"fr-FR","@id":"https:\/\/leccohostel.com\/fr\/#\/schema\/logo\/image\/","url":"https:\/\/leccohostel.com\/wp-content\/uploads\/2025\/04\/cropped-favicon.png","contentUrl":"https:\/\/leccohostel.com\/wp-content\/uploads\/2025\/04\/cropped-favicon.png","width":512,"height":512,"caption":"Lecco Hostel & Rooms"},"image":{"@id":"https:\/\/leccohostel.com\/fr\/#\/schema\/logo\/image\/"},"sameAs":["https:\/\/www.facebook.com\/leccohostel\/","https:\/\/www.instagram.com\/leccohostel\/?__d=1"]}]}},"_links":{"self":[{"href":"https:\/\/leccohostel.com\/fr\/wp-json\/wp\/v2\/pages\/3634","targetHints":{"allow":["GET"]}}],"collection":[{"href":"https:\/\/leccohostel.com\/fr\/wp-json\/wp\/v2\/pages"}],"about":[{"href":"https:\/\/leccohostel.com\/fr\/wp-json\/wp\/v2\/types\/page"}],"author":[{"embeddable":true,"href":"https:\/\/leccohostel.com\/fr\/wp-json\/wp\/v2\/users\/1"}],"replies":[{"embeddable":true,"href":"https:\/\/leccohostel.com\/fr\/wp-json\/wp\/v2\/comments?post=3634"}],"version-history":[{"count":2,"href":"https:\/\/leccohostel.com\/fr\/wp-json\/wp\/v2\/pages\/3634\/revisions"}],"predecessor-version":[{"id":3638,"href":"https:\/\/leccohostel.com\/fr\/wp-json\/wp\/v2\/pages\/3634\/revisions\/3638"}],"wp:attachment":[{"href":"https:\/\/leccohostel.com\/fr\/wp-json\/wp\/v2\/media?parent=3634"}],"curies":[{"name":"wp","href":"https:\/\/api.w.org\/{rel}","templated":true}]}}